{"id":39,"date":"2022-08-11T14:21:05","date_gmt":"2022-08-11T12:21:05","guid":{"rendered":"https:\/\/opengoal.ch\/?page_id=39"},"modified":"2023-02-15T12:04:54","modified_gmt":"2023-02-15T11:04:54","slug":"glossary","status":"publish","type":"page","link":"https:\/\/opengoal.ch\/it\/information\/glossary\/","title":{"rendered":"Glossario"},"content":{"rendered":"\n<div id=\"hg-uid\" class=\"wp-block-htgb-block-glossary hg-glossary\"><div class=\"hg-glossary__header\"><div class=\"hg-search\"><input data-role=\"hg-search-input\" placeholder=\"Search the Glossary...\"\/><\/div><div class=\"hg-nav\"><a class=\"htgb_active_nav\" data-role=\"hg-nav-selectable\" href=\"#all\" data-name=\"all\">All<\/a><a href=\"#A\" data-name=\"A\" data-role=\"hg-nav-selectable\" class=\"\">A<\/a><a href=\"#O\" data-name=\"O\" data-role=\"hg-nav-selectable\" class=\"\">O<\/a><a href=\"#P\" data-name=\"P\" data-role=\"hg-nav-selectable\" class=\"\">P<\/a><\/div><\/div><div class=\"hg-content\"><div class=\"hg-letter-section\" data-role=\"hg-section\"><span class=\"hg-content__letter\" data-role=\"hg-section-letter\">A<\/span><dl class=\"hg-item\" data-role=\"hg-item\"><dt class=\"hg-item-title\" data-role=\"hg-item-title\">Archivio istituzionale<\/dt><dd class=\"hg-item-description\" data-role=\"hg-item-description\">Archivio online gestito da un\u2019organizzazione non commerciale (per esempio un\u2019istituzione accademica); i social network come Researchgate non sono inclusi.<\/dd><\/dl><dl class=\"hg-item\" data-role=\"hg-item\"><dt class=\"hg-item-title\" data-role=\"hg-item-title\">Archivio, disciplinare<\/dt><dd class=\"hg-item-description\" data-role=\"hg-item-description\">Archivio online gestito da un\u2019organizzazione non commerciale (per esempio un\u2019istituzione accademica); i social network come Researchgate non sono inclusi<\/dd><\/dl><dl class=\"hg-item\" data-role=\"hg-item\"><dt class=\"hg-item-title\" data-role=\"hg-item-title\">Author Accepted Manuscript (AAM)<\/dt><dd class=\"hg-item-description\" data-role=\"hg-item-description\">Vedi Post-print<\/dd><\/dl><\/div><div class=\"hg-letter-section\" data-role=\"hg-section\"><span class=\"hg-content__letter\" data-role=\"hg-section-letter\">O<\/span><dl class=\"hg-item\" data-role=\"hg-item\"><dt class=\"hg-item-title\" data-role=\"hg-item-title\">Open Access (Accesso aperto)<\/dt><dd class=\"hg-item-description\" data-role=\"hg-item-description\">L&#8217;accesso aperto \u00e8 un modello di pubblicazione il cui scopo \u00e8 garantire un accesso online gratuito, legale e stabile alle informazioni accademiche. Esistono diversi modelli o &#8220;strade&#8221; per l&#8217;accesso aperto. Per maggiori informazioni su di essi, consultare la sezione &#8220;Ulteriori informazioni&#8221;.<\/dd><\/dl><dl class=\"hg-item\" data-role=\"hg-item\"><dt class=\"hg-item-title\" data-role=\"hg-item-title\">Open Access Policy (politica di accesso aperto)<\/dt><dd class=\"hg-item-description\" data-role=\"hg-item-description\">Una politica di accesso aperto \u00e8 un documento che indica il tipo o i tipi di accesso aperto che un editore offre agli autori e ne spiega le conseguenze.<\/dd><\/dl><\/div><div class=\"hg-letter-section\" data-role=\"hg-section\"><span class=\"hg-content__letter\" data-role=\"hg-section-letter\">P<\/span><dl class=\"hg-item\" data-role=\"hg-item\"><dt class=\"hg-item-title\" data-role=\"hg-item-title\">Post-print<\/dt><dd class=\"hg-item-description\" data-role=\"hg-item-description\">Il post-print \u00e8 la versione finale di un manoscritto una volta terminato il processo formale di peer-review e prima che l&#8217;editore lo abbia dattilografato. Il post-print \u00e8 noto anche come manoscritto accettato dall&#8217;autore (AAM) o versione accettata.<\/dd><\/dl><dl class=\"hg-item\" data-role=\"hg-item\"><dt class=\"hg-item-title\" data-role=\"hg-item-title\">Preprint<\/dt><dd class=\"hg-item-description\" data-role=\"hg-item-description\">Un preprint \u00e8 il manoscritto inviato dall&#8217;autore o dagli autori a una rivista. \u00c8 la versione del testo prima della revisione paritaria. \u00c8 noto anche come versione presentata, manoscritto originale o manoscritto dell&#8217;autore.<\/dd><\/dl><dl class=\"hg-item\" data-role=\"hg-item\"><dt class=\"hg-item-title\" data-role=\"hg-item-title\">Pubblicazione secondaria<\/dt><dd class=\"hg-item-description\" data-role=\"hg-item-description\">Significa che il lavoro \u00e8 stato pubblicato prima dall\u2019editore<\/dd><\/dl><\/div><\/div><\/div>\n","protected":false},"excerpt":{"rendered":"","protected":false},"author":1,"featured_media":0,"parent":34,"menu_order":20,"comment_status":"closed","ping_status":"closed","template":"","meta":{"footnotes":""},"class_list":["post-39","page","type-page","status-publish","hentry"],"translation":{"provider":"WPGlobus","version":"3.0.2","language":"it","enabled_languages":["gb","de","fr","it"],"languages":{"gb":{"title":true,"content":true,"excerpt":false},"de":{"title":true,"content":true,"excerpt":false},"fr":{"title":true,"content":true,"excerpt":false},"it":{"title":true,"content":true,"excerpt":false}}},"acf":[],"yoast_head":"<!-- This site is optimized with the Yoast SEO plugin v27.5 - https:\/\/yoast.com\/product\/yoast-seo-wordpress\/ -->\n<title>Glossario - GOAL<\/title>\n<meta name=\"robots\" content=\"index, follow, max-snippet:-1, max-image-preview:large, max-video-preview:-1\" \/>\n<link rel=\"canonical\" href=\"https:\/\/opengoal.ch\/information\/glossary\/\" \/>\n<meta property=\"og:locale\" content=\"it_IT\" \/>\n<meta property=\"og:type\" content=\"article\" \/>\n<meta property=\"og:title\" content=\"Glossario - GOAL\" \/>\n<meta property=\"og:url\" content=\"https:\/\/opengoal.ch\/information\/glossary\/\" \/>\n<meta property=\"og:site_name\" content=\"GOAL\" \/>\n<meta property=\"article:modified_time\" content=\"2023-02-15T11:04:54+00:00\" \/>\n<meta name=\"twitter:card\" content=\"summary_large_image\" \/>\n<meta name=\"twitter:label1\" content=\"Tempo di lettura stimato\" \/>\n\t<meta name=\"twitter:data1\" content=\"1 minuto\" \/>\n<script type=\"application\/ld+json\" class=\"yoast-schema-graph\">{\"@context\":\"https:\\\/\\\/schema.org\",\"@graph\":[{\"@type\":\"WebPage\",\"@id\":\"https:\\\/\\\/opengoal.ch\\\/information\\\/glossary\\\/\",\"url\":\"https:\\\/\\\/opengoal.ch\\\/information\\\/glossary\\\/\",\"name\":\"Glossario - GOAL\",\"isPartOf\":{\"@id\":\"https:\\\/\\\/opengoal.ch\\\/#website\"},\"datePublished\":\"2022-08-11T12:21:05+00:00\",\"dateModified\":\"2023-02-15T11:04:54+00:00\",\"breadcrumb\":{\"@id\":\"https:\\\/\\\/opengoal.ch\\\/information\\\/glossary\\\/#breadcrumb\"},\"inLanguage\":\"it-IT\",\"potentialAction\":[{\"@type\":\"ReadAction\",\"target\":[\"https:\\\/\\\/opengoal.ch\\\/information\\\/glossary\\\/\"]}]},{\"@type\":\"BreadcrumbList\",\"@id\":\"https:\\\/\\\/opengoal.ch\\\/information\\\/glossary\\\/#breadcrumb\",\"itemListElement\":[{\"@type\":\"ListItem\",\"position\":1,\"name\":\"Home\",\"item\":\"https:\\\/\\\/opengoal.ch\\\/\"},{\"@type\":\"ListItem\",\"position\":2,\"name\":\"Information\",\"item\":\"https:\\\/\\\/opengoal.ch\\\/information\\\/\"},{\"@type\":\"ListItem\",\"position\":3,\"name\":\"Glossary\"}]},{\"@type\":\"WebSite\",\"@id\":\"https:\\\/\\\/opengoal.ch\\\/#website\",\"url\":\"https:\\\/\\\/opengoal.ch\\\/\",\"name\":\"GOAL\",\"description\":\"Unlocking the Green Open Access potentiaL in scholarly and professional journals in Switzerland\",\"potentialAction\":[{\"@type\":\"SearchAction\",\"target\":{\"@type\":\"EntryPoint\",\"urlTemplate\":\"https:\\\/\\\/opengoal.ch\\\/?s={search_term_string}\"},\"query-input\":{\"@type\":\"PropertyValueSpecification\",\"valueRequired\":true,\"valueName\":\"search_term_string\"}}],\"inLanguage\":\"it-IT\"}]}<\/script>\n<!-- \/ Yoast SEO plugin. -->","yoast_head_json":{"title":"Glossario - GOAL","robots":{"index":"index","follow":"follow","max-snippet":"max-snippet:-1","max-image-preview":"max-image-preview:large","max-video-preview":"max-video-preview:-1"},"canonical":"https:\/\/opengoal.ch\/information\/glossary\/","og_locale":"it_IT","og_type":"article","og_title":"Glossario - GOAL","og_url":"https:\/\/opengoal.ch\/information\/glossary\/","og_site_name":"GOAL","article_modified_time":"2023-02-15T11:04:54+00:00","twitter_card":"summary_large_image","twitter_misc":{"Tempo di lettura stimato":"1 minuto"},"schema":{"@context":"https:\/\/schema.org","@graph":[{"@type":"WebPage","@id":"https:\/\/opengoal.ch\/information\/glossary\/","url":"https:\/\/opengoal.ch\/information\/glossary\/","name":"Glossario - GOAL","isPartOf":{"@id":"https:\/\/opengoal.ch\/#website"},"datePublished":"2022-08-11T12:21:05+00:00","dateModified":"2023-02-15T11:04:54+00:00","breadcrumb":{"@id":"https:\/\/opengoal.ch\/information\/glossary\/#breadcrumb"},"inLanguage":"it-IT","potentialAction":[{"@type":"ReadAction","target":["https:\/\/opengoal.ch\/information\/glossary\/"]}]},{"@type":"BreadcrumbList","@id":"https:\/\/opengoal.ch\/information\/glossary\/#breadcrumb","itemListElement":[{"@type":"ListItem","position":1,"name":"Home","item":"https:\/\/opengoal.ch\/"},{"@type":"ListItem","position":2,"name":"Information","item":"https:\/\/opengoal.ch\/information\/"},{"@type":"ListItem","position":3,"name":"Glossary"}]},{"@type":"WebSite","@id":"https:\/\/opengoal.ch\/#website","url":"https:\/\/opengoal.ch\/","name":"GOAL","description":"Unlocking the Green Open Access potentiaL in scholarly and professional journals in Switzerland","potentialAction":[{"@type":"SearchAction","target":{"@type":"EntryPoint","urlTemplate":"https:\/\/opengoal.ch\/?s={search_term_string}"},"query-input":{"@type":"PropertyValueSpecification","valueRequired":true,"valueName":"search_term_string"}}],"inLanguage":"it-IT"}]}},"_links":{"self":[{"href":"https:\/\/opengoal.ch\/it\/wp-json\/wp\/v2\/pages\/39","targetHints":{"allow":["GET"]}}],"collection":[{"href":"https:\/\/opengoal.ch\/it\/wp-json\/wp\/v2\/pages"}],"about":[{"href":"https:\/\/opengoal.ch\/it\/wp-json\/wp\/v2\/types\/page"}],"author":[{"embeddable":true,"href":"https:\/\/opengoal.ch\/it\/wp-json\/wp\/v2\/users\/1"}],"replies":[{"embeddable":true,"href":"https:\/\/opengoal.ch\/it\/wp-json\/wp\/v2\/comments?post=39"}],"version-history":[{"count":28,"href":"https:\/\/opengoal.ch\/it\/wp-json\/wp\/v2\/pages\/39\/revisions"}],"predecessor-version":[{"id":1016,"href":"https:\/\/opengoal.ch\/it\/wp-json\/wp\/v2\/pages\/39\/revisions\/1016"}],"up":[{"embeddable":true,"href":"https:\/\/opengoal.ch\/it\/wp-json\/wp\/v2\/pages\/34"}],"wp:attachment":[{"href":"https:\/\/opengoal.ch\/it\/wp-json\/wp\/v2\/media?parent=39"}],"curies":[{"name":"wp","href":"https:\/\/api.w.org\/{rel}","templated":true}]}}