{"id":36,"date":"2022-08-11T14:20:12","date_gmt":"2022-08-11T12:20:12","guid":{"rendered":"https:\/\/opengoal.ch\/?page_id=36"},"modified":"2023-03-07T12:48:46","modified_gmt":"2023-03-07T11:48:46","slug":"links","status":"publish","type":"page","link":"https:\/\/opengoal.ch\/fr\/information\/links\/","title":{"rendered":"Liens utiles"},"content":{"rendered":"\n<hr class=\"wp-block-separator has-alpha-channel-opacity\"\/>\n\n\n\n<div class=\"wp-block-buttons is-content-justification-center is-layout-flex wp-container-core-buttons-is-layout-5590e8cb wp-block-buttons-is-layout-flex\">\n<div class=\"wp-block-button has-custom-font-size\" style=\"font-size:16px\"><a class=\"wp-block-button__link has-background wp-element-button\" href=\"#nos-institutions\" style=\"border-radius:5px;background-color:#42926a\">Institutions<\/a><\/div>\n\n\n\n<div class=\"wp-block-button has-custom-font-size\" style=\"font-size:16px\"><a class=\"wp-block-button__link has-background wp-element-button\" href=\"#strategies-nationales\" style=\"border-radius:5px;background-color:#42926a\">Strat\u00e9gies nationales<\/a><\/div>\n\n\n\n<div class=\"wp-block-button has-custom-font-size\" style=\"font-size:16px\"><a class=\"wp-block-button__link has-background wp-element-button\" href=\"#repertoires\" style=\"border-radius:5px;background-color:#42926a\">R\u00e9pertoires &amp; Bases de donn\u00e9es <\/a><\/div>\n\n\n\n<div class=\"wp-block-button has-custom-font-size\" style=\"font-size:16px\"><a class=\"wp-block-button__link has-background wp-element-button\" href=\"#autres-projets\" style=\"border-radius:5px;background-color:#42926a\">Autres projets &amp; initiatives<\/a><\/div>\n<\/div>\n\n\n\n<hr class=\"wp-block-separator has-alpha-channel-opacity\"\/>\n\n\n\n<h2 class=\"wp-block-heading\" id=\"nos-institutions\">Nos institutions, leurs politiques Open Access et leurs d\u00e9p\u00f4ts<\/h2>\n\n\n\n<div class=\"wp-block-columns is-layout-flex wp-container-core-columns-is-layout-9d6595d7 wp-block-columns-is-layout-flex\">\n<div class=\"wp-block-column is-layout-flow wp-block-column-is-layout-flow\">\n<div class=\"wp-block-columns is-layout-flex wp-container-core-columns-is-layout-9d6595d7 wp-block-columns-is-layout-flex\">\n<div class=\"wp-block-column is-layout-flow wp-block-column-is-layout-flow\">\n<figure class=\"wp-block-image size-full\"><img loading=\"lazy\" decoding=\"async\" width=\"217\" height=\"39\" src=\"https:\/\/opengoal.ch\/wp-content\/uploads\/hslu.png\" alt=\"\" class=\"wp-image-173\"\/><\/figure>\n<\/div>\n\n\n\n<div class=\"wp-block-column is-layout-flow wp-block-column-is-layout-flow\">\n<ul class=\"wp-block-list\">\n<li><a rel=\"noreferrer noopener\" href=\"https:\/\/www.hslu.ch\/de-ch\/hochschule-luzern\/forschung\/open-science\/open-access\/\" target=\"_blank\">Site internet Open Access HSLU<\/a><\/li>\n\n\n\n<li><a rel=\"noreferrer noopener\" href=\"https:\/\/zenodo.org\/communities\/lory_hslu\/?page=1&amp;size=20\" target=\"_blank\">D\u00e9p\u00f4t HSLU<\/a><\/li>\n<\/ul>\n<\/div>\n<\/div>\n<\/div>\n\n\n\n<div class=\"wp-block-column is-layout-flow wp-block-column-is-layout-flow\">\n<div class=\"wp-block-columns is-layout-flex wp-container-core-columns-is-layout-9d6595d7 wp-block-columns-is-layout-flex\">\n<div class=\"wp-block-column is-layout-flow wp-block-column-is-layout-flow\">\n<figure class=\"wp-block-image size-full\"><img loading=\"lazy\" decoding=\"async\" width=\"223\" height=\"57\" src=\"https:\/\/opengoal.ch\/wp-content\/uploads\/fhnw.png\" alt=\"\" class=\"wp-image-172\"\/><\/figure>\n<\/div>\n\n\n\n<div class=\"wp-block-column is-layout-flow wp-block-column-is-layout-flow\">\n<ul class=\"wp-block-list\">\n<li><a rel=\"noreferrer noopener\" href=\"https:\/\/www.fhnw.ch\/de\/die-fhnw\/bibliotheken\/open-access\" target=\"_blank\">Site internet Open Access FHNW<\/a><\/li>\n\n\n\n<li><a rel=\"noreferrer noopener\" href=\"https:\/\/irf.fhnw.ch\/\" target=\"_blank\">D\u00e9p\u00f4t FHNW<\/a><\/li>\n<\/ul>\n<\/div>\n<\/div>\n<\/div>\n<\/div>\n\n\n\n<div class=\"wp-block-columns is-layout-flex wp-container-core-columns-is-layout-9d6595d7 wp-block-columns-is-layout-flex\">\n<div class=\"wp-block-column is-layout-flow wp-block-column-is-layout-flow\">\n<div class=\"wp-block-columns is-layout-flex wp-container-core-columns-is-layout-9d6595d7 wp-block-columns-is-layout-flex\">\n<div class=\"wp-block-column is-layout-flow wp-block-column-is-layout-flow\">\n<figure class=\"wp-block-image size-full is-resized\"><img loading=\"lazy\" decoding=\"async\" src=\"https:\/\/opengoal.ch\/wp-content\/uploads\/zhaw.png\" alt=\"\" class=\"wp-image-171\" width=\"98\" height=\"111\"\/><\/figure>\n<\/div>\n\n\n\n<div class=\"wp-block-column is-layout-flow wp-block-column-is-layout-flow\">\n<ul class=\"wp-block-list\">\n<li><a rel=\"noreferrer noopener\" href=\"https:\/\/www.zhaw.ch\/de\/hochschulbibliothek\/schreiben-publizieren\/publizieren-und-open-access\/\" target=\"_blank\">Site internet Open Access ZHAW<\/a><\/li>\n\n\n\n<li><a rel=\"noreferrer noopener\" href=\"https:\/\/digitalcollection.zhaw.ch\/\" target=\"_blank\">D\u00e9p\u00f4t ZHAW<\/a><\/li>\n<\/ul>\n<\/div>\n<\/div>\n<\/div>\n\n\n\n<div class=\"wp-block-column is-layout-flow wp-block-column-is-layout-flow\">\n<div class=\"wp-block-columns is-layout-flex wp-container-core-columns-is-layout-9d6595d7 wp-block-columns-is-layout-flex\">\n<div class=\"wp-block-column is-layout-flow wp-block-column-is-layout-flow\">\n<figure class=\"wp-block-image size-full is-resized\"><img decoding=\"async\" src=\"https:\/\/opengoal.ch\/wp-content\/uploads\/zhdk.png\" alt=\"\" class=\"wp-image-182\" width=\"196\"\/><\/figure>\n<\/div>\n\n\n\n<div class=\"wp-block-column is-layout-flow wp-block-column-is-layout-flow\">\n<ul class=\"wp-block-list\">\n<li><a rel=\"noreferrer noopener\" href=\"https:\/\/www.zhdk.ch\/miz\/miz-oa\" target=\"_blank\">Site internet Open Access ZHDK<\/a><\/li>\n\n\n\n<li><a rel=\"noreferrer noopener\" href=\"https:\/\/www.zenodo.org\/communities\/zhdk\/?page=1&amp;size=20\" target=\"_blank\">D\u00e9p\u00f4t ZHDK<\/a><\/li>\n<\/ul>\n<\/div>\n<\/div>\n<\/div>\n<\/div>\n\n\n\n<div class=\"wp-block-columns is-layout-flex wp-container-core-columns-is-layout-9d6595d7 wp-block-columns-is-layout-flex\">\n<div class=\"wp-block-column is-layout-flow wp-block-column-is-layout-flow\">\n<div class=\"wp-block-columns is-layout-flex wp-container-core-columns-is-layout-9d6595d7 wp-block-columns-is-layout-flex\">\n<div class=\"wp-block-column is-layout-flow wp-block-column-is-layout-flow\">\n<figure class=\"wp-block-image size-full\"><img loading=\"lazy\" decoding=\"async\" width=\"157\" height=\"98\" src=\"https:\/\/opengoal.ch\/wp-content\/uploads\/hepfr.png\" alt=\"\" class=\"wp-image-180\"\/><\/figure>\n<\/div>\n\n\n\n<div class=\"wp-block-column is-layout-flow wp-block-column-is-layout-flow\">\n<ul class=\"wp-block-list\">\n<li><a rel=\"noreferrer noopener\" href=\"https:\/\/hepfr.ch\/de\/forschung-entwicklung\/open-science\/\" target=\"_blank\">Site internet Open Access<\/a><\/li>\n\n\n\n<li><a rel=\"noreferrer noopener\" href=\"https:\/\/hepfr.ch\/de\/forschung-entwicklung\/open-science\/\" target=\"_blank\">HEP | PH FR<\/a><\/li>\n\n\n\n<li><a rel=\"noreferrer noopener\" href=\"https:\/\/folia.unifr.ch\/unifr\/search\/documents?q=&amp;page=1&amp;size=10&amp;sort=newest&amp;customField1=HEP%7CPH%20FR\" target=\"_blank\">D\u00e9p\u00f4t HEP | PH FR<\/a><\/li>\n<\/ul>\n<\/div>\n<\/div>\n<\/div>\n\n\n\n<div class=\"wp-block-column is-layout-flow wp-block-column-is-layout-flow\"><\/div>\n<\/div>\n\n\n\n<h2 class=\"has-text-align-left wp-block-heading\" id=\"strategies-nationales\">Strat\u00e9gies nationales et initiatives sur l\u2019Open Access et l\u2019Open Science<\/h2>\n\n\n\n<div class=\"wp-block-columns is-layout-flex wp-container-core-columns-is-layout-9d6595d7 wp-block-columns-is-layout-flex\">\n<div class=\"wp-block-column is-layout-flow wp-block-column-is-layout-flow\">\n<div class=\"wp-block-columns is-layout-flex wp-container-core-columns-is-layout-9d6595d7 wp-block-columns-is-layout-flex\">\n<div class=\"wp-block-column is-layout-flow wp-block-column-is-layout-flow\">\n<figure class=\"wp-block-image size-large\"><img loading=\"lazy\" decoding=\"async\" width=\"1024\" height=\"347\" src=\"https:\/\/opengoal.ch\/wp-content\/uploads\/fnsnf-1024x347.gif\" alt=\"\" class=\"wp-image-192\" srcset=\"https:\/\/opengoal.ch\/wp-content\/uploads\/fnsnf-1024x347.gif 1024w, https:\/\/opengoal.ch\/wp-content\/uploads\/fnsnf-300x102.gif 300w, https:\/\/opengoal.ch\/wp-content\/uploads\/fnsnf-768x260.gif 768w, https:\/\/opengoal.ch\/wp-content\/uploads\/fnsnf-1536x520.gif 1536w\" sizes=\"auto, (max-width: 1024px) 100vw, 1024px\" \/><\/figure>\n<\/div>\n\n\n\n<div class=\"wp-block-column is-layout-flow wp-block-column-is-layout-flow\">\n<ul class=\"wp-block-list\">\n<li><a rel=\"noreferrer noopener\" href=\"https:\/\/oa100.snf.ch\/de\/home-de\/\" target=\"_blank\">Site internet Open Access du Fonds national suisse (FNS)<\/a><\/li>\n<\/ul>\n<\/div>\n<\/div>\n<\/div>\n\n\n\n<div class=\"wp-block-column is-layout-flow wp-block-column-is-layout-flow\">\n<div class=\"wp-block-columns is-layout-flex wp-container-core-columns-is-layout-9d6595d7 wp-block-columns-is-layout-flex\">\n<div class=\"wp-block-column is-layout-flow wp-block-column-is-layout-flow\">\n<figure class=\"wp-block-image size-full\"><img loading=\"lazy\" decoding=\"async\" width=\"250\" height=\"29\" src=\"https:\/\/opengoal.ch\/wp-content\/uploads\/swissuniversities.png\" alt=\"\" class=\"wp-image-191\"\/><\/figure>\n<\/div>\n\n\n\n<div class=\"wp-block-column is-layout-flow wp-block-column-is-layout-flow\">\n<ul class=\"wp-block-list\">\n<li><a rel=\"noreferrer noopener\" href=\"https:\/\/www.swissuniversities.ch\/themen\/digitalisierung\/open-access\" target=\"_blank\">Site internet Open Access de Swissuniversities<\/a><\/li>\n<\/ul>\n<\/div>\n<\/div>\n<\/div>\n<\/div>\n\n\n\n<div class=\"wp-block-columns is-layout-flex wp-container-core-columns-is-layout-9d6595d7 wp-block-columns-is-layout-flex\">\n<div class=\"wp-block-column is-layout-flow wp-block-column-is-layout-flow\">\n<div class=\"wp-block-columns is-layout-flex wp-container-core-columns-is-layout-9d6595d7 wp-block-columns-is-layout-flex\">\n<div class=\"wp-block-column is-layout-flow wp-block-column-is-layout-flow\">\n<figure class=\"wp-block-image size-full is-resized\"><img decoding=\"async\" src=\"https:\/\/opengoal.ch\/wp-content\/uploads\/horizon.png\" alt=\"\" class=\"wp-image-190\" width=\"166\"\/><\/figure>\n<\/div>\n\n\n\n<div class=\"wp-block-column is-layout-flow wp-block-column-is-layout-flow\">\n<ul class=\"wp-block-list\">\n<li><a rel=\"noreferrer noopener\" href=\"https:\/\/ec.europa.eu\/info\/research-and-innovation\/funding\/funding-opportunities\/funding-programmes-and-open-calls\/horizon-europe_en\" target=\"_blank\">Horizon Europe<\/a><\/li>\n<\/ul>\n<\/div>\n<\/div>\n<\/div>\n\n\n\n<div class=\"wp-block-column is-layout-flow wp-block-column-is-layout-flow\"><\/div>\n<\/div>\n\n\n\n<h2 class=\"has-text-align-left wp-block-heading\" id=\"repertoires\">R\u00e9pertoires et bases de donn\u00e9es sur l\u2019Open Access<\/h2>\n\n\n\n<div class=\"wp-block-columns is-layout-flex wp-container-core-columns-is-layout-9d6595d7 wp-block-columns-is-layout-flex\">\n<div class=\"wp-block-column is-layout-flow wp-block-column-is-layout-flow\">\n<div class=\"wp-block-columns is-layout-flex wp-container-core-columns-is-layout-9d6595d7 wp-block-columns-is-layout-flex\">\n<div class=\"wp-block-column is-layout-flow wp-block-column-is-layout-flow\">\n<figure class=\"wp-block-image size-full is-resized\"><img loading=\"lazy\" decoding=\"async\" src=\"https:\/\/opengoal.ch\/wp-content\/uploads\/doaj.jpg\" alt=\"\" class=\"wp-image-198\" width=\"192\" height=\"42\" srcset=\"https:\/\/opengoal.ch\/wp-content\/uploads\/doaj.jpg 768w, https:\/\/opengoal.ch\/wp-content\/uploads\/doaj-300x65.jpg 300w\" sizes=\"auto, (max-width: 192px) 100vw, 192px\" \/><\/figure>\n<\/div>\n\n\n\n<div class=\"wp-block-column is-layout-flow wp-block-column-is-layout-flow\">\n<ul class=\"wp-block-list\">\n<li><a rel=\"noreferrer noopener\" href=\"https:\/\/doaj.org\/\" target=\"_blank\">Directory of Open Access Journals (DOAJ)<\/a><\/li>\n<\/ul>\n<\/div>\n<\/div>\n<\/div>\n\n\n\n<div class=\"wp-block-column is-layout-flow wp-block-column-is-layout-flow\">\n<div class=\"wp-block-columns is-layout-flex wp-container-core-columns-is-layout-9d6595d7 wp-block-columns-is-layout-flex\">\n<div class=\"wp-block-column is-layout-flow wp-block-column-is-layout-flow\">\n<figure class=\"wp-block-image size-full is-resized\"><img loading=\"lazy\" decoding=\"async\" src=\"https:\/\/opengoal.ch\/wp-content\/uploads\/doab-new.png\" alt=\"\" class=\"wp-image-207\" width=\"207\" height=\"68\" srcset=\"https:\/\/opengoal.ch\/wp-content\/uploads\/doab-new.png 414w, https:\/\/opengoal.ch\/wp-content\/uploads\/doab-new-300x99.png 300w\" sizes=\"auto, (max-width: 207px) 100vw, 207px\" \/><\/figure>\n<\/div>\n\n\n\n<div class=\"wp-block-column is-layout-flow wp-block-column-is-layout-flow\">\n<ul class=\"wp-block-list\">\n<li><a rel=\"noreferrer noopener\" href=\"https:\/\/www.doabooks.org\/\" target=\"_blank\">Directory of Open Access Books (DOAB)<\/a><\/li>\n<\/ul>\n<\/div>\n<\/div>\n<\/div>\n<\/div>\n\n\n\n<div class=\"wp-block-columns is-layout-flex wp-container-core-columns-is-layout-9d6595d7 wp-block-columns-is-layout-flex\">\n<div class=\"wp-block-column is-layout-flow wp-block-column-is-layout-flow\">\n<div class=\"wp-block-columns is-layout-flex wp-container-core-columns-is-layout-9d6595d7 wp-block-columns-is-layout-flex\">\n<div class=\"wp-block-column is-layout-flow wp-block-column-is-layout-flow\">\n<figure class=\"wp-block-image size-full is-resized\"><img loading=\"lazy\" decoding=\"async\" src=\"https:\/\/opengoal.ch\/wp-content\/uploads\/sherpa.png\" alt=\"\" class=\"wp-image-196\" width=\"201\" height=\"32\" srcset=\"https:\/\/opengoal.ch\/wp-content\/uploads\/sherpa.png 700w, https:\/\/opengoal.ch\/wp-content\/uploads\/sherpa-300x48.png 300w\" sizes=\"auto, (max-width: 201px) 100vw, 201px\" \/><\/figure>\n<\/div>\n\n\n\n<div class=\"wp-block-column is-layout-flow wp-block-column-is-layout-flow\">\n<ul class=\"wp-block-list\">\n<li><a rel=\"noreferrer noopener\" href=\"https:\/\/v2.sherpa.ac.uk\/romeo\/\" target=\"_blank\">Sherpa Romeo<\/a><\/li>\n<\/ul>\n<\/div>\n<\/div>\n<\/div>\n\n\n\n<div class=\"wp-block-column is-layout-flow wp-block-column-is-layout-flow\">\n<div class=\"wp-block-columns is-layout-flex wp-container-core-columns-is-layout-9d6595d7 wp-block-columns-is-layout-flex\">\n<div class=\"wp-block-column is-layout-flow wp-block-column-is-layout-flow\">\n<figure class=\"wp-block-image size-full is-resized\"><img loading=\"lazy\" decoding=\"async\" src=\"https:\/\/opengoal.ch\/wp-content\/uploads\/Logo-Swiss-OA-Monitor.png\" alt=\"\" class=\"wp-image-671\" width=\"166\" height=\"101\" srcset=\"https:\/\/opengoal.ch\/wp-content\/uploads\/Logo-Swiss-OA-Monitor.png 332w, https:\/\/opengoal.ch\/wp-content\/uploads\/Logo-Swiss-OA-Monitor-300x183.png 300w\" sizes=\"auto, (max-width: 166px) 100vw, 166px\" \/><\/figure>\n<\/div>\n\n\n\n<div class=\"wp-block-column is-layout-flow wp-block-column-is-layout-flow\">\n<ul class=\"wp-block-list\">\n<li><a rel=\"noreferrer noopener\" href=\"https:\/\/oamonitor.ch\" data-type=\"URL\" data-id=\"https:\/\/oamonitor.ch\" target=\"_blank\">Swiss Open Access Monitor<\/a><\/li>\n<\/ul>\n<\/div>\n<\/div>\n<\/div>\n<\/div>\n\n\n\n<h2 class=\"has-text-align-left wp-block-heading\" id=\"autres-projets\">Autres projets &amp; initiatives<\/h2>\n\n\n\n<div class=\"wp-block-columns is-layout-flex wp-container-core-columns-is-layout-9d6595d7 wp-block-columns-is-layout-flex\">\n<div class=\"wp-block-column is-layout-flow wp-block-column-is-layout-flow\">\n<div class=\"wp-block-columns is-layout-flex wp-container-core-columns-is-layout-9d6595d7 wp-block-columns-is-layout-flex\">\n<div class=\"wp-block-column is-layout-flow wp-block-column-is-layout-flow\">\n<figure class=\"wp-block-image size-full is-resized\"><img loading=\"lazy\" decoding=\"async\" src=\"https:\/\/opengoal.ch\/wp-content\/uploads\/oaeasi.jpg\" alt=\"\" class=\"wp-image-202\" width=\"154\" height=\"33\" srcset=\"https:\/\/opengoal.ch\/wp-content\/uploads\/oaeasi.jpg 615w, https:\/\/opengoal.ch\/wp-content\/uploads\/oaeasi-300x64.jpg 300w\" sizes=\"auto, (max-width: 154px) 100vw, 154px\" \/><\/figure>\n<\/div>\n\n\n\n<div class=\"wp-block-column is-layout-flow wp-block-column-is-layout-flow\">\n<ul class=\"wp-block-list\">\n<li><a rel=\"noreferrer noopener\" href=\"https:\/\/oa-easi.ch\/\" target=\"_blank\">Open Access for Educational and Applied Sciences in Switzerland (OA-EASI)<\/a><\/li>\n\n\n\n<li><a rel=\"noreferrer noopener\" href=\"https:\/\/zenodo.org\/communities\/oa-easi\/?page=1&amp;size=20\" target=\"_blank\">Publications OA-EASI dans Zenodo<\/a><\/li>\n<\/ul>\n<\/div>\n<\/div>\n<\/div>\n\n\n\n<div class=\"wp-block-column is-layout-flow wp-block-column-is-layout-flow\">\n<div class=\"wp-block-columns is-layout-flex wp-container-core-columns-is-layout-9d6595d7 wp-block-columns-is-layout-flex\">\n<div class=\"wp-block-column is-layout-flow wp-block-column-is-layout-flow\">\n<figure class=\"wp-block-image size-full is-resized\"><img loading=\"lazy\" decoding=\"async\" src=\"https:\/\/opengoal.ch\/wp-content\/uploads\/CCDigitalLaw.png\" alt=\"\" class=\"wp-image-201\" width=\"209\" height=\"54\" srcset=\"https:\/\/opengoal.ch\/wp-content\/uploads\/CCDigitalLaw.png 417w, https:\/\/opengoal.ch\/wp-content\/uploads\/CCDigitalLaw-300x78.png 300w\" sizes=\"auto, (max-width: 209px) 100vw, 209px\" \/><\/figure>\n<\/div>\n\n\n\n<div class=\"wp-block-column is-layout-flow wp-block-column-is-layout-flow\">\n<ul class=\"wp-block-list\">\n<li><a rel=\"noreferrer noopener\" href=\"https:\/\/ccdigitallaw.ch\/index.php\/german\" target=\"_blank\">Competence Center Digital Law (CCdigitallaw)<\/a><\/li>\n<\/ul>\n<\/div>\n<\/div>\n<\/div>\n<\/div>\n\n\n\n<div class=\"wp-block-columns is-layout-flex wp-container-core-columns-is-layout-9d6595d7 wp-block-columns-is-layout-flex\">\n<div class=\"wp-block-column is-layout-flow wp-block-column-is-layout-flow\">\n<div class=\"wp-block-columns is-layout-flex wp-container-core-columns-is-layout-9d6595d7 wp-block-columns-is-layout-flex\">\n<div class=\"wp-block-column is-layout-flow wp-block-column-is-layout-flow\">\n<figure class=\"wp-block-image size-full is-resized\"><img loading=\"lazy\" decoding=\"async\" src=\"https:\/\/opengoal.ch\/wp-content\/uploads\/OS_ADM_logo_verticale_positivo.png\" alt=\"ADM Logo\" class=\"wp-image-1076\" width=\"116\" height=\"89\" srcset=\"https:\/\/opengoal.ch\/wp-content\/uploads\/OS_ADM_logo_verticale_positivo.png 764w, https:\/\/opengoal.ch\/wp-content\/uploads\/OS_ADM_logo_verticale_positivo-300x232.png 300w\" sizes=\"auto, (max-width: 116px) 100vw, 116px\" \/><\/figure>\n<\/div>\n\n\n\n<div class=\"wp-block-column is-layout-flow wp-block-column-is-layout-flow\">\n<ul class=\"wp-block-list\">\n<li><a rel=\"noreferrer noopener\" href=\"https:\/\/meta.wikimedia.org\/wiki\/Open_Science_for_Arts,_Design_and_Music\" data-type=\"URL\" data-id=\"https:\/\/meta.wikimedia.org\/wiki\/Open_Science_for_Arts,_Design_and_Music\" target=\"_blank\">Open Science for Arts, Design and Music<\/a><\/li>\n<\/ul>\n<\/div>\n<\/div>\n<\/div>\n\n\n\n<div class=\"wp-block-column is-layout-flow wp-block-column-is-layout-flow\"><\/div>\n<\/div>\n","protected":false},"excerpt":{"rendered":"<p>Nos institutions, leurs politiques Open Access et leurs d\u00e9p\u00f4ts Strat\u00e9gies nationales et initiatives sur l\u2019Open Access et l\u2019Open Science R\u00e9pertoires et bases de donn\u00e9es sur l\u2019Open Access Autres projets &amp; initiatives<\/p>\n","protected":false},"author":1,"featured_media":0,"parent":34,"menu_order":10,"comment_status":"closed","ping_status":"closed","template":"page-templates\/link-template.php","meta":{"footnotes":""},"class_list":["post-36","page","type-page","status-publish","hentry"],"translation":{"provider":"WPGlobus","version":"3.0.2","language":"fr","enabled_languages":["gb","de","fr","it"],"languages":{"gb":{"title":true,"content":true,"excerpt":false},"de":{"title":true,"content":true,"excerpt":false},"fr":{"title":true,"content":true,"excerpt":false},"it":{"title":true,"content":true,"excerpt":false}}},"acf":[],"yoast_head":"<!-- This site is optimized with the Yoast SEO plugin v27.5 - https:\/\/yoast.com\/product\/yoast-seo-wordpress\/ -->\n<title>Liens utiles - GOAL<\/title>\n<meta name=\"robots\" content=\"index, follow, max-snippet:-1, max-image-preview:large, max-video-preview:-1\" \/>\n<link rel=\"canonical\" href=\"https:\/\/opengoal.ch\/information\/links\/\" \/>\n<meta property=\"og:locale\" content=\"fr_FR\" \/>\n<meta property=\"og:type\" content=\"article\" \/>\n<meta property=\"og:title\" content=\"Liens utiles - GOAL\" \/>\n<meta property=\"og:url\" content=\"https:\/\/opengoal.ch\/information\/links\/\" \/>\n<meta property=\"og:site_name\" content=\"GOAL\" \/>\n<meta property=\"article:modified_time\" content=\"2023-03-07T11:48:46+00:00\" \/>\n<meta property=\"og:image\" content=\"https:\/\/opengoal.ch\/wp-content\/uploads\/hslu.png\" \/>\n<meta name=\"twitter:card\" content=\"summary_large_image\" \/>\n<meta name=\"twitter:label1\" content=\"Dur\u00e9e de lecture estim\u00e9e\" \/>\n\t<meta name=\"twitter:data1\" content=\"4 minutes\" \/>\n<script type=\"application\/ld+json\" class=\"yoast-schema-graph\">{\"@context\":\"https:\\\/\\\/schema.org\",\"@graph\":[{\"@type\":\"WebPage\",\"@id\":\"https:\\\/\\\/opengoal.ch\\\/information\\\/links\\\/\",\"url\":\"https:\\\/\\\/opengoal.ch\\\/information\\\/links\\\/\",\"name\":\"Liens utiles - GOAL\",\"isPartOf\":{\"@id\":\"https:\\\/\\\/opengoal.ch\\\/#website\"},\"primaryImageOfPage\":{\"@id\":\"https:\\\/\\\/opengoal.ch\\\/information\\\/links\\\/#primaryimage\"},\"image\":{\"@id\":\"https:\\\/\\\/opengoal.ch\\\/information\\\/links\\\/#primaryimage\"},\"thumbnailUrl\":\"https:\\\/\\\/opengoal.ch\\\/wp-content\\\/uploads\\\/hslu.png\",\"datePublished\":\"2022-08-11T12:20:12+00:00\",\"dateModified\":\"2023-03-07T11:48:46+00:00\",\"breadcrumb\":{\"@id\":\"https:\\\/\\\/opengoal.ch\\\/information\\\/links\\\/#breadcrumb\"},\"inLanguage\":\"fr-FR\",\"potentialAction\":[{\"@type\":\"ReadAction\",\"target\":[\"https:\\\/\\\/opengoal.ch\\\/information\\\/links\\\/\"]}]},{\"@type\":\"ImageObject\",\"inLanguage\":\"fr-FR\",\"@id\":\"https:\\\/\\\/opengoal.ch\\\/information\\\/links\\\/#primaryimage\",\"url\":\"https:\\\/\\\/opengoal.ch\\\/wp-content\\\/uploads\\\/hslu.png\",\"contentUrl\":\"https:\\\/\\\/opengoal.ch\\\/wp-content\\\/uploads\\\/hslu.png\"},{\"@type\":\"BreadcrumbList\",\"@id\":\"https:\\\/\\\/opengoal.ch\\\/information\\\/links\\\/#breadcrumb\",\"itemListElement\":[{\"@type\":\"ListItem\",\"position\":1,\"name\":\"Home\",\"item\":\"https:\\\/\\\/opengoal.ch\\\/\"},{\"@type\":\"ListItem\",\"position\":2,\"name\":\"Information\",\"item\":\"https:\\\/\\\/opengoal.ch\\\/information\\\/\"},{\"@type\":\"ListItem\",\"position\":3,\"name\":\"Links\"}]},{\"@type\":\"WebSite\",\"@id\":\"https:\\\/\\\/opengoal.ch\\\/#website\",\"url\":\"https:\\\/\\\/opengoal.ch\\\/\",\"name\":\"GOAL\",\"description\":\"Unlocking the Green Open Access potentiaL in scholarly and professional journals in Switzerland\",\"potentialAction\":[{\"@type\":\"SearchAction\",\"target\":{\"@type\":\"EntryPoint\",\"urlTemplate\":\"https:\\\/\\\/opengoal.ch\\\/?s={search_term_string}\"},\"query-input\":{\"@type\":\"PropertyValueSpecification\",\"valueRequired\":true,\"valueName\":\"search_term_string\"}}],\"inLanguage\":\"fr-FR\"}]}<\/script>\n<!-- \/ Yoast SEO plugin. -->","yoast_head_json":{"title":"Liens utiles - GOAL","robots":{"index":"index","follow":"follow","max-snippet":"max-snippet:-1","max-image-preview":"max-image-preview:large","max-video-preview":"max-video-preview:-1"},"canonical":"https:\/\/opengoal.ch\/information\/links\/","og_locale":"fr_FR","og_type":"article","og_title":"Liens utiles - GOAL","og_url":"https:\/\/opengoal.ch\/information\/links\/","og_site_name":"GOAL","article_modified_time":"2023-03-07T11:48:46+00:00","og_image":[{"url":"https:\/\/opengoal.ch\/wp-content\/uploads\/hslu.png","type":"","width":"","height":""}],"twitter_card":"summary_large_image","twitter_misc":{"Dur\u00e9e de lecture estim\u00e9e":"4 minutes"},"schema":{"@context":"https:\/\/schema.org","@graph":[{"@type":"WebPage","@id":"https:\/\/opengoal.ch\/information\/links\/","url":"https:\/\/opengoal.ch\/information\/links\/","name":"Liens utiles - GOAL","isPartOf":{"@id":"https:\/\/opengoal.ch\/#website"},"primaryImageOfPage":{"@id":"https:\/\/opengoal.ch\/information\/links\/#primaryimage"},"image":{"@id":"https:\/\/opengoal.ch\/information\/links\/#primaryimage"},"thumbnailUrl":"https:\/\/opengoal.ch\/wp-content\/uploads\/hslu.png","datePublished":"2022-08-11T12:20:12+00:00","dateModified":"2023-03-07T11:48:46+00:00","breadcrumb":{"@id":"https:\/\/opengoal.ch\/information\/links\/#breadcrumb"},"inLanguage":"fr-FR","potentialAction":[{"@type":"ReadAction","target":["https:\/\/opengoal.ch\/information\/links\/"]}]},{"@type":"ImageObject","inLanguage":"fr-FR","@id":"https:\/\/opengoal.ch\/information\/links\/#primaryimage","url":"https:\/\/opengoal.ch\/wp-content\/uploads\/hslu.png","contentUrl":"https:\/\/opengoal.ch\/wp-content\/uploads\/hslu.png"},{"@type":"BreadcrumbList","@id":"https:\/\/opengoal.ch\/information\/links\/#breadcrumb","itemListElement":[{"@type":"ListItem","position":1,"name":"Home","item":"https:\/\/opengoal.ch\/"},{"@type":"ListItem","position":2,"name":"Information","item":"https:\/\/opengoal.ch\/information\/"},{"@type":"ListItem","position":3,"name":"Links"}]},{"@type":"WebSite","@id":"https:\/\/opengoal.ch\/#website","url":"https:\/\/opengoal.ch\/","name":"GOAL","description":"Unlocking the Green Open Access potentiaL in scholarly and professional journals in Switzerland","potentialAction":[{"@type":"SearchAction","target":{"@type":"EntryPoint","urlTemplate":"https:\/\/opengoal.ch\/?s={search_term_string}"},"query-input":{"@type":"PropertyValueSpecification","valueRequired":true,"valueName":"search_term_string"}}],"inLanguage":"fr-FR"}]}},"_links":{"self":[{"href":"https:\/\/opengoal.ch\/fr\/wp-json\/wp\/v2\/pages\/36","targetHints":{"allow":["GET"]}}],"collection":[{"href":"https:\/\/opengoal.ch\/fr\/wp-json\/wp\/v2\/pages"}],"about":[{"href":"https:\/\/opengoal.ch\/fr\/wp-json\/wp\/v2\/types\/page"}],"author":[{"embeddable":true,"href":"https:\/\/opengoal.ch\/fr\/wp-json\/wp\/v2\/users\/1"}],"replies":[{"embeddable":true,"href":"https:\/\/opengoal.ch\/fr\/wp-json\/wp\/v2\/comments?post=36"}],"version-history":[{"count":68,"href":"https:\/\/opengoal.ch\/fr\/wp-json\/wp\/v2\/pages\/36\/revisions"}],"predecessor-version":[{"id":1080,"href":"https:\/\/opengoal.ch\/fr\/wp-json\/wp\/v2\/pages\/36\/revisions\/1080"}],"up":[{"embeddable":true,"href":"https:\/\/opengoal.ch\/fr\/wp-json\/wp\/v2\/pages\/34"}],"wp:attachment":[{"href":"https:\/\/opengoal.ch\/fr\/wp-json\/wp\/v2\/media?parent=36"}],"curies":[{"name":"wp","href":"https:\/\/api.w.org\/{rel}","templated":true}]}}