{"id":30,"date":"2022-08-11T14:15:33","date_gmt":"2022-08-11T12:15:33","guid":{"rendered":"https:\/\/opengoal.ch\/?page_id=30"},"modified":"2023-02-15T14:07:31","modified_gmt":"2023-02-15T13:07:31","slug":"further-information","status":"publish","type":"page","link":"https:\/\/opengoal.ch\/fr\/project-goal\/further-information\/","title":{"rendered":"Informations compl\u00e9mentaires"},"content":{"rendered":"\n<p>Vous trouverez sur cette page de plus amples informations sur l&rsquo;acc\u00e8s ouvert (vert) et ses avantages.<\/p>\n\n\n\n<hr class=\"wp-block-separator has-alpha-channel-opacity\"\/>\n\n\n\n<div class=\"wp-block-buttons is-content-justification-center is-layout-flex wp-container-core-buttons-is-layout-16018d1d wp-block-buttons-is-layout-flex\">\n<div class=\"wp-block-button has-custom-font-size\" style=\"font-size:16px\"><a class=\"wp-block-button__link has-background wp-element-button\" href=\"#objectif-open-access\" style=\"border-radius:5px;background-color:#42926a\">L&rsquo;objectif de l&rsquo;Open Access<\/a><\/div>\n\n\n\n<div class=\"wp-block-button has-custom-font-size\" style=\"font-size:16px\"><a class=\"wp-block-button__link has-background wp-element-button\" href=\"#types-acces-ouvert\" style=\"border-radius:5px;background-color:#42926a\">Types d&rsquo;acc\u00e8s ouvert<\/a><\/div>\n\n\n\n<div class=\"wp-block-button has-custom-font-size\" style=\"font-size:16px\"><a class=\"wp-block-button__link has-background wp-element-button\" href=\"#pourquoi-acces-ouvert-vert\" style=\"border-radius:5px;background-color:#42926a\">Pourquoi un acc\u00e8s ouvert vert?<\/a><\/div>\n<\/div>\n\n\n\n<hr class=\"wp-block-separator has-alpha-channel-opacity\"\/>\n\n\n\n<h2 class=\"wp-block-heading\" id=\"objectif-open-access\">L&rsquo;objectif de l&rsquo;Open Access<\/h2>\n\n\n\n<p>L\u2019Open Access a pour but de garantir un acc\u00e8s en ligne libre et gratuit aux r\u00e9sultats et publications issues d\u2019une recherche scientifique financ\u00e9e par des fonds publics.<\/p>\n\n\n\n<p>Un acc\u00e8s libre signifie que le texte peut \u00eatre lu, t\u00e9l\u00e9charg\u00e9 et partag\u00e9 avec le moins de restrictions l\u00e9gales, techniques et financi\u00e8res possibles. &nbsp;<\/p>\n\n\n\n<p>Plusieurs m\u00e9thodes, appel\u00e9es \u00ab&nbsp;voies&nbsp;\u00bb existent pour publier en Open Access&nbsp;: les principales sont les voies platine, dor\u00e9e, verte et hybride.<\/p>\n\n\n\n<h2 class=\"wp-block-heading\" id=\"types-acces-ouvert\">Types d&rsquo;acc\u00e8s ouvert<\/h2>\n\n\n\n<ul class=\"wp-block-list\">\n<li><strong>Voie platine&nbsp;:<\/strong> les articles ou livres sont imm\u00e9diatement publi\u00e9s en open access par l\u2019\u00e9diteur ou l\u2019auteur, sans frais de publication (article processing charges, APC ou book processing charges, BPC).<\/li>\n\n\n\n<li><strong>Voie dor\u00e9e&nbsp;:<\/strong> les articles sont publi\u00e9s imm\u00e9diatement en open access sur le site de l\u2019\u00e9diteur, apr\u00e8s paiement de frais de publication (APC ou BPC). Il y a un d\u00e9placement du paiement des co\u00fbts d\u2019\u00e9dition du lecteur \u00e0 l\u2019auteur.<\/li>\n\n\n\n<li><strong>Voie verte&nbsp;:<\/strong> les articles sont publi\u00e9s une seconde fois, dans une archive institutionnelle ou disciplinaire, avec l\u2019accord de l\u2019\u00e9diteur et souvent apr\u00e8s une p\u00e9riode d\u2019embargo. C\u2019est la version manuscrite de l\u2019article qui est publi\u00e9e, soit avant qu\u2019elle soit revue par un comit\u00e9 \u00e9ditorial ou des pairs (preprint), soit apr\u00e8s que le manuscrit a \u00e9t\u00e9 accept\u00e9 pour publication (postprint).<\/li>\n\n\n\n<li><strong>Voie hybride\u00a0:<\/strong> Les revues hybrides restent payantes, mais ouvrent l\u2019acc\u00e8s aux articles individuels si les auteurs ont pay\u00e9 des APC. Ce mod\u00e8le n\u2019est pas rembours\u00e9 par le FNS, car les institutions acad\u00e9miques doivent souvent payer \u00e0 la fois un abonnement et les APC.<\/li>\n<\/ul>\n\n\n\n<h2 class=\"wp-block-heading\" id=\"pourquoi-acces-ouvert-vert\">Pourquoi un acc\u00e8s ouvert vert ?<\/h2>\n\n\n\n<ul class=\"wp-block-list\">\n<li>Permettre un acc\u00e8s plus large aux publications scientifiques financ\u00e9es par des fonds publics<\/li>\n\n\n\n<li>Int\u00e9grer la Suisse dans le mouvement international de l\u2019Open Access<\/li>\n\n\n\n<li>R\u00e9aliser l\u2019objectif principal de la strat\u00e9gie nationale&nbsp;: publication 100% en Open Access pour la recherche financ\u00e9e par des fonds publics d\u2019ici 2024<\/li>\n\n\n\n<li>Concilier dans la mesure du possible int\u00e9r\u00eats commerciaux (vente des publications) et int\u00e9r\u00eats publics (acc\u00e8s gratuit \u00e0 des r\u00e9sultats de recherche, savoir commun, progr\u00e8s) au moyen d\u2019une p\u00e9riode d\u2019embargo, \u00e0 la fin de laquelle les articles ou e-books peuvent \u00eatre publi\u00e9s dans une archive institutionnelle ou sur une autre plateforme accessible gratuitement<\/li>\n<\/ul>\n","protected":false},"excerpt":{"rendered":"<p>Vous trouverez sur cette page de plus amples informations sur l&rsquo;acc\u00e8s ouvert (vert) et ses avantages. L&rsquo;objectif de l&rsquo;Open Access L\u2019Open Access a pour but de garantir un acc\u00e8s en ligne libre et gratuit aux r\u00e9sultats et publications issues d\u2019une recherche scientifique financ\u00e9e par des fonds publics. Un acc\u00e8s libre signifie que le texte peut [&hellip;]<\/p>\n","protected":false},"author":1,"featured_media":350,"parent":23,"menu_order":30,"comment_status":"closed","ping_status":"closed","template":"","meta":{"footnotes":""},"class_list":["post-30","page","type-page","status-publish","has-post-thumbnail","hentry"],"translation":{"provider":"WPGlobus","version":"3.0.2","language":"fr","enabled_languages":["gb","de","fr","it"],"languages":{"gb":{"title":true,"content":true,"excerpt":false},"de":{"title":true,"content":true,"excerpt":false},"fr":{"title":true,"content":true,"excerpt":false},"it":{"title":true,"content":true,"excerpt":false}}},"acf":[],"yoast_head":"<!-- This site is optimized with the Yoast SEO plugin v27.4 - https:\/\/yoast.com\/product\/yoast-seo-wordpress\/ -->\n<title>Informations compl\u00e9mentaires - GOAL<\/title>\n<meta name=\"robots\" content=\"index, follow, max-snippet:-1, max-image-preview:large, max-video-preview:-1\" \/>\n<link rel=\"canonical\" href=\"https:\/\/opengoal.ch\/project-goal\/further-information\/\" \/>\n<meta property=\"og:locale\" content=\"fr_FR\" \/>\n<meta property=\"og:type\" content=\"article\" \/>\n<meta property=\"og:title\" content=\"Informations compl\u00e9mentaires - GOAL\" \/>\n<meta property=\"og:url\" content=\"https:\/\/opengoal.ch\/project-goal\/further-information\/\" \/>\n<meta property=\"og:site_name\" content=\"GOAL\" \/>\n<meta property=\"article:modified_time\" content=\"2023-02-15T13:07:31+00:00\" \/>\n<meta property=\"og:image\" content=\"https:\/\/opengoal.ch\/wp-content\/uploads\/Dokument1.png\" \/>\n\t<meta property=\"og:image:width\" content=\"1341\" \/>\n\t<meta property=\"og:image:height\" content=\"945\" \/>\n\t<meta property=\"og:image:type\" content=\"image\/png\" \/>\n<meta name=\"twitter:card\" content=\"summary_large_image\" \/>\n<meta name=\"twitter:label1\" content=\"Dur\u00e9e de lecture estim\u00e9e\" \/>\n\t<meta name=\"twitter:data1\" content=\"2 minutes\" \/>\n<script type=\"application\/ld+json\" class=\"yoast-schema-graph\">{\"@context\":\"https:\\\/\\\/schema.org\",\"@graph\":[{\"@type\":\"WebPage\",\"@id\":\"https:\\\/\\\/opengoal.ch\\\/project-goal\\\/further-information\\\/\",\"url\":\"https:\\\/\\\/opengoal.ch\\\/project-goal\\\/further-information\\\/\",\"name\":\"Informations compl\u00e9mentaires - GOAL\",\"isPartOf\":{\"@id\":\"https:\\\/\\\/opengoal.ch\\\/#website\"},\"primaryImageOfPage\":{\"@id\":\"https:\\\/\\\/opengoal.ch\\\/project-goal\\\/further-information\\\/#primaryimage\"},\"image\":{\"@id\":\"https:\\\/\\\/opengoal.ch\\\/project-goal\\\/further-information\\\/#primaryimage\"},\"thumbnailUrl\":\"https:\\\/\\\/opengoal.ch\\\/wp-content\\\/uploads\\\/Dokument1.png\",\"datePublished\":\"2022-08-11T12:15:33+00:00\",\"dateModified\":\"2023-02-15T13:07:31+00:00\",\"breadcrumb\":{\"@id\":\"https:\\\/\\\/opengoal.ch\\\/project-goal\\\/further-information\\\/#breadcrumb\"},\"inLanguage\":\"fr-FR\",\"potentialAction\":[{\"@type\":\"ReadAction\",\"target\":[\"https:\\\/\\\/opengoal.ch\\\/project-goal\\\/further-information\\\/\"]}]},{\"@type\":\"ImageObject\",\"inLanguage\":\"fr-FR\",\"@id\":\"https:\\\/\\\/opengoal.ch\\\/project-goal\\\/further-information\\\/#primaryimage\",\"url\":\"https:\\\/\\\/opengoal.ch\\\/wp-content\\\/uploads\\\/Dokument1.png\",\"contentUrl\":\"https:\\\/\\\/opengoal.ch\\\/wp-content\\\/uploads\\\/Dokument1.png\",\"width\":1341,\"height\":945},{\"@type\":\"BreadcrumbList\",\"@id\":\"https:\\\/\\\/opengoal.ch\\\/project-goal\\\/further-information\\\/#breadcrumb\",\"itemListElement\":[{\"@type\":\"ListItem\",\"position\":1,\"name\":\"Home\",\"item\":\"https:\\\/\\\/opengoal.ch\\\/\"},{\"@type\":\"ListItem\",\"position\":2,\"name\":\"Project GOAL\",\"item\":\"https:\\\/\\\/opengoal.ch\\\/project-goal\\\/\"},{\"@type\":\"ListItem\",\"position\":3,\"name\":\"Further Information\"}]},{\"@type\":\"WebSite\",\"@id\":\"https:\\\/\\\/opengoal.ch\\\/#website\",\"url\":\"https:\\\/\\\/opengoal.ch\\\/\",\"name\":\"GOAL\",\"description\":\"Unlocking the Green Open Access potentiaL in scholarly and professional journals in Switzerland\",\"potentialAction\":[{\"@type\":\"SearchAction\",\"target\":{\"@type\":\"EntryPoint\",\"urlTemplate\":\"https:\\\/\\\/opengoal.ch\\\/?s={search_term_string}\"},\"query-input\":{\"@type\":\"PropertyValueSpecification\",\"valueRequired\":true,\"valueName\":\"search_term_string\"}}],\"inLanguage\":\"fr-FR\"}]}<\/script>\n<!-- \/ Yoast SEO plugin. -->","yoast_head_json":{"title":"Informations compl\u00e9mentaires - GOAL","robots":{"index":"index","follow":"follow","max-snippet":"max-snippet:-1","max-image-preview":"max-image-preview:large","max-video-preview":"max-video-preview:-1"},"canonical":"https:\/\/opengoal.ch\/project-goal\/further-information\/","og_locale":"fr_FR","og_type":"article","og_title":"Informations compl\u00e9mentaires - GOAL","og_url":"https:\/\/opengoal.ch\/project-goal\/further-information\/","og_site_name":"GOAL","article_modified_time":"2023-02-15T13:07:31+00:00","og_image":[{"width":1341,"height":945,"url":"https:\/\/opengoal.ch\/wp-content\/uploads\/Dokument1.png","type":"image\/png"}],"twitter_card":"summary_large_image","twitter_misc":{"Dur\u00e9e de lecture estim\u00e9e":"2 minutes"},"schema":{"@context":"https:\/\/schema.org","@graph":[{"@type":"WebPage","@id":"https:\/\/opengoal.ch\/project-goal\/further-information\/","url":"https:\/\/opengoal.ch\/project-goal\/further-information\/","name":"Informations compl\u00e9mentaires - GOAL","isPartOf":{"@id":"https:\/\/opengoal.ch\/#website"},"primaryImageOfPage":{"@id":"https:\/\/opengoal.ch\/project-goal\/further-information\/#primaryimage"},"image":{"@id":"https:\/\/opengoal.ch\/project-goal\/further-information\/#primaryimage"},"thumbnailUrl":"https:\/\/opengoal.ch\/wp-content\/uploads\/Dokument1.png","datePublished":"2022-08-11T12:15:33+00:00","dateModified":"2023-02-15T13:07:31+00:00","breadcrumb":{"@id":"https:\/\/opengoal.ch\/project-goal\/further-information\/#breadcrumb"},"inLanguage":"fr-FR","potentialAction":[{"@type":"ReadAction","target":["https:\/\/opengoal.ch\/project-goal\/further-information\/"]}]},{"@type":"ImageObject","inLanguage":"fr-FR","@id":"https:\/\/opengoal.ch\/project-goal\/further-information\/#primaryimage","url":"https:\/\/opengoal.ch\/wp-content\/uploads\/Dokument1.png","contentUrl":"https:\/\/opengoal.ch\/wp-content\/uploads\/Dokument1.png","width":1341,"height":945},{"@type":"BreadcrumbList","@id":"https:\/\/opengoal.ch\/project-goal\/further-information\/#breadcrumb","itemListElement":[{"@type":"ListItem","position":1,"name":"Home","item":"https:\/\/opengoal.ch\/"},{"@type":"ListItem","position":2,"name":"Project GOAL","item":"https:\/\/opengoal.ch\/project-goal\/"},{"@type":"ListItem","position":3,"name":"Further Information"}]},{"@type":"WebSite","@id":"https:\/\/opengoal.ch\/#website","url":"https:\/\/opengoal.ch\/","name":"GOAL","description":"Unlocking the Green Open Access potentiaL in scholarly and professional journals in Switzerland","potentialAction":[{"@type":"SearchAction","target":{"@type":"EntryPoint","urlTemplate":"https:\/\/opengoal.ch\/?s={search_term_string}"},"query-input":{"@type":"PropertyValueSpecification","valueRequired":true,"valueName":"search_term_string"}}],"inLanguage":"fr-FR"}]}},"_links":{"self":[{"href":"https:\/\/opengoal.ch\/fr\/wp-json\/wp\/v2\/pages\/30","targetHints":{"allow":["GET"]}}],"collection":[{"href":"https:\/\/opengoal.ch\/fr\/wp-json\/wp\/v2\/pages"}],"about":[{"href":"https:\/\/opengoal.ch\/fr\/wp-json\/wp\/v2\/types\/page"}],"author":[{"embeddable":true,"href":"https:\/\/opengoal.ch\/fr\/wp-json\/wp\/v2\/users\/1"}],"replies":[{"embeddable":true,"href":"https:\/\/opengoal.ch\/fr\/wp-json\/wp\/v2\/comments?post=30"}],"version-history":[{"count":31,"href":"https:\/\/opengoal.ch\/fr\/wp-json\/wp\/v2\/pages\/30\/revisions"}],"predecessor-version":[{"id":1039,"href":"https:\/\/opengoal.ch\/fr\/wp-json\/wp\/v2\/pages\/30\/revisions\/1039"}],"up":[{"embeddable":true,"href":"https:\/\/opengoal.ch\/fr\/wp-json\/wp\/v2\/pages\/23"}],"wp:featuredmedia":[{"embeddable":true,"href":"https:\/\/opengoal.ch\/fr\/wp-json\/wp\/v2\/media\/350"}],"wp:attachment":[{"href":"https:\/\/opengoal.ch\/fr\/wp-json\/wp\/v2\/media?parent=30"}],"curies":[{"name":"wp","href":"https:\/\/api.w.org\/{rel}","templated":true}]}}