{"id":26,"date":"2022-08-11T14:13:29","date_gmt":"2022-08-11T12:13:29","guid":{"rendered":"https:\/\/opengoal.ch\/?page_id=26"},"modified":"2023-02-15T13:35:35","modified_gmt":"2023-02-15T12:35:35","slug":"starting-position-and-objectives","status":"publish","type":"page","link":"https:\/\/opengoal.ch\/fr\/project-goal\/starting-position-and-objectives\/","title":{"rendered":"Situation de d\u00e9part"},"content":{"rendered":"\n<p>La strat\u00e9gie nationale suisse en mati\u00e8re d&rsquo;Open Access (OA) et son plan de mise en \u0153uvre correspondant sont cens\u00e9s soutenir \u00ab\u00a0un m\u00e9lange de mod\u00e8les OA\u00a0\u00bb. Cependant, les initiatives pr\u00e9c\u00e9dentes se sont principalement concentr\u00e9es sur les mod\u00e8les OA de type \u00ab\u00a0Gold\u00a0\u00bb et sur la perception de frais de traitement des articles (APC). Dans le m\u00eame temps, la voie de l&rsquo;OA vert pr\u00e9sente une solution viable et rentable pour accro\u00eetre l&rsquo;accessibilit\u00e9 des r\u00e9sultats de la recherche en vue de l&rsquo;objectif national de 100% d&rsquo;OA. Il s&rsquo;agit d&rsquo;une question particuli\u00e8rement pertinente pour les revues qui ne sont pas incluses dans les efforts en cours pour signer des accords dits transformateurs avec les grands \u00e9diteurs scientifiques. Avec ce projet, nous aimerions aborder cette opportunit\u00e9 jusqu&rsquo;\u00e0 pr\u00e9sent n\u00e9glig\u00e9e.<\/p>\n\n\n\n<p>Notre objectif ultime est de mettre en place des flux de travail plus syst\u00e9matiques et efficaces pour l&rsquo;auto-archivage d&rsquo;articles de revues dans des d\u00e9p\u00f4ts institutionnels. Plus pr\u00e9cis\u00e9ment, ce projet vise \u00e0 extraire le potentiel inexploit\u00e9 de Green OA en facilitant la coop\u00e9ration entre les universit\u00e9s de sciences appliqu\u00e9es (FHs), les universit\u00e9s de formation des enseignants (PHs) et les \u00e9diteurs de revues savantes et professionnelles. Le projet \u00ab\u00a0Open Access for Educational and Applied Sciences in Switzerland\u00a0\u00bb (OA-EASI), r\u00e9cemment achev\u00e9 et financ\u00e9 par swissuniversities, a montr\u00e9 que ces lieux de publication repr\u00e9sentent une grande majorit\u00e9 des publications de ce type d&rsquo;universit\u00e9s en Suisse. Pour ce faire, nous nous appuierons sur les r\u00e9sultats du projet OA-EASI et \u00e9tendrons son travail en incluant des donn\u00e9es plus r\u00e9centes sur les dossiers de publication des institutions partenaires.<\/p>\n\n\n\n<p>Sur la base de cette analyse, nous d\u00e9velopperons un ensemble de politiques, de proc\u00e9dures et de flux de travail pour ce type d&rsquo;institutions de recherche et les \u00e9diteurs concern\u00e9s afin de rationaliser les proc\u00e9dures d&rsquo;auto-archivage OA vert. Notre approche devrait soutenir les deux objectifs :<\/p>\n\n\n\n<ul class=\"wp-block-list\">\n<li>\u00e9tablir des politiques officielles, standardis\u00e9es et faciles \u00e0 interpr\u00e9ter pour les chercheurs et les gestionnaires de d\u00e9p\u00f4ts (y compris l&rsquo;enregistrement de ces nouvelles politiques dans la base de donn\u00e9es SHERPA \/ RoMEO, dans la mesure du possible).<\/li>\n\n\n\n<li>\u00catre suffisamment r\u00e9actif aux besoins et aux circonstances de ce type d&rsquo;universit\u00e9s et d&rsquo;\u00e9diteurs orient\u00e9s vers la pratique.<\/li>\n<\/ul>\n\n\n\n<p>A la fin du projet, les bonnes pratiques pour la mise en \u0153uvre de Green OA devraient \u00eatre largement adopt\u00e9es par les institutions concern\u00e9es en Suisse et au-del\u00e0. Dans ce projet, une grande majorit\u00e9 de FH et de PH ainsi qu&rsquo;une universit\u00e9 des arts en Suisse ont fait \u00e9quipe soit en tant qu&rsquo;institutions partenaires, soit en tant que partenaires associ\u00e9s. Notre objectif global est d&rsquo;augmenter la visibilit\u00e9 et l&rsquo;accessibilit\u00e9 des publications de nos institutions et de combler cette lacune dans le paysage de l&rsquo;OA en Suisse et au-del\u00e0.<\/p>\n","protected":false},"excerpt":{"rendered":"<p>La strat\u00e9gie nationale suisse en mati\u00e8re d&rsquo;Open Access (OA) et son plan de mise en \u0153uvre correspondant sont cens\u00e9s soutenir \u00ab\u00a0un m\u00e9lange de mod\u00e8les OA\u00a0\u00bb. Cependant, les initiatives pr\u00e9c\u00e9dentes se sont principalement concentr\u00e9es sur les mod\u00e8les OA de type \u00ab\u00a0Gold\u00a0\u00bb et sur la perception de frais de traitement des articles (APC). Dans le m\u00eame temps, [&hellip;]<\/p>\n","protected":false},"author":1,"featured_media":126,"parent":23,"menu_order":10,"comment_status":"closed","ping_status":"closed","template":"","meta":{"footnotes":""},"class_list":["post-26","page","type-page","status-publish","has-post-thumbnail","hentry"],"translation":{"provider":"WPGlobus","version":"3.0.2","language":"fr","enabled_languages":["gb","de","fr","it"],"languages":{"gb":{"title":true,"content":true,"excerpt":false},"de":{"title":true,"content":true,"excerpt":false},"fr":{"title":true,"content":true,"excerpt":false},"it":{"title":true,"content":true,"excerpt":false}}},"acf":[],"yoast_head":"<!-- This site is optimized with the Yoast SEO plugin v27.5 - https:\/\/yoast.com\/product\/yoast-seo-wordpress\/ -->\n<title>Situation de d\u00e9part - GOAL<\/title>\n<meta name=\"robots\" content=\"index, follow, max-snippet:-1, max-image-preview:large, max-video-preview:-1\" \/>\n<link rel=\"canonical\" href=\"https:\/\/opengoal.ch\/project-goal\/starting-position-and-objectives\/\" \/>\n<meta property=\"og:locale\" content=\"fr_FR\" \/>\n<meta property=\"og:type\" content=\"article\" \/>\n<meta property=\"og:title\" content=\"Situation de d\u00e9part - GOAL\" \/>\n<meta property=\"og:url\" content=\"https:\/\/opengoal.ch\/project-goal\/starting-position-and-objectives\/\" \/>\n<meta property=\"og:site_name\" content=\"GOAL\" \/>\n<meta property=\"article:modified_time\" content=\"2023-02-15T12:35:35+00:00\" \/>\n<meta property=\"og:image\" content=\"https:\/\/opengoal.ch\/wp-content\/uploads\/magazine-tile-image-scaled.jpg\" \/>\n\t<meta property=\"og:image:width\" content=\"2560\" \/>\n\t<meta property=\"og:image:height\" content=\"1707\" \/>\n\t<meta property=\"og:image:type\" content=\"image\/jpeg\" \/>\n<meta name=\"twitter:card\" content=\"summary_large_image\" \/>\n<meta name=\"twitter:label1\" content=\"Dur\u00e9e de lecture estim\u00e9e\" \/>\n\t<meta name=\"twitter:data1\" content=\"2 minutes\" \/>\n<script type=\"application\/ld+json\" class=\"yoast-schema-graph\">{\"@context\":\"https:\\\/\\\/schema.org\",\"@graph\":[{\"@type\":\"WebPage\",\"@id\":\"https:\\\/\\\/opengoal.ch\\\/project-goal\\\/starting-position-and-objectives\\\/\",\"url\":\"https:\\\/\\\/opengoal.ch\\\/project-goal\\\/starting-position-and-objectives\\\/\",\"name\":\"Situation de d\u00e9part - GOAL\",\"isPartOf\":{\"@id\":\"https:\\\/\\\/opengoal.ch\\\/#website\"},\"primaryImageOfPage\":{\"@id\":\"https:\\\/\\\/opengoal.ch\\\/project-goal\\\/starting-position-and-objectives\\\/#primaryimage\"},\"image\":{\"@id\":\"https:\\\/\\\/opengoal.ch\\\/project-goal\\\/starting-position-and-objectives\\\/#primaryimage\"},\"thumbnailUrl\":\"https:\\\/\\\/opengoal.ch\\\/wp-content\\\/uploads\\\/magazine-tile-image-scaled.jpg\",\"datePublished\":\"2022-08-11T12:13:29+00:00\",\"dateModified\":\"2023-02-15T12:35:35+00:00\",\"breadcrumb\":{\"@id\":\"https:\\\/\\\/opengoal.ch\\\/project-goal\\\/starting-position-and-objectives\\\/#breadcrumb\"},\"inLanguage\":\"fr-FR\",\"potentialAction\":[{\"@type\":\"ReadAction\",\"target\":[\"https:\\\/\\\/opengoal.ch\\\/project-goal\\\/starting-position-and-objectives\\\/\"]}]},{\"@type\":\"ImageObject\",\"inLanguage\":\"fr-FR\",\"@id\":\"https:\\\/\\\/opengoal.ch\\\/project-goal\\\/starting-position-and-objectives\\\/#primaryimage\",\"url\":\"https:\\\/\\\/opengoal.ch\\\/wp-content\\\/uploads\\\/magazine-tile-image-scaled.jpg\",\"contentUrl\":\"https:\\\/\\\/opengoal.ch\\\/wp-content\\\/uploads\\\/magazine-tile-image-scaled.jpg\",\"width\":2560,\"height\":1707,\"caption\":\"Pile of colorful magazines on a white table\"},{\"@type\":\"BreadcrumbList\",\"@id\":\"https:\\\/\\\/opengoal.ch\\\/project-goal\\\/starting-position-and-objectives\\\/#breadcrumb\",\"itemListElement\":[{\"@type\":\"ListItem\",\"position\":1,\"name\":\"Home\",\"item\":\"https:\\\/\\\/opengoal.ch\\\/\"},{\"@type\":\"ListItem\",\"position\":2,\"name\":\"Project GOAL\",\"item\":\"https:\\\/\\\/opengoal.ch\\\/project-goal\\\/\"},{\"@type\":\"ListItem\",\"position\":3,\"name\":\"Starting Position &#038; Objectives\"}]},{\"@type\":\"WebSite\",\"@id\":\"https:\\\/\\\/opengoal.ch\\\/#website\",\"url\":\"https:\\\/\\\/opengoal.ch\\\/\",\"name\":\"GOAL\",\"description\":\"Unlocking the Green Open Access potentiaL in scholarly and professional journals in Switzerland\",\"potentialAction\":[{\"@type\":\"SearchAction\",\"target\":{\"@type\":\"EntryPoint\",\"urlTemplate\":\"https:\\\/\\\/opengoal.ch\\\/?s={search_term_string}\"},\"query-input\":{\"@type\":\"PropertyValueSpecification\",\"valueRequired\":true,\"valueName\":\"search_term_string\"}}],\"inLanguage\":\"fr-FR\"}]}<\/script>\n<!-- \/ Yoast SEO plugin. -->","yoast_head_json":{"title":"Situation de d\u00e9part - GOAL","robots":{"index":"index","follow":"follow","max-snippet":"max-snippet:-1","max-image-preview":"max-image-preview:large","max-video-preview":"max-video-preview:-1"},"canonical":"https:\/\/opengoal.ch\/project-goal\/starting-position-and-objectives\/","og_locale":"fr_FR","og_type":"article","og_title":"Situation de d\u00e9part - GOAL","og_url":"https:\/\/opengoal.ch\/project-goal\/starting-position-and-objectives\/","og_site_name":"GOAL","article_modified_time":"2023-02-15T12:35:35+00:00","og_image":[{"width":2560,"height":1707,"url":"https:\/\/opengoal.ch\/wp-content\/uploads\/magazine-tile-image-scaled.jpg","type":"image\/jpeg"}],"twitter_card":"summary_large_image","twitter_misc":{"Dur\u00e9e de lecture estim\u00e9e":"2 minutes"},"schema":{"@context":"https:\/\/schema.org","@graph":[{"@type":"WebPage","@id":"https:\/\/opengoal.ch\/project-goal\/starting-position-and-objectives\/","url":"https:\/\/opengoal.ch\/project-goal\/starting-position-and-objectives\/","name":"Situation de d\u00e9part - GOAL","isPartOf":{"@id":"https:\/\/opengoal.ch\/#website"},"primaryImageOfPage":{"@id":"https:\/\/opengoal.ch\/project-goal\/starting-position-and-objectives\/#primaryimage"},"image":{"@id":"https:\/\/opengoal.ch\/project-goal\/starting-position-and-objectives\/#primaryimage"},"thumbnailUrl":"https:\/\/opengoal.ch\/wp-content\/uploads\/magazine-tile-image-scaled.jpg","datePublished":"2022-08-11T12:13:29+00:00","dateModified":"2023-02-15T12:35:35+00:00","breadcrumb":{"@id":"https:\/\/opengoal.ch\/project-goal\/starting-position-and-objectives\/#breadcrumb"},"inLanguage":"fr-FR","potentialAction":[{"@type":"ReadAction","target":["https:\/\/opengoal.ch\/project-goal\/starting-position-and-objectives\/"]}]},{"@type":"ImageObject","inLanguage":"fr-FR","@id":"https:\/\/opengoal.ch\/project-goal\/starting-position-and-objectives\/#primaryimage","url":"https:\/\/opengoal.ch\/wp-content\/uploads\/magazine-tile-image-scaled.jpg","contentUrl":"https:\/\/opengoal.ch\/wp-content\/uploads\/magazine-tile-image-scaled.jpg","width":2560,"height":1707,"caption":"Pile of colorful magazines on a white table"},{"@type":"BreadcrumbList","@id":"https:\/\/opengoal.ch\/project-goal\/starting-position-and-objectives\/#breadcrumb","itemListElement":[{"@type":"ListItem","position":1,"name":"Home","item":"https:\/\/opengoal.ch\/"},{"@type":"ListItem","position":2,"name":"Project GOAL","item":"https:\/\/opengoal.ch\/project-goal\/"},{"@type":"ListItem","position":3,"name":"Starting Position &#038; Objectives"}]},{"@type":"WebSite","@id":"https:\/\/opengoal.ch\/#website","url":"https:\/\/opengoal.ch\/","name":"GOAL","description":"Unlocking the Green Open Access potentiaL in scholarly and professional journals in Switzerland","potentialAction":[{"@type":"SearchAction","target":{"@type":"EntryPoint","urlTemplate":"https:\/\/opengoal.ch\/?s={search_term_string}"},"query-input":{"@type":"PropertyValueSpecification","valueRequired":true,"valueName":"search_term_string"}}],"inLanguage":"fr-FR"}]}},"_links":{"self":[{"href":"https:\/\/opengoal.ch\/fr\/wp-json\/wp\/v2\/pages\/26","targetHints":{"allow":["GET"]}}],"collection":[{"href":"https:\/\/opengoal.ch\/fr\/wp-json\/wp\/v2\/pages"}],"about":[{"href":"https:\/\/opengoal.ch\/fr\/wp-json\/wp\/v2\/types\/page"}],"author":[{"embeddable":true,"href":"https:\/\/opengoal.ch\/fr\/wp-json\/wp\/v2\/users\/1"}],"replies":[{"embeddable":true,"href":"https:\/\/opengoal.ch\/fr\/wp-json\/wp\/v2\/comments?post=26"}],"version-history":[{"count":15,"href":"https:\/\/opengoal.ch\/fr\/wp-json\/wp\/v2\/pages\/26\/revisions"}],"predecessor-version":[{"id":1021,"href":"https:\/\/opengoal.ch\/fr\/wp-json\/wp\/v2\/pages\/26\/revisions\/1021"}],"up":[{"embeddable":true,"href":"https:\/\/opengoal.ch\/fr\/wp-json\/wp\/v2\/pages\/23"}],"wp:featuredmedia":[{"embeddable":true,"href":"https:\/\/opengoal.ch\/fr\/wp-json\/wp\/v2\/media\/126"}],"wp:attachment":[{"href":"https:\/\/opengoal.ch\/fr\/wp-json\/wp\/v2\/media?parent=26"}],"curies":[{"name":"wp","href":"https:\/\/api.w.org\/{rel}","templated":true}]}}