{"id":15,"date":"2022-08-11T12:01:44","date_gmt":"2022-08-11T10:01:44","guid":{"rendered":"https:\/\/opengoal.ch\/?page_id=15"},"modified":"2024-10-29T11:11:08","modified_gmt":"2024-10-29T10:11:08","slug":"sounding-board","status":"publish","type":"page","link":"https:\/\/opengoal.ch\/fr\/team\/sounding-board\/","title":{"rendered":"Le Sounding Board"},"content":{"rendered":"\n<hr class=\"wp-block-separator has-alpha-channel-opacity is-style-default\"\/>\n\n\n\n<div class=\"wp-block-buttons is-content-justification-center is-layout-flex wp-container-core-buttons-is-layout-5590e8cb wp-block-buttons-is-layout-flex\">\n<div class=\"wp-block-button has-custom-font-size\" style=\"font-size:16px\"><a class=\"wp-block-button__link has-background wp-element-button\" href=\"#role-du-board\" style=\"border-radius:5px;background-color:#42926a\">R\u00f4le<\/a><\/div>\n\n\n\n<div class=\"wp-block-button has-custom-font-size\" style=\"font-size:16px\"><a class=\"wp-block-button__link has-background wp-element-button\" href=\"#membres\" style=\"border-radius:5px;background-color:#42926a\">Membres<\/a><\/div>\n<\/div>\n\n\n\n<hr class=\"wp-block-separator has-alpha-channel-opacity\"\/>\n\n\n\n<h2 class=\"wp-block-heading\" id=\"role-du-board\">Le r\u00f4le du Sounding Board<\/h2>\n\n\n\n<p>GOAL a l\u2019intention de rassembler le plus grand nombre possible de hautes \u00e9coles sp\u00e9cialis\u00e9es et de hautes \u00e9coles p\u00e9dagogiques suisses. Le Sounding Board est l\u2019organe dans lequel des sp\u00e9cialistes de l\u2019Open Access et\/ou d\u2019autres repr\u00e9sentants de ces institutions peuvent entrer en contact \u00e9troit avec GOAL.<\/p>\n\n\n\n<p>Le Sounding Board joue un r\u00f4le pertinent dans ce contexte, car il conseille l\u2019\u00e9quipe de projet sur les d\u00e9cisions importantes :<\/p>\n\n\n\n<ul class=\"wp-block-list\">\n<li>l\u2019inclusion ou l\u2019exclusion de certains types de revues,<\/li>\n\n\n\n<li>la consolidation de la coop\u00e9ration entre diff\u00e9rentes institutions,<\/li>\n\n\n\n<li>le d\u00e9veloppement d\u2019outils pouvant \u00eatre (r\u00e9)utilis\u00e9s par les partenaires du projet et les parties int\u00e9ress\u00e9es<\/li>\n<\/ul>\n\n\n\n<p>En outre, les membres du Sounding Board peuvent apporter leur contribution \u00e0 certaines \u00e9tapes du projet.<\/p>\n\n\n\n<figure class=\"wp-block-image size-full\"><img loading=\"lazy\" decoding=\"async\" width=\"768\" height=\"454\" src=\"https:\/\/opengoal.ch\/wp-content\/uploads\/Organigramm-GOAL.png\" alt=\"\" class=\"wp-image-274\" srcset=\"https:\/\/opengoal.ch\/wp-content\/uploads\/Organigramm-GOAL.png 768w, https:\/\/opengoal.ch\/wp-content\/uploads\/Organigramm-GOAL-300x177.png 300w\" sizes=\"auto, (max-width: 768px) 100vw, 768px\" \/><figcaption class=\"wp-element-caption\">L&rsquo;organisation interne de GOAL. Diagramme par l&rsquo;\u00e9quipe GOAL sous une licence <a href=\"https:\/\/creativecommons.org\/licenses\/by-sa\/4.0\/deed.fr\" data-type=\"URL\" data-id=\"https:\/\/creativecommons.org\/licenses\/by-sa\/4.0\/deed.fr\" target=\"_blank\" rel=\"noreferrer noopener\">CC-BY-SA 4.0<\/a>.<\/figcaption><\/figure>\n\n\n\n<h2 class=\"wp-block-heading\" id=\"membres\">Les membres du Sounding Board<\/h2>\n\n\n\n<p>Le Sounding Board se compose de repr\u00e9sentants de douze hautes \u00e9coles suisses diff\u00e9rentes. Huit&nbsp;<a href=\"#hautes-ecoles-pedagogiques\" data-type=\"internal\" data-id=\"#hautes-ecoles-pedagogiques\"><strong>hautes \u00e9coles p\u00e9dagogiques<\/strong><\/a>&nbsp;et quatre&nbsp;<strong><a href=\"#hautes-ecoles-specialisees\" data-type=\"internal\" data-id=\"#hautes-ecoles-specialisees\">hautes \u00e9coles sp\u00e9cialis\u00e9es<\/a><\/strong>&nbsp;en font partie. Les r\u00e9gions francophones, italophones et germanophones y sont repr\u00e9sent\u00e9es.<\/p>\n\n\n\n<hr class=\"wp-block-separator has-alpha-channel-opacity\"\/>\n\n\n\n<h3 class=\"wp-block-heading\" id=\"hautes-ecoles-pedagogiques\">Hautes \u00e9coles p\u00e9dagogiques :<\/h3>\n\n\n\n<div class=\"wp-block-columns is-layout-flex wp-container-core-columns-is-layout-9d6595d7 wp-block-columns-is-layout-flex\">\n<div class=\"wp-block-column is-layout-flow wp-block-column-is-layout-flow\">\n<figure class=\"wp-block-image size-full is-resized\"><img loading=\"lazy\" decoding=\"async\" width=\"5334\" height=\"518\" src=\"https:\/\/opengoal.ch\/wp-content\/uploads\/PHTG_Logo-Subline_horizontal_DE_Schwarz.png\" alt=\"\" class=\"wp-image-1711\" style=\"width:254px;height:35px\" srcset=\"https:\/\/opengoal.ch\/wp-content\/uploads\/PHTG_Logo-Subline_horizontal_DE_Schwarz.png 5334w, https:\/\/opengoal.ch\/wp-content\/uploads\/PHTG_Logo-Subline_horizontal_DE_Schwarz-300x29.png 300w, https:\/\/opengoal.ch\/wp-content\/uploads\/PHTG_Logo-Subline_horizontal_DE_Schwarz-1024x99.png 1024w, https:\/\/opengoal.ch\/wp-content\/uploads\/PHTG_Logo-Subline_horizontal_DE_Schwarz-768x75.png 768w, https:\/\/opengoal.ch\/wp-content\/uploads\/PHTG_Logo-Subline_horizontal_DE_Schwarz-1536x149.png 1536w, https:\/\/opengoal.ch\/wp-content\/uploads\/PHTG_Logo-Subline_horizontal_DE_Schwarz-2048x199.png 2048w\" sizes=\"auto, (max-width: 5334px) 100vw, 5334px\" \/><\/figure>\n<\/div>\n\n\n\n<div class=\"wp-block-column is-layout-flow wp-block-column-is-layout-flow\">\n<p><a rel=\"noreferrer noopener\" href=\"https:\/\/www.phtg.ch\/\" target=\"_blank\">P\u00e4dagogische Hochschule Thurgau<\/a><\/p>\n<\/div>\n\n\n\n<div class=\"wp-block-column is-layout-flow wp-block-column-is-layout-flow\">\n<p>Membre du Board: Stefan Willi<\/p>\n<\/div>\n<\/div>\n\n\n\n<div class=\"wp-block-columns is-layout-flex wp-container-core-columns-is-layout-9d6595d7 wp-block-columns-is-layout-flex\">\n<div class=\"wp-block-column is-layout-flow wp-block-column-is-layout-flow\">\n<figure class=\"wp-block-image size-full is-resized\"><img loading=\"lazy\" decoding=\"async\" width=\"585\" height=\"33\" src=\"https:\/\/opengoal.ch\/wp-content\/uploads\/logo_phsz.png\" alt=\"\" class=\"wp-image-294\" style=\"width:256px;height:14px\" srcset=\"https:\/\/opengoal.ch\/wp-content\/uploads\/logo_phsz.png 585w, https:\/\/opengoal.ch\/wp-content\/uploads\/logo_phsz-300x17.png 300w\" sizes=\"auto, (max-width: 585px) 100vw, 585px\" \/><\/figure>\n<\/div>\n\n\n\n<div class=\"wp-block-column is-layout-flow wp-block-column-is-layout-flow\">\n<p><a rel=\"noreferrer noopener\" href=\"https:\/\/www.phsz.ch\/\" target=\"_blank\">P\u00e4dagogische Hochschule Schwyz<\/a><\/p>\n<\/div>\n\n\n\n<div class=\"wp-block-column is-layout-flow wp-block-column-is-layout-flow\">\n<p>Membre du Board: Gerhard Bissels<\/p>\n<\/div>\n<\/div>\n\n\n\n<div class=\"wp-block-columns is-layout-flex wp-container-core-columns-is-layout-9d6595d7 wp-block-columns-is-layout-flex\">\n<div class=\"wp-block-column is-layout-flow wp-block-column-is-layout-flow\">\n<figure class=\"wp-block-image size-full is-resized\"><img loading=\"lazy\" decoding=\"async\" width=\"641\" height=\"130\" src=\"https:\/\/opengoal.ch\/wp-content\/uploads\/ph_bern_logo.png\" alt=\"\" class=\"wp-image-299\" style=\"width:178px;height:35px\" srcset=\"https:\/\/opengoal.ch\/wp-content\/uploads\/ph_bern_logo.png 641w, https:\/\/opengoal.ch\/wp-content\/uploads\/ph_bern_logo-300x61.png 300w\" sizes=\"auto, (max-width: 641px) 100vw, 641px\" \/><\/figure>\n<\/div>\n\n\n\n<div class=\"wp-block-column is-layout-flow wp-block-column-is-layout-flow\">\n<p><a rel=\"noreferrer noopener\" href=\"https:\/\/www.phbern.ch\/\" target=\"_blank\">P\u00e4dagogische Hochschule Bern<\/a><\/p>\n<\/div>\n\n\n\n<div class=\"wp-block-column is-layout-flow wp-block-column-is-layout-flow\">\n<p>Membre du Board: Judith Hangartner<\/p>\n<\/div>\n<\/div>\n\n\n\n<div class=\"wp-block-columns is-layout-flex wp-container-core-columns-is-layout-9d6595d7 wp-block-columns-is-layout-flex\">\n<div class=\"wp-block-column is-layout-flow wp-block-column-is-layout-flow\">\n<figure class=\"wp-block-image size-full is-resized\"><img loading=\"lazy\" decoding=\"async\" width=\"724\" height=\"120\" src=\"https:\/\/opengoal.ch\/wp-content\/uploads\/Logo_D_HfH_rgb_Hg_transp.png\" alt=\"\" class=\"wp-image-300\" style=\"width:173px;height:28px\" srcset=\"https:\/\/opengoal.ch\/wp-content\/uploads\/Logo_D_HfH_rgb_Hg_transp.png 724w, https:\/\/opengoal.ch\/wp-content\/uploads\/Logo_D_HfH_rgb_Hg_transp-300x50.png 300w\" sizes=\"auto, (max-width: 724px) 100vw, 724px\" \/><\/figure>\n<\/div>\n\n\n\n<div class=\"wp-block-column is-layout-flow wp-block-column-is-layout-flow\">\n<p><a rel=\"noreferrer noopener\" href=\"https:\/\/www.hfh.ch\/\" target=\"_blank\">Interkantonale Hochschule f\u00fcr Heilp\u00e4dagogik<\/a><\/p>\n<\/div>\n\n\n\n<div class=\"wp-block-column is-layout-flow wp-block-column-is-layout-flow\">\n<p>Membre du Board: \u00d6mer Even<\/p>\n<\/div>\n<\/div>\n\n\n\n<div class=\"wp-block-columns is-layout-flex wp-container-core-columns-is-layout-9d6595d7 wp-block-columns-is-layout-flex\">\n<div class=\"wp-block-column is-layout-flow wp-block-column-is-layout-flow\">\n<figure class=\"wp-block-image size-full is-resized\"><img loading=\"lazy\" decoding=\"async\" width=\"1024\" height=\"389\" src=\"https:\/\/opengoal.ch\/wp-content\/uploads\/logo-hep-vaud-bleu-noir-texte-grand.jpg\" alt=\"\" class=\"wp-image-301\" style=\"width:136px;height:52px\" srcset=\"https:\/\/opengoal.ch\/wp-content\/uploads\/logo-hep-vaud-bleu-noir-texte-grand.jpg 1024w, https:\/\/opengoal.ch\/wp-content\/uploads\/logo-hep-vaud-bleu-noir-texte-grand-300x114.jpg 300w, https:\/\/opengoal.ch\/wp-content\/uploads\/logo-hep-vaud-bleu-noir-texte-grand-768x292.jpg 768w\" sizes=\"auto, (max-width: 1024px) 100vw, 1024px\" \/><\/figure>\n<\/div>\n\n\n\n<div class=\"wp-block-column is-layout-flow wp-block-column-is-layout-flow\">\n<p><a rel=\"noreferrer noopener\" href=\"https:\/\/www.hepl.ch\/accueil.html\" target=\"_blank\">Haute \u00e9cole p\u00e9dagogique Vaud<\/a><\/p>\n<\/div>\n\n\n\n<div class=\"wp-block-column is-layout-flow wp-block-column-is-layout-flow\">\n<p>Membre du Board: Ermeline Jaggi<\/p>\n<\/div>\n<\/div>\n\n\n\n<div class=\"wp-block-columns is-layout-flex wp-container-core-columns-is-layout-9d6595d7 wp-block-columns-is-layout-flex\">\n<div class=\"wp-block-column is-layout-flow wp-block-column-is-layout-flow\">\n<figure class=\"wp-block-image size-full is-resized\"><img loading=\"lazy\" decoding=\"async\" width=\"1024\" height=\"359\" src=\"https:\/\/opengoal.ch\/wp-content\/uploads\/PH_Zug_Markierung_Stuetzung_Logo_cyan_rgb.jpg\" alt=\"\" class=\"wp-image-302\" style=\"width:125px;height:43px\" srcset=\"https:\/\/opengoal.ch\/wp-content\/uploads\/PH_Zug_Markierung_Stuetzung_Logo_cyan_rgb.jpg 1024w, https:\/\/opengoal.ch\/wp-content\/uploads\/PH_Zug_Markierung_Stuetzung_Logo_cyan_rgb-300x105.jpg 300w, https:\/\/opengoal.ch\/wp-content\/uploads\/PH_Zug_Markierung_Stuetzung_Logo_cyan_rgb-768x269.jpg 768w\" sizes=\"auto, (max-width: 1024px) 100vw, 1024px\" \/><\/figure>\n<\/div>\n\n\n\n<div class=\"wp-block-column is-layout-flow wp-block-column-is-layout-flow\">\n<p><a rel=\"noreferrer noopener\" href=\"https:\/\/www.zg.ch\/behoerden\/direktion-fur-bildung-und-kultur\/phzg\" target=\"_blank\">P\u00e4dagogische Hochschule Zug<\/a><\/p>\n<\/div>\n\n\n\n<div class=\"wp-block-column is-layout-flow wp-block-column-is-layout-flow\">\n<p>Membre du Board: Ibrahim Ak\u00f6zel-Bussmann<\/p>\n<\/div>\n<\/div>\n\n\n\n<div class=\"wp-block-columns is-layout-flex wp-container-core-columns-is-layout-9d6595d7 wp-block-columns-is-layout-flex\">\n<div class=\"wp-block-column is-layout-flow wp-block-column-is-layout-flow\">\n<figure class=\"wp-block-image size-full is-resized\"><img loading=\"lazy\" decoding=\"async\" width=\"451\" height=\"184\" src=\"https:\/\/opengoal.ch\/wp-content\/uploads\/ph_sh.jpg\" alt=\"\" class=\"wp-image-303\" style=\"width:120px;height:49px\" srcset=\"https:\/\/opengoal.ch\/wp-content\/uploads\/ph_sh.jpg 451w, https:\/\/opengoal.ch\/wp-content\/uploads\/ph_sh-300x122.jpg 300w\" sizes=\"auto, (max-width: 451px) 100vw, 451px\" \/><\/figure>\n<\/div>\n\n\n\n<div class=\"wp-block-column is-layout-flow wp-block-column-is-layout-flow\">\n<p><a rel=\"noreferrer noopener\" href=\"https:\/\/www.phsh.ch\/\" target=\"_blank\">P\u00e4dagogische Hochschule Schaffhausen<\/a><\/p>\n<\/div>\n\n\n\n<div class=\"wp-block-column is-layout-flow wp-block-column-is-layout-flow\">\n<p>Membre du Board: Sabine Wahrenberger<\/p>\n<\/div>\n<\/div>\n\n\n\n<div class=\"wp-block-columns is-layout-flex wp-container-core-columns-is-layout-9d6595d7 wp-block-columns-is-layout-flex\">\n<div class=\"wp-block-column is-layout-flow wp-block-column-is-layout-flow\">\n<figure class=\"wp-block-image size-full is-resized\"><img loading=\"lazy\" decoding=\"async\" width=\"144\" height=\"64\" src=\"https:\/\/opengoal.ch\/wp-content\/uploads\/Logo-PH-SG.png\" alt=\"\" class=\"wp-image-306\" style=\"width:118px;height:52px\"\/><\/figure>\n<\/div>\n\n\n\n<div class=\"wp-block-column is-layout-flow wp-block-column-is-layout-flow\">\n<p><a rel=\"noreferrer noopener\" href=\"https:\/\/www.phsg.ch\/de\" target=\"_blank\">P\u00e4dagogische Hochschule St.Gallen<\/a><\/p>\n<\/div>\n\n\n\n<div class=\"wp-block-column is-layout-flow wp-block-column-is-layout-flow\">\n<p>Membre du Board: Christian Muheim<\/p>\n<\/div>\n<\/div>\n\n\n\n<h3 class=\"wp-block-heading\" id=\"hautes-ecoles-specialisees\"><strong>Hautes \u00e9coles sp\u00e9cialis\u00e9es :<\/strong><\/h3>\n\n\n\n<div class=\"wp-block-columns is-layout-flex wp-container-core-columns-is-layout-9d6595d7 wp-block-columns-is-layout-flex\">\n<div class=\"wp-block-column is-layout-flow wp-block-column-is-layout-flow\">\n<figure class=\"wp-block-image size-full is-resized\"><img loading=\"lazy\" decoding=\"async\" width=\"800\" height=\"126\" src=\"https:\/\/opengoal.ch\/wp-content\/uploads\/fhgr.png\" alt=\"\" class=\"wp-image-309\" style=\"width:182px;height:28px\" srcset=\"https:\/\/opengoal.ch\/wp-content\/uploads\/fhgr.png 800w, https:\/\/opengoal.ch\/wp-content\/uploads\/fhgr-300x47.png 300w, https:\/\/opengoal.ch\/wp-content\/uploads\/fhgr-768x121.png 768w\" sizes=\"auto, (max-width: 800px) 100vw, 800px\" \/><\/figure>\n<\/div>\n\n\n\n<div class=\"wp-block-column is-layout-flow wp-block-column-is-layout-flow\">\n<p><a rel=\"noreferrer noopener\" href=\"https:\/\/www.fhgr.ch\/\" target=\"_blank\">Fachhochschule Graub\u00fcnden<\/a><\/p>\n<\/div>\n\n\n\n<div class=\"wp-block-column is-layout-flow wp-block-column-is-layout-flow\">\n<p>Membre du Board: Cristina Carlino<\/p>\n<\/div>\n<\/div>\n\n\n\n<div class=\"wp-block-columns is-layout-flex wp-container-core-columns-is-layout-9d6595d7 wp-block-columns-is-layout-flex\">\n<div class=\"wp-block-column is-layout-flow wp-block-column-is-layout-flow\">\n<figure class=\"wp-block-image size-full is-resized\"><img loading=\"lazy\" decoding=\"async\" width=\"683\" height=\"175\" src=\"https:\/\/opengoal.ch\/wp-content\/uploads\/HES_SO_Logo_RGB.png\" alt=\"\" class=\"wp-image-311\" style=\"width:151px;height:38px\" srcset=\"https:\/\/opengoal.ch\/wp-content\/uploads\/HES_SO_Logo_RGB.png 683w, https:\/\/opengoal.ch\/wp-content\/uploads\/HES_SO_Logo_RGB-300x77.png 300w\" sizes=\"auto, (max-width: 683px) 100vw, 683px\" \/><\/figure>\n<\/div>\n\n\n\n<div class=\"wp-block-column is-layout-flow wp-block-column-is-layout-flow\">\n<p><a rel=\"noreferrer noopener\" href=\"https:\/\/www.hes-so.ch\/accueil\" target=\"_blank\">Haute \u00e9cole sp\u00e9cialis\u00e9e de Suisse occidentale<\/a><\/p>\n<\/div>\n\n\n\n<div class=\"wp-block-column is-layout-flow wp-block-column-is-layout-flow\">\n<p>Membre du Board: Isabelle Lucas<\/p>\n<\/div>\n<\/div>\n\n\n\n<div class=\"wp-block-columns is-layout-flex wp-container-core-columns-is-layout-9d6595d7 wp-block-columns-is-layout-flex\">\n<div class=\"wp-block-column is-layout-flow wp-block-column-is-layout-flow\">\n<figure class=\"wp-block-image size-full is-resized\"><img loading=\"lazy\" decoding=\"async\" width=\"1024\" height=\"507\" src=\"https:\/\/opengoal.ch\/wp-content\/uploads\/OST_Logo_DE.jpg\" alt=\"\" class=\"wp-image-312\" style=\"width:151px;height:74px\" srcset=\"https:\/\/opengoal.ch\/wp-content\/uploads\/OST_Logo_DE.jpg 1024w, https:\/\/opengoal.ch\/wp-content\/uploads\/OST_Logo_DE-300x149.jpg 300w, https:\/\/opengoal.ch\/wp-content\/uploads\/OST_Logo_DE-768x380.jpg 768w\" sizes=\"auto, (max-width: 1024px) 100vw, 1024px\" \/><\/figure>\n<\/div>\n\n\n\n<div class=\"wp-block-column is-layout-flow wp-block-column-is-layout-flow\">\n<p><a rel=\"noreferrer noopener\" href=\"https:\/\/www.ost.ch\/de\/\" target=\"_blank\">OST \u2013 Ostschweizer Fachhochschule<\/a><\/p>\n<\/div>\n\n\n\n<div class=\"wp-block-column is-layout-flow wp-block-column-is-layout-flow\">\n<p>Membre du Board: Vitus G\u00e4mperli<\/p>\n<\/div>\n<\/div>\n\n\n\n<div class=\"wp-block-columns is-layout-flex wp-container-core-columns-is-layout-9d6595d7 wp-block-columns-is-layout-flex\">\n<div class=\"wp-block-column is-layout-flow wp-block-column-is-layout-flow\">\n<figure class=\"wp-block-image size-full is-resized\"><img loading=\"lazy\" decoding=\"async\" width=\"690\" height=\"305\" src=\"https:\/\/opengoal.ch\/wp-content\/uploads\/logo-SUPSI.png\" alt=\"\" class=\"wp-image-313\" style=\"width:150px;height:66px\" srcset=\"https:\/\/opengoal.ch\/wp-content\/uploads\/logo-SUPSI.png 690w, https:\/\/opengoal.ch\/wp-content\/uploads\/logo-SUPSI-300x133.png 300w\" sizes=\"auto, (max-width: 690px) 100vw, 690px\" \/><\/figure>\n<\/div>\n\n\n\n<div class=\"wp-block-column is-layout-flow wp-block-column-is-layout-flow\">\n<p><a rel=\"noreferrer noopener\" href=\"https:\/\/www.supsi.ch\/home.html\" target=\"_blank\">Scuola universitaria professionale della Svizzera italiana<\/a><\/p>\n<\/div>\n\n\n\n<div class=\"wp-block-column is-layout-flow wp-block-column-is-layout-flow\">\n<p>Membres du Board: Loredana Alberti &amp; Iolanda Pensa<\/p>\n<\/div>\n<\/div>\n","protected":false},"excerpt":{"rendered":"<p>Le r\u00f4le du Sounding Board GOAL a l\u2019intention de rassembler le plus grand nombre possible de hautes \u00e9coles sp\u00e9cialis\u00e9es et de hautes \u00e9coles p\u00e9dagogiques suisses. Le Sounding Board est l\u2019organe dans lequel des sp\u00e9cialistes de l\u2019Open Access et\/ou d\u2019autres repr\u00e9sentants de ces institutions peuvent entrer en contact \u00e9troit avec GOAL. Le Sounding Board joue un [&hellip;]<\/p>\n","protected":false},"author":1,"featured_media":0,"parent":11,"menu_order":20,"comment_status":"closed","ping_status":"closed","template":"page-templates\/sounding-board-template.php","meta":{"footnotes":""},"class_list":["post-15","page","type-page","status-publish","hentry"],"translation":{"provider":"WPGlobus","version":"3.0.2","language":"fr","enabled_languages":["gb","de","fr","it"],"languages":{"gb":{"title":true,"content":true,"excerpt":false},"de":{"title":true,"content":true,"excerpt":false},"fr":{"title":true,"content":true,"excerpt":false},"it":{"title":true,"content":true,"excerpt":false}}},"acf":[],"yoast_head":"<!-- This site is optimized with the Yoast SEO plugin v27.5 - https:\/\/yoast.com\/product\/yoast-seo-wordpress\/ -->\n<title>Le Sounding Board - GOAL<\/title>\n<meta name=\"robots\" content=\"index, follow, max-snippet:-1, max-image-preview:large, max-video-preview:-1\" \/>\n<link rel=\"canonical\" href=\"https:\/\/opengoal.ch\/team\/sounding-board\/\" \/>\n<meta property=\"og:locale\" content=\"fr_FR\" \/>\n<meta property=\"og:type\" content=\"article\" \/>\n<meta property=\"og:title\" content=\"Le Sounding Board - GOAL\" \/>\n<meta property=\"og:url\" content=\"https:\/\/opengoal.ch\/team\/sounding-board\/\" \/>\n<meta property=\"og:site_name\" content=\"GOAL\" \/>\n<meta property=\"article:modified_time\" content=\"2024-10-29T10:11:08+00:00\" \/>\n<meta property=\"og:image\" content=\"https:\/\/opengoal.ch\/wp-content\/uploads\/Organigramm-GOAL.png\" \/>\n\t<meta property=\"og:image:width\" content=\"768\" \/>\n\t<meta property=\"og:image:height\" content=\"454\" \/>\n\t<meta property=\"og:image:type\" content=\"image\/png\" \/>\n<meta name=\"twitter:card\" content=\"summary_large_image\" \/>\n<meta name=\"twitter:label1\" content=\"Dur\u00e9e de lecture estim\u00e9e\" \/>\n\t<meta name=\"twitter:data1\" content=\"4 minutes\" \/>\n<script type=\"application\/ld+json\" class=\"yoast-schema-graph\">{\"@context\":\"https:\\\/\\\/schema.org\",\"@graph\":[{\"@type\":\"WebPage\",\"@id\":\"https:\\\/\\\/opengoal.ch\\\/team\\\/sounding-board\\\/\",\"url\":\"https:\\\/\\\/opengoal.ch\\\/team\\\/sounding-board\\\/\",\"name\":\"Le Sounding Board - GOAL\",\"isPartOf\":{\"@id\":\"https:\\\/\\\/opengoal.ch\\\/#website\"},\"primaryImageOfPage\":{\"@id\":\"https:\\\/\\\/opengoal.ch\\\/team\\\/sounding-board\\\/#primaryimage\"},\"image\":{\"@id\":\"https:\\\/\\\/opengoal.ch\\\/team\\\/sounding-board\\\/#primaryimage\"},\"thumbnailUrl\":\"https:\\\/\\\/opengoal.ch\\\/wp-content\\\/uploads\\\/Organigramm-GOAL.png\",\"datePublished\":\"2022-08-11T10:01:44+00:00\",\"dateModified\":\"2024-10-29T10:11:08+00:00\",\"breadcrumb\":{\"@id\":\"https:\\\/\\\/opengoal.ch\\\/team\\\/sounding-board\\\/#breadcrumb\"},\"inLanguage\":\"fr-FR\",\"potentialAction\":[{\"@type\":\"ReadAction\",\"target\":[\"https:\\\/\\\/opengoal.ch\\\/team\\\/sounding-board\\\/\"]}]},{\"@type\":\"ImageObject\",\"inLanguage\":\"fr-FR\",\"@id\":\"https:\\\/\\\/opengoal.ch\\\/team\\\/sounding-board\\\/#primaryimage\",\"url\":\"https:\\\/\\\/opengoal.ch\\\/wp-content\\\/uploads\\\/Organigramm-GOAL.png\",\"contentUrl\":\"https:\\\/\\\/opengoal.ch\\\/wp-content\\\/uploads\\\/Organigramm-GOAL.png\"},{\"@type\":\"BreadcrumbList\",\"@id\":\"https:\\\/\\\/opengoal.ch\\\/team\\\/sounding-board\\\/#breadcrumb\",\"itemListElement\":[{\"@type\":\"ListItem\",\"position\":1,\"name\":\"Home\",\"item\":\"https:\\\/\\\/opengoal.ch\\\/\"},{\"@type\":\"ListItem\",\"position\":2,\"name\":\"Team\",\"item\":\"https:\\\/\\\/opengoal.ch\\\/team\\\/\"},{\"@type\":\"ListItem\",\"position\":3,\"name\":\"Sounding Board\"}]},{\"@type\":\"WebSite\",\"@id\":\"https:\\\/\\\/opengoal.ch\\\/#website\",\"url\":\"https:\\\/\\\/opengoal.ch\\\/\",\"name\":\"GOAL\",\"description\":\"Unlocking the Green Open Access potentiaL in scholarly and professional journals in Switzerland\",\"potentialAction\":[{\"@type\":\"SearchAction\",\"target\":{\"@type\":\"EntryPoint\",\"urlTemplate\":\"https:\\\/\\\/opengoal.ch\\\/?s={search_term_string}\"},\"query-input\":{\"@type\":\"PropertyValueSpecification\",\"valueRequired\":true,\"valueName\":\"search_term_string\"}}],\"inLanguage\":\"fr-FR\"}]}<\/script>\n<!-- \/ Yoast SEO plugin. -->","yoast_head_json":{"title":"Le Sounding Board - GOAL","robots":{"index":"index","follow":"follow","max-snippet":"max-snippet:-1","max-image-preview":"max-image-preview:large","max-video-preview":"max-video-preview:-1"},"canonical":"https:\/\/opengoal.ch\/team\/sounding-board\/","og_locale":"fr_FR","og_type":"article","og_title":"Le Sounding Board - GOAL","og_url":"https:\/\/opengoal.ch\/team\/sounding-board\/","og_site_name":"GOAL","article_modified_time":"2024-10-29T10:11:08+00:00","og_image":[{"width":768,"height":454,"url":"https:\/\/opengoal.ch\/wp-content\/uploads\/Organigramm-GOAL.png","type":"image\/png"}],"twitter_card":"summary_large_image","twitter_misc":{"Dur\u00e9e de lecture estim\u00e9e":"4 minutes"},"schema":{"@context":"https:\/\/schema.org","@graph":[{"@type":"WebPage","@id":"https:\/\/opengoal.ch\/team\/sounding-board\/","url":"https:\/\/opengoal.ch\/team\/sounding-board\/","name":"Le Sounding Board - GOAL","isPartOf":{"@id":"https:\/\/opengoal.ch\/#website"},"primaryImageOfPage":{"@id":"https:\/\/opengoal.ch\/team\/sounding-board\/#primaryimage"},"image":{"@id":"https:\/\/opengoal.ch\/team\/sounding-board\/#primaryimage"},"thumbnailUrl":"https:\/\/opengoal.ch\/wp-content\/uploads\/Organigramm-GOAL.png","datePublished":"2022-08-11T10:01:44+00:00","dateModified":"2024-10-29T10:11:08+00:00","breadcrumb":{"@id":"https:\/\/opengoal.ch\/team\/sounding-board\/#breadcrumb"},"inLanguage":"fr-FR","potentialAction":[{"@type":"ReadAction","target":["https:\/\/opengoal.ch\/team\/sounding-board\/"]}]},{"@type":"ImageObject","inLanguage":"fr-FR","@id":"https:\/\/opengoal.ch\/team\/sounding-board\/#primaryimage","url":"https:\/\/opengoal.ch\/wp-content\/uploads\/Organigramm-GOAL.png","contentUrl":"https:\/\/opengoal.ch\/wp-content\/uploads\/Organigramm-GOAL.png"},{"@type":"BreadcrumbList","@id":"https:\/\/opengoal.ch\/team\/sounding-board\/#breadcrumb","itemListElement":[{"@type":"ListItem","position":1,"name":"Home","item":"https:\/\/opengoal.ch\/"},{"@type":"ListItem","position":2,"name":"Team","item":"https:\/\/opengoal.ch\/team\/"},{"@type":"ListItem","position":3,"name":"Sounding Board"}]},{"@type":"WebSite","@id":"https:\/\/opengoal.ch\/#website","url":"https:\/\/opengoal.ch\/","name":"GOAL","description":"Unlocking the Green Open Access potentiaL in scholarly and professional journals in Switzerland","potentialAction":[{"@type":"SearchAction","target":{"@type":"EntryPoint","urlTemplate":"https:\/\/opengoal.ch\/?s={search_term_string}"},"query-input":{"@type":"PropertyValueSpecification","valueRequired":true,"valueName":"search_term_string"}}],"inLanguage":"fr-FR"}]}},"_links":{"self":[{"href":"https:\/\/opengoal.ch\/fr\/wp-json\/wp\/v2\/pages\/15","targetHints":{"allow":["GET"]}}],"collection":[{"href":"https:\/\/opengoal.ch\/fr\/wp-json\/wp\/v2\/pages"}],"about":[{"href":"https:\/\/opengoal.ch\/fr\/wp-json\/wp\/v2\/types\/page"}],"author":[{"embeddable":true,"href":"https:\/\/opengoal.ch\/fr\/wp-json\/wp\/v2\/users\/1"}],"replies":[{"embeddable":true,"href":"https:\/\/opengoal.ch\/fr\/wp-json\/wp\/v2\/comments?post=15"}],"version-history":[{"count":87,"href":"https:\/\/opengoal.ch\/fr\/wp-json\/wp\/v2\/pages\/15\/revisions"}],"predecessor-version":[{"id":1721,"href":"https:\/\/opengoal.ch\/fr\/wp-json\/wp\/v2\/pages\/15\/revisions\/1721"}],"up":[{"embeddable":true,"href":"https:\/\/opengoal.ch\/fr\/wp-json\/wp\/v2\/pages\/11"}],"wp:attachment":[{"href":"https:\/\/opengoal.ch\/fr\/wp-json\/wp\/v2\/media?parent=15"}],"curies":[{"name":"wp","href":"https:\/\/api.w.org\/{rel}","templated":true}]}}