{"id":7,"date":"2022-08-11T11:57:51","date_gmt":"2022-08-11T09:57:51","guid":{"rendered":"https:\/\/opengoal.ch\/?page_id=7"},"modified":"2024-10-31T17:10:19","modified_gmt":"2024-10-31T16:10:19","slug":"home","status":"publish","type":"page","link":"https:\/\/opengoal.ch\/de\/","title":{"rendered":"GOAL &#8211; Unlocking the green open access potential"},"content":{"rendered":"<ul class=\"wp-block-latest-posts__list is-grid columns-3 wp-block-latest-posts\"><li><a class=\"wp-block-latest-posts__post-title\" href=\"https:\/\/opengoal.ch\/de\/open-access-in-switzerland-are-we-reaching-the-goals-a-report-of-the-panel-discussion\/\">\u00a0\u201cOpen Access in Switzerland: Are we reaching the GOALs?\u201d: A report of the panel discussion<\/a><div class=\"wp-block-latest-posts__post-excerpt\">&#8222;We have failed&#8220;. With this short statement Tobias Philipp, Open Access Coordinator at the Swiss National Science Foundation (SNSF), explained the need to revise the\u2026\u00a0<a class=\"wp-block-latest-posts__read-more\" href=\"https:\/\/opengoal.ch\/de\/open-access-in-switzerland-are-we-reaching-the-goals-a-report-of-the-panel-discussion\/\" rel=\"noopener noreferrer\"><span class=\"screen-reader-text\">\u00a0\u201cOpen Access in Switzerland: Are we reaching the GOALs?\u201d: A report of the panel discussion <\/span>weiterlesen<\/a><\/div><\/li>\n<li><a class=\"wp-block-latest-posts__post-title\" href=\"https:\/\/opengoal.ch\/de\/green-open-access-is-easy\/\">Green Open Access is easy!<\/a><div class=\"wp-block-latest-posts__post-excerpt\">Create your own Green OA policy in just a few clicks Green Open Access is about making content accessible to all in an easy and\u2026\u00a0<a class=\"wp-block-latest-posts__read-more\" href=\"https:\/\/opengoal.ch\/de\/green-open-access-is-easy\/\" rel=\"noopener noreferrer\"><span class=\"screen-reader-text\">Green Open Access is easy! <\/span>weiterlesen<\/a><\/div><\/li>\n<li><a class=\"wp-block-latest-posts__post-title\" href=\"https:\/\/opengoal.ch\/de\/open-access-in-switzerland-are-we-reaching-the-goals\/\">Open Access in Switzerland &#8211; Are we reaching the GOALs?<\/a><div class=\"wp-block-latest-posts__post-excerpt\">Final Event Project GOAL &#8211; Thursday, 24.10.2024 The \u201cGOAL\u201d project, that set off to unlock the Green Open Access potential in scholarly and professional journals\u2026\u00a0<a class=\"wp-block-latest-posts__read-more\" href=\"https:\/\/opengoal.ch\/de\/open-access-in-switzerland-are-we-reaching-the-goals\/\" rel=\"noopener noreferrer\"><span class=\"screen-reader-text\">Open Access in Switzerland &#8211; Are we reaching the GOALs? <\/span>weiterlesen<\/a><\/div><\/li>\n<\/ul>\n\n\n<div class=\"wp-block-buttons is-layout-flex wp-block-buttons-is-layout-flex\">\n<div class=\"wp-block-button alignright has-custom-font-size is-style-fill\" style=\"font-size:16px\"><a class=\"wp-block-button__link has-background wp-element-button\" href=\"https:\/\/opengoal.ch\/de\/news\/\" style=\"border-radius:5px;background-color:#42926a\">Alle News lesen<\/a><\/div>\n<\/div>\n\n\n\n<h2 class=\"wp-block-heading\">\u00dcber GOAL<\/h2>\n\n\n<div class=\"row\">\n        <div class=\"col-12 col-lg-6 g-accordion-wrapper\">\n                    <div class=\"g-accordion-block\">\n                <div class=\"g-accordion-title\">\n                    Was ist GOAL?                <\/div>\n                <div class=\"g-accordion-content\">\n                    <p>GOAL ist ein von swissuniversities mitfinanziertes Projekt, welches zum Ziel hat, das Potential von Green Open Access bei wissenschaftlichen Zeitschriften und Fachjournalen auszusch\u00f6pfen.<\/p>\n                <\/div>\n            <\/div>\n                    <div class=\"g-accordion-block\">\n                <div class=\"g-accordion-title\">\n                    Was meinen wir mit Green Open Access (Gr\u00fcner Weg)?                <\/div>\n                <div class=\"g-accordion-content\">\n                    <p>Unter Green Open Access verstehen wir die <span id=\"su_tooltip_69f2647410cf3_button\" class=\"su-tooltip-button su-tooltip-button-outline-yes\" aria-describedby=\"su_tooltip_69f2647410cf3\" data-settings='{\"position\":\"top\",\"behavior\":\"hover\",\"hideDelay\":0}' tabindex=\"0\"><mark class=\"has-inline-color\"><strong>Zweitver\u00f6ffentlichung<\/strong><\/mark><\/span><span style=\"display:none;z-index:100\" id=\"su_tooltip_69f2647410cf3\" class=\"su-tooltip\" role=\"tooltip\"><span class=\"su-tooltip-inner su-tooltip-shadow-no\" style=\"z-index:100;background:#e3efc3;color:#0B0B3B;font-size:16px;border-radius:5px;text-align:left;max-width:300px;line-height:1.25\"><span class=\"su-tooltip-title\">Zweitver\u00f6ffentlichung:<\/span><span class=\"su-tooltip-content su-u-trim\">Werk bei dem die Erstver\u00f6ffentlichung \u00fcber einen Verlag stattgefunden hat<\/span><\/span><span id=\"su_tooltip_69f2647410cf3_arrow\" class=\"su-tooltip-arrow\" style=\"z-index:100;background:#e3efc3\" data-popper-arrow><\/span><\/span> eines Artikels aus einer Zeitschrift, welcher entweder auf einem <span id=\"su_tooltip_69f2647410dbe_button\" class=\"su-tooltip-button su-tooltip-button-outline-yes\" aria-describedby=\"su_tooltip_69f2647410dbe\" data-settings='{\"position\":\"top\",\"behavior\":\"hover\",\"hideDelay\":0}' tabindex=\"0\"><mark class=\"has-inline-color\"><strong>fachspezifischen Repositorium oder einem institutionellen Repositorium<\/strong><\/mark><\/span><span style=\"display:none;z-index:100\" id=\"su_tooltip_69f2647410dbe\" class=\"su-tooltip\" role=\"tooltip\"><span class=\"su-tooltip-inner su-tooltip-shadow-no\" style=\"z-index:100;background:#e3efc3;color:#0B0B3B;font-size:16px;border-radius:5px;text-align:left;max-width:300px;line-height:1.25\"><span class=\"su-tooltip-title\">Fachrepositorium oder institutionelles Repositorium:<\/span><span class=\"su-tooltip-content su-u-trim\">Onlinearchiv das von einer nicht profitorientierten Organisation betrieben wird (bsp. eine universit\u00e4re Einrichtung) und das Soziale Netzwerke wie bsp. Researchgate ausschliesst<\/span><\/span><span id=\"su_tooltip_69f2647410dbe_arrow\" class=\"su-tooltip-arrow\" style=\"z-index:100;background:#e3efc3\" data-popper-arrow><\/span><\/span> online <span id=\"su_tooltip_69f2647410e4d_button\" class=\"su-tooltip-button su-tooltip-button-outline-yes\" aria-describedby=\"su_tooltip_69f2647410e4d\" data-settings='{\"position\":\"top\",\"behavior\":\"hover\",\"hideDelay\":0}' tabindex=\"0\"><mark class=\"has-inline-color\"><strong>frei zug\u00e4nglich<\/strong><\/mark><\/span><span style=\"display:none;z-index:100\" id=\"su_tooltip_69f2647410e4d\" class=\"su-tooltip\" role=\"tooltip\"><span class=\"su-tooltip-inner su-tooltip-shadow-no\" style=\"z-index:100;background:#e3efc3;color:#0B0B3B;font-size:16px;border-radius:5px;text-align:left;max-width:300px;line-height:1.25\"><span class=\"su-tooltip-title\">Frei zug\u00e4nglich:<\/span><span class=\"su-tooltip-content su-u-trim\">Beinhaltet einen freien Lesezugang und idealerweise auch bestimmte Rechte der Nachnutzung (siehe: Creative Commons Lizenzen)<\/span><\/span><span id=\"su_tooltip_69f2647410e4d_arrow\" class=\"su-tooltip-arrow\" style=\"z-index:100;background:#e3efc3\" data-popper-arrow><\/span><\/span> gemacht wird.<\/p>\n                <\/div>\n            <\/div>\n            <\/div>\n    <div class=\"col12 col-lg-6 g-accordion-wrapper\">\n                    <div class=\"g-accordion-block\">\n                <div class=\"g-accordion-title\">\n                    Warum GOAL?                <\/div>\n                <div class=\"g-accordion-content\">\n                    <p><\/p>\n<p>Auf dem Gr\u00fcnen Weg kann Open Access bei allen Beteiligten nachhaltig gef\u00f6rdert werden:<\/p>\n<p> <\/p>\n<ul class=\"wp-block-list\"><\/p>\n<li>Bei den Verlagen<\/li>\n<li>Bei den Bibliotheken<\/li>\n<li>Bei den Forschenden<\/li>\n<\/ul>\n<p><\/p>\n                <\/div>\n            <\/div>\n                    <div class=\"g-accordion-block\">\n                <div class=\"g-accordion-title\">\n                    Wer beteiligt sich an GOAL?                <\/div>\n                <div class=\"g-accordion-content\">\n                    <p>F\u00fchrende Institution ist die ZHAW, die HSLU, ZHdK, FHNW sowie die PH Fribourg sind Partner. Ein <a href=\"https:\/\/opengoal.ch\/de\/team\/sounding-board\/\" target=\"_blank\" rel=\"noreferrer noopener\"><strong>Sounding Board<\/strong><\/a> bestehend aus zw\u00f6lf weiteren Institutionen steht dem GOAL Team beratend und unterst\u00fctzend zur Seite.<\/p>\n                <\/div>\n            <\/div>\n            <\/div>\n<\/div>\n\n\n<h2 class=\"has-text-align-left wp-block-heading\">Team<\/h2>\n\n\n\n<div class=\"wp-block-columns has-white-background-color has-background is-layout-flex wp-container-core-columns-is-layout-9d6595d7 wp-block-columns-is-layout-flex\">\n<div class=\"wp-block-column has-background is-layout-flow wp-block-column-is-layout-flow\" style=\"background-color:#f9f9f9\">\n<h3 class=\"wp-block-heading\">Projektmitglieder<\/h3>\n\n\n\n<p>Die Teammitglieder, welche im GOAL-Projekt zusammenarbeiten, kommen aus verschiedenen Institutionen: ZHAW Z\u00fcrcher Hochschule f\u00fcr Angewandte Wissenschaften, Hochschule Luzern (HSLU), Fachhochschule Nordwestschweiz (FHNW), Z\u00fcrcher Hochschule der K\u00fcnste (ZHdK) und P\u00e4dagogische Hochschule Fribourg (HEP | PH FR).<\/p>\n\n\n\n<div class=\"wp-block-buttons is-content-justification-right is-layout-flex wp-container-core-buttons-is-layout-765c4724 wp-block-buttons-is-layout-flex\">\n<div class=\"wp-block-button has-custom-font-size\" style=\"font-size:16px\"><a class=\"wp-block-button__link has-background wp-element-button\" href=\"#projektmitglieder\" style=\"border-radius:5px;background-color:#42926a\">Weiterlesen<\/a><\/div>\n<\/div>\n<\/div>\n\n\n\n<div class=\"wp-block-column has-background is-layout-flow wp-block-column-is-layout-flow\" style=\"background-color:#f9f9f9\">\n<h3 class=\"wp-block-heading\">Das Sounding Board<\/h3>\n\n\n\n<p>GOAL beabsichtigt, m\u00f6glichst viele Schweizer Fachhochschulen und P\u00e4dagogische Hochschulen zusammenzubringen. Das Sounding Board ist der Ort, an dem Open-Access-Spezialist:innen und\/oder andere Vertreter:innen dieser Institutionen in engen Kontakt mit GOAL treten k\u00f6nnen.<\/p>\n\n\n\n<div class=\"wp-block-buttons is-content-justification-right is-layout-flex wp-container-core-buttons-is-layout-765c4724 wp-block-buttons-is-layout-flex\">\n<div class=\"wp-block-button has-custom-font-size\" style=\"font-size:16px\"><a class=\"wp-block-button__link has-background wp-element-button\" style=\"border-radius:5px;background-color:#42926a\">Weiterlesen<\/a><\/div>\n<\/div>\n<\/div>\n<\/div>\n\n\n\n<h2 class=\"wp-block-heading\">Das Projekt GOAL<\/h2>\n\n\n<div class=\"row\">\n            <div class=\"g-page-block-wrapper col-12 col-lg-4\">\n            <a href=\"https:\/\/opengoal.ch\/de\/project-goal\/starting-position-and-objectives\/\">\n                <div class=\"g-page-block\">\n                                            <div class=\"g-page-block-image has-background has-background-cover\" style=\"background-image: url(https:\/\/opengoal.ch\/wp-content\/uploads\/magazine-tile-image-scaled.jpg);\">\n                            <img decoding=\"async\" class=\"g-page-block-icon\" src=\"https:\/\/opengoal.ch\/wp-content\/themes\/zhaw-theme\/assets\/images\/goal-icon.png\" \/>\n                        <\/div>\n                                        <div class=\"g-page-block-content\">\n                        <h3>\n                            Ausgangslage und Zielsetzung                        <\/h3>\n                    <\/div>\n                <\/div>\n            <\/a>\n        <\/div>\n            <div class=\"g-page-block-wrapper col-12 col-lg-4\">\n            <a href=\"https:\/\/opengoal.ch\/de\/project-goal\/further-information\/\">\n                <div class=\"g-page-block\">\n                                            <div class=\"g-page-block-image has-background has-background-cover\" style=\"background-image: url(https:\/\/opengoal.ch\/wp-content\/uploads\/Dokument1.png);\">\n                            <img decoding=\"async\" class=\"g-page-block-icon\" src=\"https:\/\/opengoal.ch\/wp-content\/themes\/zhaw-theme\/assets\/images\/goal-icon.png\" \/>\n                        <\/div>\n                                        <div class=\"g-page-block-content\">\n                        <h3>\n                            Weiterf\u00fchrende Information                        <\/h3>\n                    <\/div>\n                <\/div>\n            <\/a>\n        <\/div>\n            <div class=\"g-page-block-wrapper col-12 col-lg-4\">\n            <a href=\"https:\/\/opengoal.ch\/de\/project-goal\/results\/\">\n                <div class=\"g-page-block\">\n                                            <div class=\"g-page-block-image has-background has-background-cover\" style=\"background-image: url(https:\/\/opengoal.ch\/wp-content\/uploads\/results-scaled.jpg);\">\n                            <img decoding=\"async\" class=\"g-page-block-icon\" src=\"https:\/\/opengoal.ch\/wp-content\/themes\/zhaw-theme\/assets\/images\/goal-icon.png\" \/>\n                        <\/div>\n                                        <div class=\"g-page-block-content\">\n                        <h3>\n                            Ergebnisse                        <\/h3>\n                    <\/div>\n                <\/div>\n            <\/a>\n        <\/div>\n    <\/div>\n\n\n<h2 class=\"has-text-align-left wp-block-heading\">Information &amp; Kontakt<\/h2>\n\n\n\n<p>For further information on Open Access, please visit the <a href=\"https:\/\/opengoal.ch\/de\/information\/links\/\">link<\/a> and <a href=\"https:\/\/opengoal.ch\/de\/information\/glossary\/\">glossary<\/a> page. If you have any kind of questions regarding the project, please do not hesitate to send us your question by our contact form. If you want to contact a concrete member of our project, you can find our details on the <a href=\"https:\/\/opengoal.ch\/de\/team\/members\/\">project members page<\/a>.<\/p>\n\n\n\n<div class=\"wp-block-columns is-layout-flex wp-container-core-columns-is-layout-9d6595d7 wp-block-columns-is-layout-flex\">\n<div class=\"wp-block-column is-layout-flow wp-block-column-is-layout-flow\" style=\"flex-basis:33.33%\">\n<figure class=\"wp-block-image size-full\"><img loading=\"lazy\" decoding=\"async\" width=\"730\" height=\"577\" src=\"https:\/\/opengoal.ch\/wp-content\/uploads\/university-libraries.jpg\" alt=\"\" class=\"wp-image-146\" srcset=\"https:\/\/opengoal.ch\/wp-content\/uploads\/university-libraries.jpg 730w, https:\/\/opengoal.ch\/wp-content\/uploads\/university-libraries-300x237.jpg 300w\" sizes=\"auto, (max-width: 730px) 100vw, 730px\" \/><\/figure>\n<\/div>\n\n\n\n<div class=\"wp-block-column is-layout-flow wp-block-column-is-layout-flow\" style=\"flex-basis:66.66%\">\n<div class=\"wpcf7 no-js\" id=\"wpcf7-f890-o1\" lang=\"de-CH\" dir=\"ltr\" data-wpcf7-id=\"890\">\n<div class=\"screen-reader-response\"><p role=\"status\" aria-live=\"polite\" aria-atomic=\"true\"><\/p> <ul><\/ul><\/div>\n<form action=\"\/de\/wp-json\/wp\/v2\/pages\/7#wpcf7-f890-o1\" method=\"post\" class=\"wpcf7-form init\" aria-label=\"Contact form\" novalidate=\"novalidate\" data-status=\"init\">\n<fieldset class=\"hidden-fields-container\"><input type=\"hidden\" name=\"_wpcf7\" value=\"890\" \/><input type=\"hidden\" name=\"_wpcf7_version\" value=\"6.1.5\" \/><input type=\"hidden\" name=\"_wpcf7_locale\" value=\"de_CH\" \/><input type=\"hidden\" name=\"_wpcf7_unit_tag\" value=\"wpcf7-f890-o1\" \/><input type=\"hidden\" name=\"_wpcf7_container_post\" value=\"0\" \/><input type=\"hidden\" name=\"_wpcf7_posted_data_hash\" value=\"\" \/>\n<\/fieldset>\n<div class=\"wpcf7-response-output\" aria-hidden=\"true\"><\/div>\n<div class=\"form-group row\">\n\t<div class=\"col-12 col-lg-4\">\n\t\t<p><label><br \/>\nVorname<br \/>\n<\/label><br \/>\n<span class=\"wpcf7-form-control-wrap\" data-name=\"your-surname\"><input size=\"40\" maxlength=\"400\" class=\"wpcf7-form-control wpcf7-text wpcf7-validates-as-required form-control\" aria-required=\"true\" aria-invalid=\"false\" placeholder=\"Vorname\" value=\"\" type=\"text\" name=\"your-surname\" \/><\/span>\n\t\t<\/p>\n\t<\/div>\n\t<div class=\"col-12 col-lg-4\">\n\t\t<p><label><br \/>\nName<br \/>\n<\/label><br \/>\n<span class=\"wpcf7-form-control-wrap\" data-name=\"your-name\"><input size=\"40\" maxlength=\"400\" class=\"wpcf7-form-control wpcf7-text wpcf7-validates-as-required form-control\" aria-required=\"true\" aria-invalid=\"false\" placeholder=\"Name\" value=\"\" type=\"text\" name=\"your-name\" \/><\/span>\n\t\t<\/p>\n\t<\/div>\n\t<div class=\"col-12 col-lg-4\">\n\t\t<p><label><br \/>\nE-Mail<br \/>\n<\/label><br \/>\n<span class=\"wpcf7-form-control-wrap\" data-name=\"your-email\"><input size=\"40\" maxlength=\"400\" class=\"wpcf7-form-control wpcf7-email wpcf7-validates-as-required wpcf7-text wpcf7-validates-as-email form-control\" aria-required=\"true\" aria-invalid=\"false\" placeholder=\"E-Mail\" value=\"\" type=\"email\" name=\"your-email\" \/><\/span>\n\t\t<\/p>\n\t<\/div>\n<\/div>\n<div class=\"form-group row\">\n\t<div class=\"col-12\">\n\t\t<p><label><br \/>\nBetreff<br \/>\n<\/label><br \/>\n<span class=\"wpcf7-form-control-wrap\" data-name=\"your-subject\"><input size=\"40\" maxlength=\"400\" class=\"wpcf7-form-control wpcf7-text wpcf7-validates-as-required form-control\" aria-required=\"true\" aria-invalid=\"false\" placeholder=\"Betreff\" value=\"\" type=\"text\" name=\"your-subject\" \/><\/span>\n\t\t<\/p>\n\t<\/div>\n<\/div>\n<div class=\"form-group row\">\n\t<div class=\"col-12\">\n\t\t<p><label><br \/>\nNachricht<br \/>\n<\/label><br \/>\n<span class=\"wpcf7-form-control-wrap\" data-name=\"your-message\"><textarea cols=\"40\" rows=\"10\" maxlength=\"2000\" class=\"wpcf7-form-control wpcf7-textarea wpcf7-validates-as-required form-control\" aria-required=\"true\" aria-invalid=\"false\" placeholder=\"Nachricht\" name=\"your-message\"><\/textarea><\/span>\n\t\t<\/p>\n\t<\/div>\n<\/div>\n<div class=\"form-group row\">\n\t<div class=\"col-12\">\n\t\t<div class=\"g-acceptance\">\n\t\t\t<p><span class=\"wpcf7-form-control-wrap\" data-name=\"your-consent\"><span class=\"wpcf7-form-control wpcf7-acceptance\"><span class=\"wpcf7-list-item\"><label><input type=\"checkbox\" name=\"your-consent\" value=\"1\" class=\"w-100\" aria-invalid=\"false\" \/><span class=\"wpcf7-list-item-label\"><a href=\"\/de\/privacy-policy\/\">Datenschutzerkl\u00e4rung<\/a> akzeptieren<\/span><\/label><\/span><\/span><\/span>\n\t\t\t<\/p>\n\t\t<\/div>\n\t<\/div>\n<\/div>\n<p><input class=\"wpcf7-form-control wpcf7-submit has-spinner btn wp-block-button__link\" type=\"submit\" value=\"Send\" \/>\n<\/p>\n<\/form>\n<\/div>\n\n<\/div>\n<\/div>\n","protected":false},"excerpt":{"rendered":"<p>\u00dcber GOAL Team Projektmitglieder Die Teammitglieder, welche im GOAL-Projekt zusammenarbeiten, kommen aus verschiedenen Institutionen: ZHAW Z\u00fcrcher Hochschule f\u00fcr Angewandte Wissenschaften, Hochschule Luzern (HSLU), Fachhochschule Nordwestschweiz (FHNW), Z\u00fcrcher Hochschule der K\u00fcnste (ZHdK) und P\u00e4dagogische Hochschule Fribourg (HEP | PH FR). Das Sounding Board GOAL beabsichtigt, m\u00f6glichst viele Schweizer Fachhochschulen und P\u00e4dagogische Hochschulen zusammenzubringen. Das Sounding Board [&hellip;]<\/p>\n","protected":false},"author":1,"featured_media":771,"parent":0,"menu_order":10,"comment_status":"closed","ping_status":"closed","template":"","meta":{"footnotes":""},"class_list":["post-7","page","type-page","status-publish","has-post-thumbnail","hentry"],"translation":{"provider":"WPGlobus","version":"3.0.2","language":"de","enabled_languages":["gb","de","fr","it"],"languages":{"gb":{"title":true,"content":true,"excerpt":false},"de":{"title":true,"content":true,"excerpt":false},"fr":{"title":true,"content":true,"excerpt":false},"it":{"title":true,"content":true,"excerpt":false}}},"acf":[],"yoast_head":"<!-- This site is optimized with the Yoast SEO plugin v27.5 - https:\/\/yoast.com\/product\/yoast-seo-wordpress\/ -->\n<title>GOAL - Unlocking the green open access potential - GOAL<\/title>\n<meta name=\"robots\" content=\"index, follow, max-snippet:-1, max-image-preview:large, max-video-preview:-1\" \/>\n<link rel=\"canonical\" href=\"https:\/\/opengoal.ch\/\" \/>\n<meta property=\"og:locale\" content=\"de_DE\" \/>\n<meta property=\"og:type\" content=\"article\" \/>\n<meta property=\"og:title\" content=\"GOAL - Unlocking the green open access potential - GOAL\" \/>\n<meta property=\"og:url\" content=\"https:\/\/opengoal.ch\/\" \/>\n<meta property=\"og:site_name\" content=\"GOAL\" \/>\n<meta property=\"article:modified_time\" content=\"2024-10-31T16:10:19+00:00\" \/>\n<meta property=\"og:image\" content=\"https:\/\/opengoal.ch\/wp-content\/uploads\/front-page-background-scaled.jpg\" \/>\n\t<meta property=\"og:image:width\" content=\"2560\" \/>\n\t<meta property=\"og:image:height\" content=\"1707\" \/>\n\t<meta property=\"og:image:type\" content=\"image\/jpeg\" \/>\n<meta name=\"twitter:card\" content=\"summary_large_image\" \/>\n<meta name=\"twitter:label1\" content=\"Gesch\u00e4tzte Lesezeit\" \/>\n\t<meta name=\"twitter:data1\" content=\"2\u00a0Minuten\" \/>\n<script type=\"application\/ld+json\" class=\"yoast-schema-graph\">{\"@context\":\"https:\\\/\\\/schema.org\",\"@graph\":[{\"@type\":\"WebPage\",\"@id\":\"https:\\\/\\\/opengoal.ch\\\/\",\"url\":\"https:\\\/\\\/opengoal.ch\\\/\",\"name\":\"GOAL - Unlocking the green open access potential - GOAL\",\"isPartOf\":{\"@id\":\"https:\\\/\\\/opengoal.ch\\\/#website\"},\"primaryImageOfPage\":{\"@id\":\"https:\\\/\\\/opengoal.ch\\\/#primaryimage\"},\"image\":{\"@id\":\"https:\\\/\\\/opengoal.ch\\\/#primaryimage\"},\"thumbnailUrl\":\"https:\\\/\\\/opengoal.ch\\\/wp-content\\\/uploads\\\/front-page-background-scaled.jpg\",\"datePublished\":\"2022-08-11T09:57:51+00:00\",\"dateModified\":\"2024-10-31T16:10:19+00:00\",\"breadcrumb\":{\"@id\":\"https:\\\/\\\/opengoal.ch\\\/#breadcrumb\"},\"inLanguage\":\"de\",\"potentialAction\":[{\"@type\":\"ReadAction\",\"target\":[\"https:\\\/\\\/opengoal.ch\\\/\"]}]},{\"@type\":\"ImageObject\",\"inLanguage\":\"de\",\"@id\":\"https:\\\/\\\/opengoal.ch\\\/#primaryimage\",\"url\":\"https:\\\/\\\/opengoal.ch\\\/wp-content\\\/uploads\\\/front-page-background-scaled.jpg\",\"contentUrl\":\"https:\\\/\\\/opengoal.ch\\\/wp-content\\\/uploads\\\/front-page-background-scaled.jpg\",\"width\":2560,\"height\":1707,\"caption\":\"White network pattern on a green background vector\"},{\"@type\":\"BreadcrumbList\",\"@id\":\"https:\\\/\\\/opengoal.ch\\\/#breadcrumb\",\"itemListElement\":[{\"@type\":\"ListItem\",\"position\":1,\"name\":\"Home\",\"item\":\"https:\\\/\\\/opengoal.ch\\\/\"},{\"@type\":\"ListItem\",\"position\":2,\"name\":\"GOAL &#8211; Unlocking the green open access potential\"}]},{\"@type\":\"WebSite\",\"@id\":\"https:\\\/\\\/opengoal.ch\\\/#website\",\"url\":\"https:\\\/\\\/opengoal.ch\\\/\",\"name\":\"GOAL\",\"description\":\"Unlocking the Green Open Access potentiaL in scholarly and professional journals in Switzerland\",\"potentialAction\":[{\"@type\":\"SearchAction\",\"target\":{\"@type\":\"EntryPoint\",\"urlTemplate\":\"https:\\\/\\\/opengoal.ch\\\/?s={search_term_string}\"},\"query-input\":{\"@type\":\"PropertyValueSpecification\",\"valueRequired\":true,\"valueName\":\"search_term_string\"}}],\"inLanguage\":\"de\"}]}<\/script>\n<!-- \/ Yoast SEO plugin. -->","yoast_head_json":{"title":"GOAL - Unlocking the green open access potential - GOAL","robots":{"index":"index","follow":"follow","max-snippet":"max-snippet:-1","max-image-preview":"max-image-preview:large","max-video-preview":"max-video-preview:-1"},"canonical":"https:\/\/opengoal.ch\/","og_locale":"de_DE","og_type":"article","og_title":"GOAL - Unlocking the green open access potential - GOAL","og_url":"https:\/\/opengoal.ch\/","og_site_name":"GOAL","article_modified_time":"2024-10-31T16:10:19+00:00","og_image":[{"width":2560,"height":1707,"url":"https:\/\/opengoal.ch\/wp-content\/uploads\/front-page-background-scaled.jpg","type":"image\/jpeg"}],"twitter_card":"summary_large_image","twitter_misc":{"Gesch\u00e4tzte Lesezeit":"2\u00a0Minuten"},"schema":{"@context":"https:\/\/schema.org","@graph":[{"@type":"WebPage","@id":"https:\/\/opengoal.ch\/","url":"https:\/\/opengoal.ch\/","name":"GOAL - Unlocking the green open access potential - GOAL","isPartOf":{"@id":"https:\/\/opengoal.ch\/#website"},"primaryImageOfPage":{"@id":"https:\/\/opengoal.ch\/#primaryimage"},"image":{"@id":"https:\/\/opengoal.ch\/#primaryimage"},"thumbnailUrl":"https:\/\/opengoal.ch\/wp-content\/uploads\/front-page-background-scaled.jpg","datePublished":"2022-08-11T09:57:51+00:00","dateModified":"2024-10-31T16:10:19+00:00","breadcrumb":{"@id":"https:\/\/opengoal.ch\/#breadcrumb"},"inLanguage":"de","potentialAction":[{"@type":"ReadAction","target":["https:\/\/opengoal.ch\/"]}]},{"@type":"ImageObject","inLanguage":"de","@id":"https:\/\/opengoal.ch\/#primaryimage","url":"https:\/\/opengoal.ch\/wp-content\/uploads\/front-page-background-scaled.jpg","contentUrl":"https:\/\/opengoal.ch\/wp-content\/uploads\/front-page-background-scaled.jpg","width":2560,"height":1707,"caption":"White network pattern on a green background vector"},{"@type":"BreadcrumbList","@id":"https:\/\/opengoal.ch\/#breadcrumb","itemListElement":[{"@type":"ListItem","position":1,"name":"Home","item":"https:\/\/opengoal.ch\/"},{"@type":"ListItem","position":2,"name":"GOAL &#8211; Unlocking the green open access potential"}]},{"@type":"WebSite","@id":"https:\/\/opengoal.ch\/#website","url":"https:\/\/opengoal.ch\/","name":"GOAL","description":"Unlocking the Green Open Access potentiaL in scholarly and professional journals in Switzerland","potentialAction":[{"@type":"SearchAction","target":{"@type":"EntryPoint","urlTemplate":"https:\/\/opengoal.ch\/?s={search_term_string}"},"query-input":{"@type":"PropertyValueSpecification","valueRequired":true,"valueName":"search_term_string"}}],"inLanguage":"de"}]}},"_links":{"self":[{"href":"https:\/\/opengoal.ch\/de\/wp-json\/wp\/v2\/pages\/7","targetHints":{"allow":["GET"]}}],"collection":[{"href":"https:\/\/opengoal.ch\/de\/wp-json\/wp\/v2\/pages"}],"about":[{"href":"https:\/\/opengoal.ch\/de\/wp-json\/wp\/v2\/types\/page"}],"author":[{"embeddable":true,"href":"https:\/\/opengoal.ch\/de\/wp-json\/wp\/v2\/users\/1"}],"replies":[{"embeddable":true,"href":"https:\/\/opengoal.ch\/de\/wp-json\/wp\/v2\/comments?post=7"}],"version-history":[{"count":199,"href":"https:\/\/opengoal.ch\/de\/wp-json\/wp\/v2\/pages\/7\/revisions"}],"predecessor-version":[{"id":1731,"href":"https:\/\/opengoal.ch\/de\/wp-json\/wp\/v2\/pages\/7\/revisions\/1731"}],"wp:featuredmedia":[{"embeddable":true,"href":"https:\/\/opengoal.ch\/de\/wp-json\/wp\/v2\/media\/771"}],"wp:attachment":[{"href":"https:\/\/opengoal.ch\/de\/wp-json\/wp\/v2\/media?parent=7"}],"curies":[{"name":"wp","href":"https:\/\/api.w.org\/{rel}","templated":true}]}}