{"id":41,"date":"2022-08-11T14:21:41","date_gmt":"2022-08-11T12:21:41","guid":{"rendered":"https:\/\/opengoal.ch\/?page_id=41"},"modified":"2023-02-24T09:46:43","modified_gmt":"2023-02-24T08:46:43","slug":"contact","status":"publish","type":"page","link":"https:\/\/opengoal.ch\/de\/contact\/","title":{"rendered":"Kontakt"},"content":{"rendered":"\n<div class=\"wp-block-columns is-layout-flex wp-container-core-columns-is-layout-9d6595d7 wp-block-columns-is-layout-flex\">\n<div class=\"wp-block-column is-layout-flow wp-block-column-is-layout-flow\">\n<figure class=\"wp-block-image size-full\"><img loading=\"lazy\" decoding=\"async\" width=\"730\" height=\"577\" src=\"https:\/\/opengoal.ch\/wp-content\/uploads\/university-libraries.jpg\" alt=\"\" class=\"wp-image-146\" srcset=\"https:\/\/opengoal.ch\/wp-content\/uploads\/university-libraries.jpg 730w, https:\/\/opengoal.ch\/wp-content\/uploads\/university-libraries-300x237.jpg 300w\" sizes=\"auto, (max-width: 730px) 100vw, 730px\" \/><\/figure>\n<\/div>\n\n\n\n<div class=\"wp-block-column is-layout-flow wp-block-column-is-layout-flow\">\n<p>Weitere Informationen zu Open Access finden Sie unter der Seite <a href=\"https:\/\/opengoal.ch\/de\/information\/links\/\" data-type=\"URL\" data-id=\"https:\/\/opengoal.ch\/de\/information\/links\/\" target=\"_blank\" rel=\"noreferrer noopener\">Links<\/a> und auf der <a href=\"https:\/\/opengoal.ch\/de\/information\/glossary\/\" data-type=\"URL\" data-id=\"https:\/\/opengoal.ch\/de\/information\/glossary\/\" target=\"_blank\" rel=\"noreferrer noopener\">Glossar-Seite<\/a>.<\/p>\n\n\n\n<p>Wenn Sie ein konkretes Mitglied unseres Projekts kontaktieren m\u00f6chten, finden Sie unsere Details auf der <a rel=\"noreferrer noopener\" href=\"https:\/\/opengoal.ch\/de\/team\/members\/\" target=\"_blank\">Seite der Projektmitglieder<\/a>.<\/p>\n\n\n\n<p>Wenn Sie Fragen zum Projekt haben, z\u00f6gern Sie bitte nicht, uns Ihre Frage \u00fcber unser Kontaktformular zu schicken. <\/p>\n<\/div>\n<\/div>\n\n\n\n<p><\/p>\n\n\n\n<div class=\"wpcf7 no-js\" id=\"wpcf7-f890-o1\" lang=\"de-CH\" dir=\"ltr\" data-wpcf7-id=\"890\">\n<div class=\"screen-reader-response\"><p role=\"status\" aria-live=\"polite\" aria-atomic=\"true\"><\/p> <ul><\/ul><\/div>\n<form action=\"\/de\/wp-json\/wp\/v2\/pages\/41#wpcf7-f890-o1\" method=\"post\" class=\"wpcf7-form init\" aria-label=\"Contact form\" novalidate=\"novalidate\" data-status=\"init\">\n<fieldset class=\"hidden-fields-container\"><input type=\"hidden\" name=\"_wpcf7\" value=\"890\" \/><input type=\"hidden\" name=\"_wpcf7_version\" value=\"6.1.5\" \/><input type=\"hidden\" name=\"_wpcf7_locale\" value=\"de_CH\" \/><input type=\"hidden\" name=\"_wpcf7_unit_tag\" value=\"wpcf7-f890-o1\" \/><input type=\"hidden\" name=\"_wpcf7_container_post\" value=\"0\" \/><input type=\"hidden\" name=\"_wpcf7_posted_data_hash\" value=\"\" \/>\n<\/fieldset>\n<div class=\"wpcf7-response-output\" aria-hidden=\"true\"><\/div>\n<div class=\"form-group row\">\n\t<div class=\"col-12 col-lg-4\">\n\t\t<p><label><br \/>\nVorname<br \/>\n<\/label><br \/>\n<span class=\"wpcf7-form-control-wrap\" data-name=\"your-surname\"><input size=\"40\" maxlength=\"400\" class=\"wpcf7-form-control wpcf7-text wpcf7-validates-as-required form-control\" aria-required=\"true\" aria-invalid=\"false\" placeholder=\"Vorname\" value=\"\" type=\"text\" name=\"your-surname\" \/><\/span>\n\t\t<\/p>\n\t<\/div>\n\t<div class=\"col-12 col-lg-4\">\n\t\t<p><label><br \/>\nName<br \/>\n<\/label><br \/>\n<span class=\"wpcf7-form-control-wrap\" data-name=\"your-name\"><input size=\"40\" maxlength=\"400\" class=\"wpcf7-form-control wpcf7-text wpcf7-validates-as-required form-control\" aria-required=\"true\" aria-invalid=\"false\" placeholder=\"Name\" value=\"\" type=\"text\" name=\"your-name\" \/><\/span>\n\t\t<\/p>\n\t<\/div>\n\t<div class=\"col-12 col-lg-4\">\n\t\t<p><label><br \/>\nE-Mail<br \/>\n<\/label><br \/>\n<span class=\"wpcf7-form-control-wrap\" data-name=\"your-email\"><input size=\"40\" maxlength=\"400\" class=\"wpcf7-form-control wpcf7-email wpcf7-validates-as-required wpcf7-text wpcf7-validates-as-email form-control\" aria-required=\"true\" aria-invalid=\"false\" placeholder=\"E-Mail\" value=\"\" type=\"email\" name=\"your-email\" \/><\/span>\n\t\t<\/p>\n\t<\/div>\n<\/div>\n<div class=\"form-group row\">\n\t<div class=\"col-12\">\n\t\t<p><label><br \/>\nBetreff<br \/>\n<\/label><br \/>\n<span class=\"wpcf7-form-control-wrap\" data-name=\"your-subject\"><input size=\"40\" maxlength=\"400\" class=\"wpcf7-form-control wpcf7-text wpcf7-validates-as-required form-control\" aria-required=\"true\" aria-invalid=\"false\" placeholder=\"Betreff\" value=\"\" type=\"text\" name=\"your-subject\" \/><\/span>\n\t\t<\/p>\n\t<\/div>\n<\/div>\n<div class=\"form-group row\">\n\t<div class=\"col-12\">\n\t\t<p><label><br \/>\nNachricht<br \/>\n<\/label><br \/>\n<span class=\"wpcf7-form-control-wrap\" data-name=\"your-message\"><textarea cols=\"40\" rows=\"10\" maxlength=\"2000\" class=\"wpcf7-form-control wpcf7-textarea wpcf7-validates-as-required form-control\" aria-required=\"true\" aria-invalid=\"false\" placeholder=\"Nachricht\" name=\"your-message\"><\/textarea><\/span>\n\t\t<\/p>\n\t<\/div>\n<\/div>\n<div class=\"form-group row\">\n\t<div class=\"col-12\">\n\t\t<div class=\"g-acceptance\">\n\t\t\t<p><span class=\"wpcf7-form-control-wrap\" data-name=\"your-consent\"><span class=\"wpcf7-form-control wpcf7-acceptance\"><span class=\"wpcf7-list-item\"><label><input type=\"checkbox\" name=\"your-consent\" value=\"1\" class=\"w-100\" aria-invalid=\"false\" \/><span class=\"wpcf7-list-item-label\"><a href=\"\/de\/privacy-policy\/\">Datenschutzerkl\u00e4rung<\/a> akzeptieren<\/span><\/label><\/span><\/span><\/span>\n\t\t\t<\/p>\n\t\t<\/div>\n\t<\/div>\n<\/div>\n<p><input class=\"wpcf7-form-control wpcf7-submit has-spinner btn wp-block-button__link\" type=\"submit\" value=\"Send\" \/>\n<\/p>\n<\/form>\n<\/div>\n\n","protected":false},"excerpt":{"rendered":"<p>Weitere Informationen zu Open Access finden Sie unter der Seite Links und auf der Glossar-Seite. Wenn Sie ein konkretes Mitglied unseres Projekts kontaktieren m\u00f6chten, finden Sie unsere Details auf der Seite der Projektmitglieder. Wenn Sie Fragen zum Projekt haben, z\u00f6gern Sie bitte nicht, uns Ihre Frage \u00fcber unser Kontaktformular zu schicken.<\/p>\n","protected":false},"author":1,"featured_media":0,"parent":0,"menu_order":60,"comment_status":"closed","ping_status":"closed","template":"","meta":{"footnotes":""},"class_list":["post-41","page","type-page","status-publish","hentry"],"translation":{"provider":"WPGlobus","version":"3.0.2","language":"de","enabled_languages":["gb","de","fr","it"],"languages":{"gb":{"title":true,"content":true,"excerpt":false},"de":{"title":true,"content":true,"excerpt":false},"fr":{"title":true,"content":true,"excerpt":false},"it":{"title":true,"content":true,"excerpt":false}}},"acf":[],"yoast_head":"<!-- This site is optimized with the Yoast SEO plugin v27.4 - https:\/\/yoast.com\/product\/yoast-seo-wordpress\/ -->\n<title>Kontakt - GOAL<\/title>\n<meta name=\"robots\" content=\"index, follow, max-snippet:-1, max-image-preview:large, max-video-preview:-1\" \/>\n<link rel=\"canonical\" href=\"https:\/\/opengoal.ch\/contact\/\" \/>\n<meta property=\"og:locale\" content=\"de_DE\" \/>\n<meta property=\"og:type\" content=\"article\" \/>\n<meta property=\"og:title\" content=\"Kontakt - GOAL\" \/>\n<meta property=\"og:url\" content=\"https:\/\/opengoal.ch\/contact\/\" \/>\n<meta property=\"og:site_name\" content=\"GOAL\" \/>\n<meta property=\"article:modified_time\" content=\"2023-02-24T08:46:43+00:00\" \/>\n<meta property=\"og:image\" content=\"https:\/\/opengoal.ch\/wp-content\/uploads\/university-libraries.jpg\" \/>\n<meta name=\"twitter:card\" content=\"summary_large_image\" \/>\n<meta name=\"twitter:label1\" content=\"Gesch\u00e4tzte Lesezeit\" \/>\n\t<meta name=\"twitter:data1\" content=\"1\u00a0Minute\" \/>\n<script type=\"application\/ld+json\" class=\"yoast-schema-graph\">{\"@context\":\"https:\\\/\\\/schema.org\",\"@graph\":[{\"@type\":\"WebPage\",\"@id\":\"https:\\\/\\\/opengoal.ch\\\/contact\\\/\",\"url\":\"https:\\\/\\\/opengoal.ch\\\/contact\\\/\",\"name\":\"Kontakt - GOAL\",\"isPartOf\":{\"@id\":\"https:\\\/\\\/opengoal.ch\\\/#website\"},\"primaryImageOfPage\":{\"@id\":\"https:\\\/\\\/opengoal.ch\\\/contact\\\/#primaryimage\"},\"image\":{\"@id\":\"https:\\\/\\\/opengoal.ch\\\/contact\\\/#primaryimage\"},\"thumbnailUrl\":\"https:\\\/\\\/opengoal.ch\\\/wp-content\\\/uploads\\\/university-libraries.jpg\",\"datePublished\":\"2022-08-11T12:21:41+00:00\",\"dateModified\":\"2023-02-24T08:46:43+00:00\",\"breadcrumb\":{\"@id\":\"https:\\\/\\\/opengoal.ch\\\/contact\\\/#breadcrumb\"},\"inLanguage\":\"de\",\"potentialAction\":[{\"@type\":\"ReadAction\",\"target\":[\"https:\\\/\\\/opengoal.ch\\\/contact\\\/\"]}]},{\"@type\":\"ImageObject\",\"inLanguage\":\"de\",\"@id\":\"https:\\\/\\\/opengoal.ch\\\/contact\\\/#primaryimage\",\"url\":\"https:\\\/\\\/opengoal.ch\\\/wp-content\\\/uploads\\\/university-libraries.jpg\",\"contentUrl\":\"https:\\\/\\\/opengoal.ch\\\/wp-content\\\/uploads\\\/university-libraries.jpg\"},{\"@type\":\"BreadcrumbList\",\"@id\":\"https:\\\/\\\/opengoal.ch\\\/contact\\\/#breadcrumb\",\"itemListElement\":[{\"@type\":\"ListItem\",\"position\":1,\"name\":\"Home\",\"item\":\"https:\\\/\\\/opengoal.ch\\\/\"},{\"@type\":\"ListItem\",\"position\":2,\"name\":\"Contact\"}]},{\"@type\":\"WebSite\",\"@id\":\"https:\\\/\\\/opengoal.ch\\\/#website\",\"url\":\"https:\\\/\\\/opengoal.ch\\\/\",\"name\":\"GOAL\",\"description\":\"Unlocking the Green Open Access potentiaL in scholarly and professional journals in Switzerland\",\"potentialAction\":[{\"@type\":\"SearchAction\",\"target\":{\"@type\":\"EntryPoint\",\"urlTemplate\":\"https:\\\/\\\/opengoal.ch\\\/?s={search_term_string}\"},\"query-input\":{\"@type\":\"PropertyValueSpecification\",\"valueRequired\":true,\"valueName\":\"search_term_string\"}}],\"inLanguage\":\"de\"}]}<\/script>\n<!-- \/ Yoast SEO plugin. -->","yoast_head_json":{"title":"Kontakt - GOAL","robots":{"index":"index","follow":"follow","max-snippet":"max-snippet:-1","max-image-preview":"max-image-preview:large","max-video-preview":"max-video-preview:-1"},"canonical":"https:\/\/opengoal.ch\/contact\/","og_locale":"de_DE","og_type":"article","og_title":"Kontakt - GOAL","og_url":"https:\/\/opengoal.ch\/contact\/","og_site_name":"GOAL","article_modified_time":"2023-02-24T08:46:43+00:00","og_image":[{"url":"https:\/\/opengoal.ch\/wp-content\/uploads\/university-libraries.jpg","type":"","width":"","height":""}],"twitter_card":"summary_large_image","twitter_misc":{"Gesch\u00e4tzte Lesezeit":"1\u00a0Minute"},"schema":{"@context":"https:\/\/schema.org","@graph":[{"@type":"WebPage","@id":"https:\/\/opengoal.ch\/contact\/","url":"https:\/\/opengoal.ch\/contact\/","name":"Kontakt - GOAL","isPartOf":{"@id":"https:\/\/opengoal.ch\/#website"},"primaryImageOfPage":{"@id":"https:\/\/opengoal.ch\/contact\/#primaryimage"},"image":{"@id":"https:\/\/opengoal.ch\/contact\/#primaryimage"},"thumbnailUrl":"https:\/\/opengoal.ch\/wp-content\/uploads\/university-libraries.jpg","datePublished":"2022-08-11T12:21:41+00:00","dateModified":"2023-02-24T08:46:43+00:00","breadcrumb":{"@id":"https:\/\/opengoal.ch\/contact\/#breadcrumb"},"inLanguage":"de","potentialAction":[{"@type":"ReadAction","target":["https:\/\/opengoal.ch\/contact\/"]}]},{"@type":"ImageObject","inLanguage":"de","@id":"https:\/\/opengoal.ch\/contact\/#primaryimage","url":"https:\/\/opengoal.ch\/wp-content\/uploads\/university-libraries.jpg","contentUrl":"https:\/\/opengoal.ch\/wp-content\/uploads\/university-libraries.jpg"},{"@type":"BreadcrumbList","@id":"https:\/\/opengoal.ch\/contact\/#breadcrumb","itemListElement":[{"@type":"ListItem","position":1,"name":"Home","item":"https:\/\/opengoal.ch\/"},{"@type":"ListItem","position":2,"name":"Contact"}]},{"@type":"WebSite","@id":"https:\/\/opengoal.ch\/#website","url":"https:\/\/opengoal.ch\/","name":"GOAL","description":"Unlocking the Green Open Access potentiaL in scholarly and professional journals in Switzerland","potentialAction":[{"@type":"SearchAction","target":{"@type":"EntryPoint","urlTemplate":"https:\/\/opengoal.ch\/?s={search_term_string}"},"query-input":{"@type":"PropertyValueSpecification","valueRequired":true,"valueName":"search_term_string"}}],"inLanguage":"de"}]}},"_links":{"self":[{"href":"https:\/\/opengoal.ch\/de\/wp-json\/wp\/v2\/pages\/41","targetHints":{"allow":["GET"]}}],"collection":[{"href":"https:\/\/opengoal.ch\/de\/wp-json\/wp\/v2\/pages"}],"about":[{"href":"https:\/\/opengoal.ch\/de\/wp-json\/wp\/v2\/types\/page"}],"author":[{"embeddable":true,"href":"https:\/\/opengoal.ch\/de\/wp-json\/wp\/v2\/users\/1"}],"replies":[{"embeddable":true,"href":"https:\/\/opengoal.ch\/de\/wp-json\/wp\/v2\/comments?post=41"}],"version-history":[{"count":35,"href":"https:\/\/opengoal.ch\/de\/wp-json\/wp\/v2\/pages\/41\/revisions"}],"predecessor-version":[{"id":1065,"href":"https:\/\/opengoal.ch\/de\/wp-json\/wp\/v2\/pages\/41\/revisions\/1065"}],"wp:attachment":[{"href":"https:\/\/opengoal.ch\/de\/wp-json\/wp\/v2\/media?parent=41"}],"curies":[{"name":"wp","href":"https:\/\/api.w.org\/{rel}","templated":true}]}}