{"id":39,"date":"2022-08-11T14:21:05","date_gmt":"2022-08-11T12:21:05","guid":{"rendered":"https:\/\/opengoal.ch\/?page_id=39"},"modified":"2023-02-15T12:04:54","modified_gmt":"2023-02-15T11:04:54","slug":"glossary","status":"publish","type":"page","link":"https:\/\/opengoal.ch\/de\/information\/glossary\/","title":{"rendered":"Glossar"},"content":{"rendered":"\n<h2 class=\"has-text-align-center wp-block-heading\">Glossar<\/h2>\n\n\n\n<div id=\"hg-uid\" class=\"wp-block-htgb-block-glossary is-style-default hg-glossary\"><div class=\"hg-glossary__header\"><div class=\"hg-search\"><input data-role=\"hg-search-input\" placeholder=\"Search the Glossary...\"\/><\/div><div class=\"hg-nav\"><a class=\"htgb_active_nav\" data-role=\"hg-nav-selectable\" href=\"#all\" data-name=\"all\">All<\/a><a href=\"#A\" data-name=\"A\" data-role=\"hg-nav-selectable\" class=\"\">A<\/a><a href=\"#O\" data-name=\"O\" data-role=\"hg-nav-selectable\" class=\"\">O<\/a><a href=\"#P\" data-name=\"P\" data-role=\"hg-nav-selectable\" class=\"\">P<\/a><a href=\"#R\" data-name=\"R\" data-role=\"hg-nav-selectable\" class=\"\">R<\/a><a href=\"#Z\" data-name=\"Z\" data-role=\"hg-nav-selectable\" class=\"\">Z<\/a><\/div><\/div><div class=\"hg-content\"><div class=\"hg-letter-section\" data-role=\"hg-section\"><span class=\"hg-content__letter\" data-role=\"hg-section-letter\">A<\/span><dl class=\"hg-item\" data-role=\"hg-item\"><dt class=\"hg-item-title\" data-role=\"hg-item-title\">Author Accepted Manuscript (AAM)<\/dt><dd class=\"hg-item-description\" data-role=\"hg-item-description\">Siehe Postprint<\/dd><\/dl><\/div><div class=\"hg-letter-section\" data-role=\"hg-section\"><span class=\"hg-content__letter\" data-role=\"hg-section-letter\">O<\/span><dl class=\"hg-item\" data-role=\"hg-item\"><dt class=\"hg-item-title\" data-role=\"hg-item-title\">Open Access<\/dt><dd class=\"hg-item-description\" data-role=\"hg-item-description\">Open Access ist ein Publikationsmodell, dessen Ziel es ist, freien, legalen und stabilen Online-Zugang zu wissenschaftlichen Informationen zu gew\u00e4hren. Es gibt mehrere Open-Access-Modelle oder &#8222;Wege&#8220;. Weitere Informationen dazu finden Sie im Abschnitt &#8222;<a href=\"https:\/\/opengoal.ch\/de\/project-goal\/further-information\/\" data-type=\"URL\" data-id=\"https:\/\/opengoal.ch\/de\/project-goal\/further-information\/\">Weiterf\u00fchrende Information<\/a>&#8222;.<\/dd><\/dl><dl class=\"hg-item\" data-role=\"hg-item\"><dt class=\"hg-item-title\" data-role=\"hg-item-title\">Open Access Policy<\/dt><dd class=\"hg-item-description\" data-role=\"hg-item-description\">Mit einer Open-Access-Policy ist ein Dokument gemeint, in dem die Art(en) des Open Access, die ein Verlag den Autor:innen anbietet, aufgef\u00fchrt und erkl\u00e4rt sind, inklusive die Auswirkung f\u00fcr die Autor:innen.<\/dd><\/dl><\/div><div class=\"hg-letter-section\" data-role=\"hg-section\"><span class=\"hg-content__letter\" data-role=\"hg-section-letter\">P<\/span><dl class=\"hg-item\" data-role=\"hg-item\"><dt class=\"hg-item-title\" data-role=\"hg-item-title\">Postprint<\/dt><dd class=\"hg-item-description\" data-role=\"hg-item-description\">Ein Postprint ist die endg\u00fcltige Fassung eines Manuskripts nach Abschluss des formalen Peer-Review-Verfahrens und vor dem Schriftsatz durch den Verlag. Der Postprint wird auch als vom Autor akzeptiertes Manuskript (Author Accepted Manuscript &#8211; AAM) oder akzeptierte Version (Accepted Version) bezeichnet.<\/dd><\/dl><dl class=\"hg-item\" data-role=\"hg-item\"><dt class=\"hg-item-title\" data-role=\"hg-item-title\">Preprint<\/dt><dd class=\"hg-item-description\" data-role=\"hg-item-description\">Mit Preprint (dt. Vorabdruck) ist das Manuskript gemeint, das die Autor:innen an eine Zeitschrift geschickt haben. Es handelt sich dabei um die Version des Textes vor dem Peer-Review. Es wird auch als eingereichte Version (submitted Version), Originalmanuskript oder Autorenmanuskript bezeichnet.<\/dd><\/dl><\/div><div class=\"hg-letter-section\" data-role=\"hg-section\"><span class=\"hg-content__letter\" data-role=\"hg-section-letter\">R<\/span><dl class=\"hg-item\" data-role=\"hg-item\"><dt class=\"hg-item-title\" data-role=\"hg-item-title\">Repositorium, disziplinares<\/dt><dd class=\"hg-item-description\" data-role=\"hg-item-description\">Es handelt sich um ein Onlinearchiv, das von einer nicht profitorientierten Organisation betrieben wird (bsp. eine universit\u00e4re Einrichtung) und das Soziale Netzwerke wie bsp. Researchgate ausschliesst. Ein disziplinares Repositorium ist auf Themen eines Fachbereiches oder wissenschaftliche Disziplin spezialisiert.<\/dd><\/dl><dl class=\"hg-item\" data-role=\"hg-item\"><dt class=\"hg-item-title\" data-role=\"hg-item-title\">Repositorium, institutionelles<\/dt><dd class=\"hg-item-description\" data-role=\"hg-item-description\">Es handelt sich um ein Onlinearchiv, das von einer nicht profitorientierten Organisation betrieben wird (bsp. eine universit\u00e4re Einrichtung) und das Soziale Netzwerke wie bsp. Researchgate ausschliesst<\/dd><\/dl><\/div><div class=\"hg-letter-section\" data-role=\"hg-section\"><span class=\"hg-content__letter\" data-role=\"hg-section-letter\">Z<\/span><dl class=\"hg-item\" data-role=\"hg-item\"><dt class=\"hg-item-title\" data-role=\"hg-item-title\">Zweitver\u00f6ffentlichung<\/dt><dd class=\"hg-item-description\" data-role=\"hg-item-description\">Werk bei dem die Erstver\u00f6ffentlichung \u00fcber einen Verlag stattgefunden hat<\/dd><\/dl><\/div><\/div><\/div>\n","protected":false},"excerpt":{"rendered":"<p>Glossar<\/p>\n","protected":false},"author":1,"featured_media":0,"parent":34,"menu_order":20,"comment_status":"closed","ping_status":"closed","template":"","meta":{"footnotes":""},"class_list":["post-39","page","type-page","status-publish","hentry"],"translation":{"provider":"WPGlobus","version":"3.0.2","language":"de","enabled_languages":["gb","de","fr","it"],"languages":{"gb":{"title":true,"content":true,"excerpt":false},"de":{"title":true,"content":true,"excerpt":false},"fr":{"title":true,"content":true,"excerpt":false},"it":{"title":true,"content":true,"excerpt":false}}},"acf":[],"yoast_head":"<!-- This site is optimized with the Yoast SEO plugin v27.5 - https:\/\/yoast.com\/product\/yoast-seo-wordpress\/ -->\n<title>Glossar - GOAL<\/title>\n<meta name=\"robots\" content=\"index, follow, max-snippet:-1, max-image-preview:large, max-video-preview:-1\" \/>\n<link rel=\"canonical\" href=\"https:\/\/opengoal.ch\/information\/glossary\/\" \/>\n<meta property=\"og:locale\" content=\"de_DE\" \/>\n<meta property=\"og:type\" content=\"article\" \/>\n<meta property=\"og:title\" content=\"Glossar - GOAL\" \/>\n<meta property=\"og:url\" content=\"https:\/\/opengoal.ch\/information\/glossary\/\" \/>\n<meta property=\"og:site_name\" content=\"GOAL\" \/>\n<meta property=\"article:modified_time\" content=\"2023-02-15T11:04:54+00:00\" \/>\n<meta name=\"twitter:card\" content=\"summary_large_image\" \/>\n<meta name=\"twitter:label1\" content=\"Gesch\u00e4tzte Lesezeit\" \/>\n\t<meta name=\"twitter:data1\" content=\"1\u00a0Minute\" \/>\n<script type=\"application\/ld+json\" class=\"yoast-schema-graph\">{\"@context\":\"https:\\\/\\\/schema.org\",\"@graph\":[{\"@type\":\"WebPage\",\"@id\":\"https:\\\/\\\/opengoal.ch\\\/information\\\/glossary\\\/\",\"url\":\"https:\\\/\\\/opengoal.ch\\\/information\\\/glossary\\\/\",\"name\":\"Glossar - GOAL\",\"isPartOf\":{\"@id\":\"https:\\\/\\\/opengoal.ch\\\/#website\"},\"datePublished\":\"2022-08-11T12:21:05+00:00\",\"dateModified\":\"2023-02-15T11:04:54+00:00\",\"breadcrumb\":{\"@id\":\"https:\\\/\\\/opengoal.ch\\\/information\\\/glossary\\\/#breadcrumb\"},\"inLanguage\":\"de\",\"potentialAction\":[{\"@type\":\"ReadAction\",\"target\":[\"https:\\\/\\\/opengoal.ch\\\/information\\\/glossary\\\/\"]}]},{\"@type\":\"BreadcrumbList\",\"@id\":\"https:\\\/\\\/opengoal.ch\\\/information\\\/glossary\\\/#breadcrumb\",\"itemListElement\":[{\"@type\":\"ListItem\",\"position\":1,\"name\":\"Home\",\"item\":\"https:\\\/\\\/opengoal.ch\\\/\"},{\"@type\":\"ListItem\",\"position\":2,\"name\":\"Information\",\"item\":\"https:\\\/\\\/opengoal.ch\\\/information\\\/\"},{\"@type\":\"ListItem\",\"position\":3,\"name\":\"Glossary\"}]},{\"@type\":\"WebSite\",\"@id\":\"https:\\\/\\\/opengoal.ch\\\/#website\",\"url\":\"https:\\\/\\\/opengoal.ch\\\/\",\"name\":\"GOAL\",\"description\":\"Unlocking the Green Open Access potentiaL in scholarly and professional journals in Switzerland\",\"potentialAction\":[{\"@type\":\"SearchAction\",\"target\":{\"@type\":\"EntryPoint\",\"urlTemplate\":\"https:\\\/\\\/opengoal.ch\\\/?s={search_term_string}\"},\"query-input\":{\"@type\":\"PropertyValueSpecification\",\"valueRequired\":true,\"valueName\":\"search_term_string\"}}],\"inLanguage\":\"de\"}]}<\/script>\n<!-- \/ Yoast SEO plugin. -->","yoast_head_json":{"title":"Glossar - GOAL","robots":{"index":"index","follow":"follow","max-snippet":"max-snippet:-1","max-image-preview":"max-image-preview:large","max-video-preview":"max-video-preview:-1"},"canonical":"https:\/\/opengoal.ch\/information\/glossary\/","og_locale":"de_DE","og_type":"article","og_title":"Glossar - GOAL","og_url":"https:\/\/opengoal.ch\/information\/glossary\/","og_site_name":"GOAL","article_modified_time":"2023-02-15T11:04:54+00:00","twitter_card":"summary_large_image","twitter_misc":{"Gesch\u00e4tzte Lesezeit":"1\u00a0Minute"},"schema":{"@context":"https:\/\/schema.org","@graph":[{"@type":"WebPage","@id":"https:\/\/opengoal.ch\/information\/glossary\/","url":"https:\/\/opengoal.ch\/information\/glossary\/","name":"Glossar - GOAL","isPartOf":{"@id":"https:\/\/opengoal.ch\/#website"},"datePublished":"2022-08-11T12:21:05+00:00","dateModified":"2023-02-15T11:04:54+00:00","breadcrumb":{"@id":"https:\/\/opengoal.ch\/information\/glossary\/#breadcrumb"},"inLanguage":"de","potentialAction":[{"@type":"ReadAction","target":["https:\/\/opengoal.ch\/information\/glossary\/"]}]},{"@type":"BreadcrumbList","@id":"https:\/\/opengoal.ch\/information\/glossary\/#breadcrumb","itemListElement":[{"@type":"ListItem","position":1,"name":"Home","item":"https:\/\/opengoal.ch\/"},{"@type":"ListItem","position":2,"name":"Information","item":"https:\/\/opengoal.ch\/information\/"},{"@type":"ListItem","position":3,"name":"Glossary"}]},{"@type":"WebSite","@id":"https:\/\/opengoal.ch\/#website","url":"https:\/\/opengoal.ch\/","name":"GOAL","description":"Unlocking the Green Open Access potentiaL in scholarly and professional journals in Switzerland","potentialAction":[{"@type":"SearchAction","target":{"@type":"EntryPoint","urlTemplate":"https:\/\/opengoal.ch\/?s={search_term_string}"},"query-input":{"@type":"PropertyValueSpecification","valueRequired":true,"valueName":"search_term_string"}}],"inLanguage":"de"}]}},"_links":{"self":[{"href":"https:\/\/opengoal.ch\/de\/wp-json\/wp\/v2\/pages\/39","targetHints":{"allow":["GET"]}}],"collection":[{"href":"https:\/\/opengoal.ch\/de\/wp-json\/wp\/v2\/pages"}],"about":[{"href":"https:\/\/opengoal.ch\/de\/wp-json\/wp\/v2\/types\/page"}],"author":[{"embeddable":true,"href":"https:\/\/opengoal.ch\/de\/wp-json\/wp\/v2\/users\/1"}],"replies":[{"embeddable":true,"href":"https:\/\/opengoal.ch\/de\/wp-json\/wp\/v2\/comments?post=39"}],"version-history":[{"count":28,"href":"https:\/\/opengoal.ch\/de\/wp-json\/wp\/v2\/pages\/39\/revisions"}],"predecessor-version":[{"id":1016,"href":"https:\/\/opengoal.ch\/de\/wp-json\/wp\/v2\/pages\/39\/revisions\/1016"}],"up":[{"embeddable":true,"href":"https:\/\/opengoal.ch\/de\/wp-json\/wp\/v2\/pages\/34"}],"wp:attachment":[{"href":"https:\/\/opengoal.ch\/de\/wp-json\/wp\/v2\/media?parent=39"}],"curies":[{"name":"wp","href":"https:\/\/api.w.org\/{rel}","templated":true}]}}