{"id":32,"date":"2022-08-11T14:17:11","date_gmt":"2022-08-11T12:17:11","guid":{"rendered":"https:\/\/opengoal.ch\/?page_id=32"},"modified":"2025-02-27T17:02:49","modified_gmt":"2025-02-27T16:02:49","slug":"results","status":"publish","type":"page","link":"https:\/\/opengoal.ch\/de\/project-goal\/results\/","title":{"rendered":"Ergebnisse"},"content":{"rendered":"\n<hr class=\"wp-block-separator has-alpha-channel-opacity\"\/>\n\n\n\n<div class=\"wp-block-buttons is-content-justification-center is-layout-flex wp-container-core-buttons-is-layout-16018d1d wp-block-buttons-is-layout-flex\">\n<div class=\"wp-block-button has-custom-font-size\" style=\"font-size:16px\"><a class=\"wp-block-button__link has-background wp-element-button\" href=\"#veroeffentlichungen\" style=\"border-radius:5px;background-color:#42926a\">Ver\u00f6ffentlichungen<\/a><\/div>\n\n\n\n<div class=\"wp-block-button has-custom-font-size\" style=\"font-size:16px\"><a class=\"wp-block-button__link has-background wp-element-button\" href=\"#zeitschriftenmitGOAP\" style=\"border-radius:5px;background-color:#42926a\">Zeitschriften mit GOAP<\/a><\/div>\n\n\n\n<div class=\"wp-block-button has-custom-font-size\" style=\"font-size:16px\"><a class=\"wp-block-button__link has-background wp-element-button\" href=\"#Unterstuetzungsmaterialien\" style=\"border-radius:5px;background-color:#42926a\">Unterst\u00fctzungsmaterialien<\/a><\/div>\n<\/div>\n\n\n\n<hr class=\"wp-block-separator has-alpha-channel-opacity\"\/>\n\n\n\n<h2 class=\"wp-block-heading\" id=\"zeitschriftenmitGOAP\">Zeitschriften mit Green Open Access Policy<\/h2>\n\n\n\n<div class=\"wp-block-media-text is-stacked-on-mobile\"><figure class=\"wp-block-media-text__media\"><img loading=\"lazy\" decoding=\"async\" width=\"1024\" height=\"553\" src=\"https:\/\/opengoal.ch\/wp-content\/uploads\/Screenshot-GOAL-Database-1024x553.png\" alt=\"\" class=\"wp-image-1850 size-full\" srcset=\"https:\/\/opengoal.ch\/wp-content\/uploads\/Screenshot-GOAL-Database-1024x553.png 1024w, https:\/\/opengoal.ch\/wp-content\/uploads\/Screenshot-GOAL-Database-300x162.png 300w, https:\/\/opengoal.ch\/wp-content\/uploads\/Screenshot-GOAL-Database-768x415.png 768w, https:\/\/opengoal.ch\/wp-content\/uploads\/Screenshot-GOAL-Database-1536x829.png 1536w, https:\/\/opengoal.ch\/wp-content\/uploads\/Screenshot-GOAL-Database.png 1878w\" sizes=\"auto, (max-width: 1024px) 100vw, 1024px\" \/><\/figure><div class=\"wp-block-media-text__content\">\n<p><strong>Die GOAL-Datenbank mit den Ergebnissen unserer Verhandlungen ist jetzt online:<\/strong> <a href=\"https:\/\/goal.zhaw.ch\/home\" target=\"_blank\" rel=\"noreferrer noopener\"><strong>GOAL :: Home (zhaw.ch)<\/strong><\/a>. Wenn Sie aktuelle Informationen \u00fcber Zeitschriften, Verlage und Richtlinien suchen, besuchen Sie die Datenbank.<\/p>\n<\/div><\/div>\n\n\n\n<hr class=\"wp-block-separator has-alpha-channel-opacity\"\/>\n\n\n\n<p> Wenn Sie mehr \u00fcber die Datenbank erfahren m\u00f6chten, k\u00f6nnen Sie diesen Beitrag lesen: <a href=\"https:\/\/opengoal.ch\/the-goal-database-is-here\/\">Die GOAL-Datenbank ist hier &#8211; GOAL (opengoal.ch)<\/a>.<\/p>\n\n\n\n<hr class=\"wp-block-separator has-alpha-channel-opacity\"\/>\n\n\n\n<p>Im Rahmen des GOAL-Projekts haben wir uns zum Ziel gesetzt, die Auffindbarkeit und Sichtbarkeit von Zeitschriften zu erh\u00f6hen, indem wir diejenigen, die alle Anforderungen erf\u00fcllen, zur Sherpa\/Romeo-Datenbank hinzugef\u00fcgt haben. Die folgende Liste enth\u00e4lt alle Zeitschriften, die vom GOAL-Projektteam zur Sherpa\/Romeo-Datenbank hinzugef\u00fcgt wurden.<\/p>\n\n\n\n<figure class=\"wp-block-table\"><table class=\"has-fixed-layout\"><tbody><tr><td><strong>Title of the journal<\/strong><\/td><td><strong>Alternative title<\/strong><\/td><td><strong>ISSN<\/strong><\/td><td><strong>EISSN<\/strong><strong><\/strong><\/td><td><strong>Link in Sherpa\/Romeo<\/strong><\/td><\/tr><tr><td><a href=\"https:\/\/www.journals.elsevier.com\/array\">Array<\/a><\/td><td>&nbsp;<\/td><td>&nbsp;<\/td><td>2590-0056<\/td><td><a href=\"https:\/\/v2.sherpa.ac.uk\/id\/publication\/44323\">Array \u2013 Sherpa Services<\/a><\/td><\/tr><tr><td><a href=\"https:\/\/www.journals.elsevier.com\/arthroscopy-sports-medicine-and-rehabilitation\">Arthroscopy, Sports Medicine, and Rehabilitation<\/a><\/td><td>&nbsp;<\/td><td>&nbsp;<\/td><td>2666-061X<\/td><td><a href=\"https:\/\/v2.sherpa.ac.uk\/id\/publication\/44324\">Arthroscopy, Sports Medicine, and Rehabilitation \u2013 Sherpa Services<\/a><\/td><\/tr><tr><td><a href=\"https:\/\/www.journals.elsevier.com\/blockchain-research-and-applications\/\">Blockchain: Research and Applications<\/a><\/td><td>&nbsp;<\/td><td>&nbsp;<\/td><td>2096-7209<\/td><td><a href=\"https:\/\/v2.sherpa.ac.uk\/id\/publication\/44325\">Blockchain: Research and Applications \u2013 Sherpa Services<\/a><\/td><\/tr><tr><td><a href=\"https:\/\/www.journals.elsevier.com\/climate-services\/\">Climate Services<\/a><\/td><td>&nbsp;<\/td><td>&nbsp;<\/td><td>2405-8807<\/td><td><a href=\"https:\/\/v2.sherpa.ac.uk\/id\/publication\/44326\">Climate Services \u2013 Sherpa Services<\/a><\/td><\/tr><tr><td><a href=\"https:\/\/www.journals.elsevier.com\/computers-and-education-open\/\">Computers and Education Open<\/a><\/td><td>&nbsp;<\/td><td>&nbsp;<\/td><td>2666-5573<\/td><td><a href=\"https:\/\/v2.sherpa.ac.uk\/id\/publication\/44327\">Computers and Education Open \u2013 Sherpa Services<\/a><\/td><\/tr><tr><td><a href=\"https:\/\/www.springer.com\/journal\/43877\">Hebammen Wissen<\/a><\/td><td>&nbsp;<\/td><td>2730-7255<\/td><td>2730-7255<\/td><td><a href=\"https:\/\/v2.sherpa.ac.uk\/id\/publication\/44283\">Hebammen Wissen \u2013 Sherpa Services<\/a><\/td><\/tr><tr><td><a href=\"http:\/\/www.journals.elsevier.com\/ict-express\/\">ICT Express<\/a><\/td><td>&nbsp;<\/td><td>&nbsp;<\/td><td>2405-9595<\/td><td><a href=\"https:\/\/v2.sherpa.ac.uk\/id\/publication\/44328\">ICT Express \u2013 Sherpa Services<\/a><\/td><\/tr><tr><td><a href=\"https:\/\/www.journals.elsevier.com\/international-journal-of-nursing-studies-advances\/\">International Journal of Nursing Studies Advances<\/a><\/td><td>&nbsp;<\/td><td>&nbsp;<\/td><td>2666-142X<\/td><td><a href=\"https:\/\/v2.sherpa.ac.uk\/id\/publication\/44329\">International Journal of Nursing Studies Advances \u2013 Sherpa Services<\/a><\/td><\/tr><tr><td><a href=\"https:\/\/www.journals.elsevier.com\/journal-of-structural-biology-x\">Journal of Structural Biology: X<\/a><\/td><td>&nbsp;<\/td><td>&nbsp;<\/td><td>2590-1524<\/td><td><a href=\"https:\/\/v2.sherpa.ac.uk\/id\/publication\/44330\">Journal of Structural Biology: X \u2013 Sherpa Services<\/a><\/td><\/tr><tr><td><a href=\"https:\/\/www.sciencedirect.com\/journal\/kinesitherapie-la-revue\">Kin\u00e9sith\u00e9rapie, la Revue<\/a><\/td><td>&nbsp;<\/td><td>1779-0123<\/td><td>2213-1566<\/td><td><a href=\"https:\/\/v2.sherpa.ac.uk\/id\/publication\/44151\">Kin\u00e9sith\u00e9rapie, la revue \u2013 Sherpa Services<\/a><\/td><\/tr><tr><td><a href=\"http:\/\/www.journals.elsevier.com\/molecular-genetics-and-metabolism-reports\/\">Molecular Genetics and Metabolism Reports<\/a><\/td><td>&nbsp;<\/td><td>&nbsp;<\/td><td>2214-4269<\/td><td><a href=\"https:\/\/v2.sherpa.ac.uk\/id\/publication\/44334\">Molecular Genetics and Metabolism Reports \u2013 Sherpa Services<\/a><\/td><\/tr><tr><td><a href=\"http:\/\/journals.sagepub.com\/home\/nada\">Nordic Studies on Alcohol and Drugs<\/a><\/td><td>Nordisk Alkohol- &amp; Narkotikatidskrift<\/td><td>1455-0725<\/td><td>1458-6126<\/td><td><a href=\"https:\/\/v2.sherpa.ac.uk\/id\/publication\/44335\">Nordic Studies on Alcohol and Drugs \u2013 Sherpa Services<\/a><\/td><\/tr><tr><td><a href=\"https:\/\/www.journals.elsevier.com\/open-ceramics\">Open Ceramics<\/a><\/td><td>&nbsp;<\/td><td>&nbsp;<\/td><td>2666-5395<\/td><td><a href=\"https:\/\/v2.sherpa.ac.uk\/id\/publication\/44322\">Open Ceramics \u2013 Sherpa Services<\/a><\/td><\/tr><tr><td><a href=\"http:\/\/www.journals.elsevier.com\/operations-research-perspectives\/\">Operations Research Perspectives<\/a><\/td><td>&nbsp;<\/td><td>&nbsp;<\/td><td>2214-7160<\/td><td><a href=\"https:\/\/v2.sherpa.ac.uk\/id\/publication\/44333\">Operations Research Perspectives \u2013 Sherpa Services<\/a><\/td><\/tr><tr><td><a href=\"https:\/\/www.springer.com\/journal\/41906\">Pflegezeitschrift<\/a><\/td><td>&nbsp;<\/td><td>0945-1129<\/td><td>2520-1816<\/td><td><a href=\"https:\/\/v2.sherpa.ac.uk\/id\/publication\/44284\">Pflegezeitschrift \u2013 Sherpa Services<\/a><\/td><\/tr><tr><td><a href=\"https:\/\/www.journals.elsevier.com\/solar-energy-advances\">Solar Energy Advances<\/a><\/td><td>&nbsp;<\/td><td>&nbsp;<\/td><td>2667-1131<\/td><td><a href=\"https:\/\/v2.sherpa.ac.uk\/id\/publication\/44332\">Solar Energy Advances \u2013 Sherpa Services<\/a><\/td><\/tr><tr><td><a href=\"https:\/\/www.journals.elsevier.com\/sustainable-futures\/\">Sustainable Futures<\/a><\/td><td>&nbsp;<\/td><td>&nbsp;<\/td><td>2666-1888<\/td><td><a href=\"https:\/\/v2.sherpa.ac.uk\/id\/publication\/44331\">Sustainable Futures \u2013 Sherpa Services<\/a><\/td><\/tr><\/tbody><\/table><\/figure>\n\n\n\n<p>Liste: Liste der Zeitschriften, die vom GOAL-Projektteam zur Sherpa\/Romeo-Datenbank hinzugef\u00fcgt wurden.<\/p>\n\n\n\n<h2 class=\"wp-block-heading\" id=\"Unterstuetzungsmaterialien\">Unterst\u00fctzungsmaterialien<\/h2>\n\n\n\n<p>Eines der Ziele von GOAL ist es, Materialien zur Unterst\u00fctzung der Entwicklung von Green Open Access bereitzustellen. <\/p>\n\n\n\n<h3 class=\"wp-block-heading\">2024<\/h3>\n\n\n\n<p><strong>Support materials<\/strong>&nbsp;<strong>\u2013 Negotiation guides<\/strong><\/p>\n\n\n\n<ul class=\"wp-block-list\">\n<li>Corredera Nilsson, Enrique, Moritz, Andrea, Reymermier, H\u00e9l\u00e8ne, Andres, Val\u00e9rie, \u201c<a href=\"https:\/\/zenodo.org\/records\/14719434\" target=\"_blank\" rel=\"noreferrer noopener\">Negotiate a Green Open Access Policy. A Quick Support Guide<\/a>\u201c<\/li>\n\n\n\n<li>Andres, Val\u00e9rie, Brunner, Cornelia, Corredera Nilsson, Enrique, Dobis, Dietrich, Flieg, Julia, Lussi, Martina, Moritz, Andrea, Preher, Sebastian, Reymermier, H\u00e9l\u00e8ne, Trautwein, Clemens, \u201c<a href=\"https:\/\/zenodo.org\/records\/14719462\" target=\"_blank\" rel=\"noreferrer noopener\">GOAL Support Guide for Librarians. Negotiating a Green Open Access Policy<\/a>\u201c<\/li>\n<\/ul>\n\n\n\n<p><strong>Support materials&nbsp;<\/strong><strong>\u2013&nbsp;Policy templates<\/strong><\/p>\n\n\n\n<ul class=\"wp-block-list\">\n<li>Andres, Val\u00e9rie, Brunner, Cornelia, Corredera Nilsson, Enrique, Flieg, Julia, Moritz, Andrea, Reymermier, H\u00e9l\u00e8ne, Trautwein, Clemens, \u201c<a href=\"https:\/\/zenodo.org\/records\/13844165\" target=\"_blank\" rel=\"noreferrer noopener\">Green Open Access Policy Vorlage \u2013 Eine Do-it-yourself-Richtlinie<\/a>\u201c<\/li>\n\n\n\n<li>Andres, Val\u00e9rie, Brunner, Cornelia, Corredera Nilsson, Enrique, Flieg, Julia, Moritz, Andrea, Reymermier, H\u00e9l\u00e8ne, Trautwein, Clemens, \u201c<a href=\"https:\/\/zenodo.org\/records\/13844145\" target=\"_blank\" rel=\"noreferrer noopener\">M<\/a><a href=\"https:\/\/zenodo.org\/records\/13844145\">od\u00e8le de politique Green Open Access \u2013 Ligne directrice pour r\u00e9diger soi-m\u00eame une politique Open Access<\/a>\u201c<\/li>\n\n\n\n<li>Andres, Val\u00e9rie, Brunner, Cornelia, Corredera Nilsson, Enrique, Flieg, Julia, Moritz, Andrea, Reymermier, H\u00e9l\u00e8ne, Trautwein, Clemens, \u201c<a href=\"https:\/\/zenodo.org\/records\/13834306\" target=\"_blank\" rel=\"noreferrer noopener\">Green Open Access Policy Template \u2013 A do it yourself policy guideline \u2013 Project GOAL<\/a>\u201c<\/li>\n<\/ul>\n\n\n\n<h2 class=\"wp-block-heading\" id=\"veroeffentlichungen\">Ver\u00f6ffentlichungen<\/h2>\n\n\n\n<p>Das GOAL-Projekt hat auch Ergebnisse im akademischen Feld. Hier finden Sie eine Liste mit weiterf\u00fchrenden Links. <\/p>\n\n\n\n<p>Wir ver\u00f6ffentlichen das meiste Material auf unsere <a href=\"https:\/\/zenodo.org\/communities\/goal\/?page=1&amp;size=20\" target=\"_blank\" rel=\"noreferrer noopener\">Zenodo-Community<\/a>.<\/p>\n\n\n\n<h3 class=\"wp-block-heading\">2024<\/h3>\n\n\n\n<p><strong>Journal article<\/strong><\/p>\n\n\n\n<ul class=\"wp-block-list\">\n<li>Corredera Nilsson, Enrique; Andres, Val\u00e9rie, \u201c<a href=\"https:\/\/zenodo.org\/records\/13645210\" target=\"_blank\" rel=\"noreferrer noopener\">(Gr\u00fcn) Open Access von unten organisieren: Erfahrungen und Ergebnisse aus dem Projekt GOAL<\/a>\u201d in\u00a0<em>Bibliotheksdienst<\/em>\u00a02024; 58(7\u20138): 416-427.<\/li>\n<\/ul>\n\n\n\n<p><strong>Poster<\/strong><\/p>\n\n\n\n<ul class=\"wp-block-list\">\n<li>Corredera Nilsson, Enrique, Andres, Val\u00e9rie, Trautwein, Clemens, Brunner, Cornelia, \u201c<a href=\"https:\/\/zenodo.org\/records\/13751682\" target=\"_blank\" rel=\"noreferrer noopener\">Green beyond: Das GOAL in kleinen Schritten erreichen<\/a>\u201c<\/li>\n<\/ul>\n\n\n\n<h3 class=\"wp-block-heading\">2023<\/h3>\n\n\n\n<ul class=\"wp-block-list\">\n<li>Corredera Nilsson, Enrique; Andres, Val\u00e9rie, \u201c<a href=\"https:\/\/libreas.eu\/ausgabe44\/corredera-andres\/\" target=\"_blank\" rel=\"noreferrer noopener\">Back to Green. Das Projekt GOAL und das Potenzial von Gr\u00fcn Open Access<\/a>\u201d in LIBREAS \u2013 Library Ideas, 44 (2023), 1 \u2013 11.<\/li>\n\n\n\n<li>Andres, Val\u00e9rie; Corredera Nilsson, Enrique, \u201c<a href=\"https:\/\/av.tib.eu\/media\/66737\" target=\"_blank\" rel=\"noreferrer noopener\">Gemeinsam den Gr\u00fcnen Weg gehen: Werkstattbericht des Projekts GOAL<\/a>,\u201d Videoaufnahme der Pr\u00e4sentation im Rahmen der Open Access Tage, Berlin, 27 \u2013 29 September 2023. DOI:&nbsp;<a href=\"https:\/\/doi.org\/10.5446\/66737\" target=\"_blank\" rel=\"noreferrer noopener\">10.5446\/66737<\/a>&nbsp;<\/li>\n<\/ul>\n\n\n\n<h3 class=\"wp-block-heading\">2022<\/h3>\n\n\n\n<p><strong>Poster<\/strong><\/p>\n\n\n\n<ul class=\"wp-block-list\">\n<li>Trautwein, Clemens;&nbsp;Andres, Val\u00e9rie; Corredera Nilsson, Enrique;&nbsp;\u0160imukovi\u010d, Elena;&nbsp;Rosenkranz, Simone;&nbsp;Dobis, Dietrich;&nbsp;Flieg, Julia;&nbsp;Reymermier, H\u00e9l\u00e8ne,&nbsp;<a href=\"https:\/\/zenodo.org\/record\/7038764#.Yxsl2KHP02w\" target=\"_blank\" rel=\"noreferrer noopener\">Wie das GOAL-Projekt nachhaltige Kollaborationen zwischen Menschen, Maschinen und Strukturen f\u00f6rdert<\/a><\/li>\n<\/ul>\n\n\n\n<p><strong>Berichte<\/strong><\/p>\n\n\n\n<ul class=\"wp-block-list\">\n<li>Trautwein, Clemens;&nbsp;Andres, Val\u00e9rie; Dobis, Dietrich; Flieg, Julia; Moritz, Andrea; Reymermier, H\u00e9l\u00e8ne; Corredera Nilsson, Enrique;&nbsp;Rosenkranz, Simone; \u0160imukovi\u010d, Elena,&nbsp;<a href=\"https:\/\/doi.org\/10.5281\/zenodo.7352312\" target=\"_blank\" rel=\"noreferrer noopener\">GOAL Project \u2013 Report of the publication analysis<\/a><\/li>\n\n\n\n<li>Trautwein, Clemens;&nbsp;Andres, Val\u00e9rie; Dobis, Dietrich; Flieg, Julia; Moritz, Andrea; Reymermier, H\u00e9l\u00e8ne; Corredera Nilsson, Enrique;&nbsp;Rosenkranz, Simone; \u0160imukovi\u010d, Elena,&nbsp;<a href=\"https:\/\/doi.org\/10.5281\/zenodo.7086670\" target=\"_blank\" rel=\"noreferrer noopener\">Bericht der Publikationsanalyse im Projekt GOAL<\/a><\/li>\n\n\n\n<li>Trautwein, Clemens;&nbsp;Andres, Val\u00e9rie; Dobis, Dietrich; Flieg, Julia; Moritz, Andrea; Reymermier, H\u00e9l\u00e8ne; Corredera Nilsson, Enrique;&nbsp;Rosenkranz, Simone; \u0160imukovi\u010d, Elena,&nbsp;<a href=\"https:\/\/zenodo.org\/record\/7121190\">Rapport sur l\u2019analyse des publications dans le cadre du projet GOAL<\/a><\/li>\n<\/ul>\n\n\n\n<p><strong>Dataset<\/strong><\/p>\n\n\n\n<ul class=\"wp-block-list\">\n<li>Trautwein, Clemens;&nbsp;Andres, Val\u00e9rie; Corredera Nilsson, Enrique;&nbsp;Dobis, Dietrich; Flieg, Julia; Moritz, Andrea; Reymermier, H\u00e9l\u00e8ne; Rosenkranz, Simone; \u0160imukovi\u010d, Elena,&nbsp;<a href=\"https:\/\/doi.org\/10.5281\/zenodo.7063862\" target=\"_blank\" rel=\"noreferrer noopener\">Dataset underlying the Report of the Publication Analysis GOAL 2020-2021<\/a><\/li>\n<\/ul>\n\n\n\n<p><\/p>\n","protected":false},"excerpt":{"rendered":"<p>Zeitschriften mit Green Open Access Policy Die GOAL-Datenbank mit den Ergebnissen unserer Verhandlungen ist jetzt online: GOAL :: Home (zhaw.ch). Wenn Sie aktuelle Informationen \u00fcber Zeitschriften, Verlage und Richtlinien suchen, besuchen Sie die Datenbank. Wenn Sie mehr \u00fcber die Datenbank erfahren m\u00f6chten, k\u00f6nnen Sie diesen Beitrag lesen: Die GOAL-Datenbank ist hier &#8211; GOAL (opengoal.ch). Im [&hellip;]<\/p>\n","protected":false},"author":1,"featured_media":128,"parent":23,"menu_order":40,"comment_status":"closed","ping_status":"closed","template":"","meta":{"footnotes":""},"class_list":["post-32","page","type-page","status-publish","has-post-thumbnail","hentry"],"translation":{"provider":"WPGlobus","version":"3.0.2","language":"de","enabled_languages":["gb","de","fr","it"],"languages":{"gb":{"title":true,"content":true,"excerpt":false},"de":{"title":true,"content":true,"excerpt":false},"fr":{"title":true,"content":true,"excerpt":false},"it":{"title":true,"content":true,"excerpt":false}}},"acf":[],"yoast_head":"<!-- This site is optimized with the Yoast SEO plugin v27.5 - https:\/\/yoast.com\/product\/yoast-seo-wordpress\/ -->\n<title>Ergebnisse - GOAL<\/title>\n<meta name=\"robots\" content=\"index, follow, max-snippet:-1, max-image-preview:large, max-video-preview:-1\" \/>\n<link rel=\"canonical\" href=\"https:\/\/opengoal.ch\/project-goal\/results\/\" \/>\n<meta property=\"og:locale\" content=\"de_DE\" \/>\n<meta property=\"og:type\" content=\"article\" \/>\n<meta property=\"og:title\" content=\"Ergebnisse - GOAL\" \/>\n<meta property=\"og:url\" content=\"https:\/\/opengoal.ch\/project-goal\/results\/\" \/>\n<meta property=\"og:site_name\" content=\"GOAL\" \/>\n<meta property=\"article:modified_time\" content=\"2025-02-27T16:02:49+00:00\" \/>\n<meta property=\"og:image\" content=\"https:\/\/opengoal.ch\/wp-content\/uploads\/results-scaled.jpg\" \/>\n\t<meta property=\"og:image:width\" content=\"2560\" \/>\n\t<meta property=\"og:image:height\" content=\"2411\" \/>\n\t<meta property=\"og:image:type\" content=\"image\/jpeg\" \/>\n<meta name=\"twitter:card\" content=\"summary_large_image\" \/>\n<meta name=\"twitter:label1\" content=\"Gesch\u00e4tzte Lesezeit\" \/>\n\t<meta name=\"twitter:data1\" content=\"4\u00a0Minuten\" \/>\n<script type=\"application\/ld+json\" class=\"yoast-schema-graph\">{\"@context\":\"https:\\\/\\\/schema.org\",\"@graph\":[{\"@type\":\"WebPage\",\"@id\":\"https:\\\/\\\/opengoal.ch\\\/project-goal\\\/results\\\/\",\"url\":\"https:\\\/\\\/opengoal.ch\\\/project-goal\\\/results\\\/\",\"name\":\"Ergebnisse - GOAL\",\"isPartOf\":{\"@id\":\"https:\\\/\\\/opengoal.ch\\\/#website\"},\"primaryImageOfPage\":{\"@id\":\"https:\\\/\\\/opengoal.ch\\\/project-goal\\\/results\\\/#primaryimage\"},\"image\":{\"@id\":\"https:\\\/\\\/opengoal.ch\\\/project-goal\\\/results\\\/#primaryimage\"},\"thumbnailUrl\":\"https:\\\/\\\/opengoal.ch\\\/wp-content\\\/uploads\\\/results-scaled.jpg\",\"datePublished\":\"2022-08-11T12:17:11+00:00\",\"dateModified\":\"2025-02-27T16:02:49+00:00\",\"breadcrumb\":{\"@id\":\"https:\\\/\\\/opengoal.ch\\\/project-goal\\\/results\\\/#breadcrumb\"},\"inLanguage\":\"de\",\"potentialAction\":[{\"@type\":\"ReadAction\",\"target\":[\"https:\\\/\\\/opengoal.ch\\\/project-goal\\\/results\\\/\"]}]},{\"@type\":\"ImageObject\",\"inLanguage\":\"de\",\"@id\":\"https:\\\/\\\/opengoal.ch\\\/project-goal\\\/results\\\/#primaryimage\",\"url\":\"https:\\\/\\\/opengoal.ch\\\/wp-content\\\/uploads\\\/results-scaled.jpg\",\"contentUrl\":\"https:\\\/\\\/opengoal.ch\\\/wp-content\\\/uploads\\\/results-scaled.jpg\",\"width\":2560,\"height\":2411,\"caption\":\"Light bulb with drawing graph\"},{\"@type\":\"BreadcrumbList\",\"@id\":\"https:\\\/\\\/opengoal.ch\\\/project-goal\\\/results\\\/#breadcrumb\",\"itemListElement\":[{\"@type\":\"ListItem\",\"position\":1,\"name\":\"Home\",\"item\":\"https:\\\/\\\/opengoal.ch\\\/\"},{\"@type\":\"ListItem\",\"position\":2,\"name\":\"Project GOAL\",\"item\":\"https:\\\/\\\/opengoal.ch\\\/project-goal\\\/\"},{\"@type\":\"ListItem\",\"position\":3,\"name\":\"Results\"}]},{\"@type\":\"WebSite\",\"@id\":\"https:\\\/\\\/opengoal.ch\\\/#website\",\"url\":\"https:\\\/\\\/opengoal.ch\\\/\",\"name\":\"GOAL\",\"description\":\"Unlocking the Green Open Access potentiaL in scholarly and professional journals in Switzerland\",\"potentialAction\":[{\"@type\":\"SearchAction\",\"target\":{\"@type\":\"EntryPoint\",\"urlTemplate\":\"https:\\\/\\\/opengoal.ch\\\/?s={search_term_string}\"},\"query-input\":{\"@type\":\"PropertyValueSpecification\",\"valueRequired\":true,\"valueName\":\"search_term_string\"}}],\"inLanguage\":\"de\"}]}<\/script>\n<!-- \/ Yoast SEO plugin. -->","yoast_head_json":{"title":"Ergebnisse - GOAL","robots":{"index":"index","follow":"follow","max-snippet":"max-snippet:-1","max-image-preview":"max-image-preview:large","max-video-preview":"max-video-preview:-1"},"canonical":"https:\/\/opengoal.ch\/project-goal\/results\/","og_locale":"de_DE","og_type":"article","og_title":"Ergebnisse - GOAL","og_url":"https:\/\/opengoal.ch\/project-goal\/results\/","og_site_name":"GOAL","article_modified_time":"2025-02-27T16:02:49+00:00","og_image":[{"width":2560,"height":2411,"url":"https:\/\/opengoal.ch\/wp-content\/uploads\/results-scaled.jpg","type":"image\/jpeg"}],"twitter_card":"summary_large_image","twitter_misc":{"Gesch\u00e4tzte Lesezeit":"4\u00a0Minuten"},"schema":{"@context":"https:\/\/schema.org","@graph":[{"@type":"WebPage","@id":"https:\/\/opengoal.ch\/project-goal\/results\/","url":"https:\/\/opengoal.ch\/project-goal\/results\/","name":"Ergebnisse - GOAL","isPartOf":{"@id":"https:\/\/opengoal.ch\/#website"},"primaryImageOfPage":{"@id":"https:\/\/opengoal.ch\/project-goal\/results\/#primaryimage"},"image":{"@id":"https:\/\/opengoal.ch\/project-goal\/results\/#primaryimage"},"thumbnailUrl":"https:\/\/opengoal.ch\/wp-content\/uploads\/results-scaled.jpg","datePublished":"2022-08-11T12:17:11+00:00","dateModified":"2025-02-27T16:02:49+00:00","breadcrumb":{"@id":"https:\/\/opengoal.ch\/project-goal\/results\/#breadcrumb"},"inLanguage":"de","potentialAction":[{"@type":"ReadAction","target":["https:\/\/opengoal.ch\/project-goal\/results\/"]}]},{"@type":"ImageObject","inLanguage":"de","@id":"https:\/\/opengoal.ch\/project-goal\/results\/#primaryimage","url":"https:\/\/opengoal.ch\/wp-content\/uploads\/results-scaled.jpg","contentUrl":"https:\/\/opengoal.ch\/wp-content\/uploads\/results-scaled.jpg","width":2560,"height":2411,"caption":"Light bulb with drawing graph"},{"@type":"BreadcrumbList","@id":"https:\/\/opengoal.ch\/project-goal\/results\/#breadcrumb","itemListElement":[{"@type":"ListItem","position":1,"name":"Home","item":"https:\/\/opengoal.ch\/"},{"@type":"ListItem","position":2,"name":"Project GOAL","item":"https:\/\/opengoal.ch\/project-goal\/"},{"@type":"ListItem","position":3,"name":"Results"}]},{"@type":"WebSite","@id":"https:\/\/opengoal.ch\/#website","url":"https:\/\/opengoal.ch\/","name":"GOAL","description":"Unlocking the Green Open Access potentiaL in scholarly and professional journals in Switzerland","potentialAction":[{"@type":"SearchAction","target":{"@type":"EntryPoint","urlTemplate":"https:\/\/opengoal.ch\/?s={search_term_string}"},"query-input":{"@type":"PropertyValueSpecification","valueRequired":true,"valueName":"search_term_string"}}],"inLanguage":"de"}]}},"_links":{"self":[{"href":"https:\/\/opengoal.ch\/de\/wp-json\/wp\/v2\/pages\/32","targetHints":{"allow":["GET"]}}],"collection":[{"href":"https:\/\/opengoal.ch\/de\/wp-json\/wp\/v2\/pages"}],"about":[{"href":"https:\/\/opengoal.ch\/de\/wp-json\/wp\/v2\/types\/page"}],"author":[{"embeddable":true,"href":"https:\/\/opengoal.ch\/de\/wp-json\/wp\/v2\/users\/1"}],"replies":[{"embeddable":true,"href":"https:\/\/opengoal.ch\/de\/wp-json\/wp\/v2\/comments?post=32"}],"version-history":[{"count":149,"href":"https:\/\/opengoal.ch\/de\/wp-json\/wp\/v2\/pages\/32\/revisions"}],"predecessor-version":[{"id":1903,"href":"https:\/\/opengoal.ch\/de\/wp-json\/wp\/v2\/pages\/32\/revisions\/1903"}],"up":[{"embeddable":true,"href":"https:\/\/opengoal.ch\/de\/wp-json\/wp\/v2\/pages\/23"}],"wp:featuredmedia":[{"embeddable":true,"href":"https:\/\/opengoal.ch\/de\/wp-json\/wp\/v2\/media\/128"}],"wp:attachment":[{"href":"https:\/\/opengoal.ch\/de\/wp-json\/wp\/v2\/media?parent=32"}],"curies":[{"name":"wp","href":"https:\/\/api.w.org\/{rel}","templated":true}]}}