{"id":30,"date":"2022-08-11T14:15:33","date_gmt":"2022-08-11T12:15:33","guid":{"rendered":"https:\/\/opengoal.ch\/?page_id=30"},"modified":"2023-02-15T14:07:31","modified_gmt":"2023-02-15T13:07:31","slug":"further-information","status":"publish","type":"page","link":"https:\/\/opengoal.ch\/de\/project-goal\/further-information\/","title":{"rendered":"Weiterf\u00fchrende Information"},"content":{"rendered":"\n<hr class=\"wp-block-separator has-alpha-channel-opacity\"\/>\n\n\n\n<div class=\"wp-block-buttons is-content-justification-center is-layout-flex wp-container-core-buttons-is-layout-16018d1d wp-block-buttons-is-layout-flex\">\n<div class=\"wp-block-button has-custom-font-size\" style=\"font-size:16px\"><a class=\"wp-block-button__link has-background wp-element-button\" href=\"#Ziel-OA\" style=\"border-radius:5px;background-color:#42926a\">Das Ziel von Open Access<\/a><\/div>\n\n\n\n<div class=\"wp-block-button has-custom-font-size\" style=\"font-size:16px\"><a class=\"wp-block-button__link has-background wp-element-button\" href=\"#warum-gruen\" style=\"border-radius:5px;background-color:#42926a\">Warum Gr\u00fcn Open Access?<\/a><\/div>\n\n\n\n<div class=\"wp-block-button has-custom-font-size\" style=\"font-size:16px\"><a class=\"wp-block-button__link has-background wp-element-button\" href=\"#Arten-OA\" style=\"border-radius:5px;background-color:#42926a\">Arten von Open Access<\/a><\/div>\n<\/div>\n\n\n\n<hr class=\"wp-block-separator has-alpha-channel-opacity\"\/>\n\n\n\n<h2 class=\"wp-block-heading\" id=\"Ziel-OA\">Welche ist das Ziel von Open Access?<\/h2>\n\n\n\n<p>Das Ziel von Open Access ist es, einen freien Online-Zugang zu den Ergebnissen und Ver\u00f6ffentlichungen der mit \u00f6ffentlichen Mitteln finanzierten wissenschaftlichen Forschung zu gew\u00e4hrleisten.<\/p>\n\n\n\n<p>Ein freier Online-Zugang bedeutet, dass der Text mit so wenig rechtlichen, technischen und finanziellen Einschr\u00e4nkungen wie m\u00f6glich gelesen, heruntergeladen und weitergegeben werden kann. Es gibt verschiedene Methoden, die als &#8222;Wege&#8220; bezeichnet werden, um im Open Access zu ver\u00f6ffentlichen: die wichtigsten sind der Platin-, der goldene, der gr\u00fcne und der Hybridweg.<\/p>\n\n\n\n<h2 class=\"wp-block-heading\" id=\"Arten-OA\">Arten von Open Access<\/h2>\n\n\n\n<ul class=\"wp-block-list\">\n<li><strong>Platinweg (Platinum Road):<\/strong> Artikel oder B\u00fccher werden sofort vom Verlag oder vom Autor im Open Access ver\u00f6ffentlicht, ohne Publikationsgeb\u00fchren (Article or Book processing charges (APC\/BPC)).<\/li>\n\n\n\n<li><strong>Goldener Weg:<\/strong> Die Artikel werden nach Zahlung einer APC oder BPC durch den Autor sofort im Open Access auf der Website oder der Plattform des Verlags ver\u00f6ffentlicht. Die Ver\u00f6ffentlichungskosten werden nicht mehr vom Leser, sondern vom Forscher-Autor getragen.<\/li>\n\n\n\n<li><strong>Gr\u00fcner Weg:<\/strong> Die Artikel werden ein zweites Mal in einem institutionellen oder disziplin\u00e4ren Archiv ver\u00f6ffentlicht, mit Zustimmung des Verlags und oft nach einer Embargofrist. Es handelt sich um die handschriftliche Version des Artikels, die ver\u00f6ffentlicht wird, entweder bevor sie von einem Redaktions- oder Peer-Review-Ausschuss gepr\u00fcft wird (Preprint) oder nachdem das Manuskript zur Ver\u00f6ffentlichung angenommen wurde (Postprint).<\/li>\n\n\n\n<li><strong>Hybrider Weg:<\/strong> Hybride Zeitschriften sind nach wie vor kostenpflichtig, bieten aber kostenlosen Online-Zugang zu einzelnen Artikeln, wenn die Autoren APCs bezahlt haben. Dieses Modell wird vom SNF nicht verg\u00fctet, da akademische Institutionen oft sowohl ein Abonnement als auch APCs bezahlen m\u00fcssen.<\/li>\n<\/ul>\n\n\n\n<h2 class=\"wp-block-heading\" id=\"warum-gruen\">Warum Gr\u00fcn Open Access?<\/h2>\n\n\n\n<ul class=\"wp-block-list\">\n<li>Breiterer Zugang zu \u00f6ffentlich finanzierten wissenschaftlichen Publikationen<\/li>\n\n\n\n<li>Einbindung der Schweiz in die internationale Open-Access-Bewegung<\/li>\n\n\n\n<li>Erreichen des Hauptziels der nationalen Strategie: 100% Open-Access-Publikation f\u00fcr \u00f6ffentlich finanzierte Forschung bis 2024<\/li>\n\n\n\n<li>Kommerzielle Interessen (Verkauf von Publikationen) und \u00f6ffentliche Interessen (freier Zugang zu Forschungsergebnissen, Allgemeinwissen, Fortschritt) so weit wie m\u00f6glich in Einklang bringen durch eine Embargofrist, nach deren Ablauf Artikel oder E-Books in einem institutionellen Archiv oder auf einer anderen frei zug\u00e4nglichen Plattform ver\u00f6ffentlicht werden k\u00f6nnen.<\/li>\n<\/ul>\n","protected":false},"excerpt":{"rendered":"<p>Welche ist das Ziel von Open Access? Das Ziel von Open Access ist es, einen freien Online-Zugang zu den Ergebnissen und Ver\u00f6ffentlichungen der mit \u00f6ffentlichen Mitteln finanzierten wissenschaftlichen Forschung zu gew\u00e4hrleisten. Ein freier Online-Zugang bedeutet, dass der Text mit so wenig rechtlichen, technischen und finanziellen Einschr\u00e4nkungen wie m\u00f6glich gelesen, heruntergeladen und weitergegeben werden kann. Es [&hellip;]<\/p>\n","protected":false},"author":1,"featured_media":350,"parent":23,"menu_order":30,"comment_status":"closed","ping_status":"closed","template":"","meta":{"footnotes":""},"class_list":["post-30","page","type-page","status-publish","has-post-thumbnail","hentry"],"translation":{"provider":"WPGlobus","version":"3.0.2","language":"de","enabled_languages":["gb","de","fr","it"],"languages":{"gb":{"title":true,"content":true,"excerpt":false},"de":{"title":true,"content":true,"excerpt":false},"fr":{"title":true,"content":true,"excerpt":false},"it":{"title":true,"content":true,"excerpt":false}}},"acf":[],"yoast_head":"<!-- This site is optimized with the Yoast SEO plugin v27.5 - https:\/\/yoast.com\/product\/yoast-seo-wordpress\/ -->\n<title>Weiterf\u00fchrende Information - GOAL<\/title>\n<meta name=\"robots\" content=\"index, follow, max-snippet:-1, max-image-preview:large, max-video-preview:-1\" \/>\n<link rel=\"canonical\" href=\"https:\/\/opengoal.ch\/project-goal\/further-information\/\" \/>\n<meta property=\"og:locale\" content=\"de_DE\" \/>\n<meta property=\"og:type\" content=\"article\" \/>\n<meta property=\"og:title\" content=\"Weiterf\u00fchrende Information - GOAL\" \/>\n<meta property=\"og:url\" content=\"https:\/\/opengoal.ch\/project-goal\/further-information\/\" \/>\n<meta property=\"og:site_name\" content=\"GOAL\" \/>\n<meta property=\"article:modified_time\" content=\"2023-02-15T13:07:31+00:00\" \/>\n<meta property=\"og:image\" content=\"https:\/\/opengoal.ch\/wp-content\/uploads\/Dokument1.png\" \/>\n\t<meta property=\"og:image:width\" content=\"1341\" \/>\n\t<meta property=\"og:image:height\" content=\"945\" \/>\n\t<meta property=\"og:image:type\" content=\"image\/png\" \/>\n<meta name=\"twitter:card\" content=\"summary_large_image\" \/>\n<meta name=\"twitter:label1\" content=\"Gesch\u00e4tzte Lesezeit\" \/>\n\t<meta name=\"twitter:data1\" content=\"2\u00a0Minuten\" \/>\n<script type=\"application\/ld+json\" class=\"yoast-schema-graph\">{\"@context\":\"https:\\\/\\\/schema.org\",\"@graph\":[{\"@type\":\"WebPage\",\"@id\":\"https:\\\/\\\/opengoal.ch\\\/project-goal\\\/further-information\\\/\",\"url\":\"https:\\\/\\\/opengoal.ch\\\/project-goal\\\/further-information\\\/\",\"name\":\"Weiterf\u00fchrende Information - GOAL\",\"isPartOf\":{\"@id\":\"https:\\\/\\\/opengoal.ch\\\/#website\"},\"primaryImageOfPage\":{\"@id\":\"https:\\\/\\\/opengoal.ch\\\/project-goal\\\/further-information\\\/#primaryimage\"},\"image\":{\"@id\":\"https:\\\/\\\/opengoal.ch\\\/project-goal\\\/further-information\\\/#primaryimage\"},\"thumbnailUrl\":\"https:\\\/\\\/opengoal.ch\\\/wp-content\\\/uploads\\\/Dokument1.png\",\"datePublished\":\"2022-08-11T12:15:33+00:00\",\"dateModified\":\"2023-02-15T13:07:31+00:00\",\"breadcrumb\":{\"@id\":\"https:\\\/\\\/opengoal.ch\\\/project-goal\\\/further-information\\\/#breadcrumb\"},\"inLanguage\":\"de\",\"potentialAction\":[{\"@type\":\"ReadAction\",\"target\":[\"https:\\\/\\\/opengoal.ch\\\/project-goal\\\/further-information\\\/\"]}]},{\"@type\":\"ImageObject\",\"inLanguage\":\"de\",\"@id\":\"https:\\\/\\\/opengoal.ch\\\/project-goal\\\/further-information\\\/#primaryimage\",\"url\":\"https:\\\/\\\/opengoal.ch\\\/wp-content\\\/uploads\\\/Dokument1.png\",\"contentUrl\":\"https:\\\/\\\/opengoal.ch\\\/wp-content\\\/uploads\\\/Dokument1.png\",\"width\":1341,\"height\":945},{\"@type\":\"BreadcrumbList\",\"@id\":\"https:\\\/\\\/opengoal.ch\\\/project-goal\\\/further-information\\\/#breadcrumb\",\"itemListElement\":[{\"@type\":\"ListItem\",\"position\":1,\"name\":\"Home\",\"item\":\"https:\\\/\\\/opengoal.ch\\\/\"},{\"@type\":\"ListItem\",\"position\":2,\"name\":\"Project GOAL\",\"item\":\"https:\\\/\\\/opengoal.ch\\\/project-goal\\\/\"},{\"@type\":\"ListItem\",\"position\":3,\"name\":\"Further Information\"}]},{\"@type\":\"WebSite\",\"@id\":\"https:\\\/\\\/opengoal.ch\\\/#website\",\"url\":\"https:\\\/\\\/opengoal.ch\\\/\",\"name\":\"GOAL\",\"description\":\"Unlocking the Green Open Access potentiaL in scholarly and professional journals in Switzerland\",\"potentialAction\":[{\"@type\":\"SearchAction\",\"target\":{\"@type\":\"EntryPoint\",\"urlTemplate\":\"https:\\\/\\\/opengoal.ch\\\/?s={search_term_string}\"},\"query-input\":{\"@type\":\"PropertyValueSpecification\",\"valueRequired\":true,\"valueName\":\"search_term_string\"}}],\"inLanguage\":\"de\"}]}<\/script>\n<!-- \/ Yoast SEO plugin. -->","yoast_head_json":{"title":"Weiterf\u00fchrende Information - GOAL","robots":{"index":"index","follow":"follow","max-snippet":"max-snippet:-1","max-image-preview":"max-image-preview:large","max-video-preview":"max-video-preview:-1"},"canonical":"https:\/\/opengoal.ch\/project-goal\/further-information\/","og_locale":"de_DE","og_type":"article","og_title":"Weiterf\u00fchrende Information - GOAL","og_url":"https:\/\/opengoal.ch\/project-goal\/further-information\/","og_site_name":"GOAL","article_modified_time":"2023-02-15T13:07:31+00:00","og_image":[{"width":1341,"height":945,"url":"https:\/\/opengoal.ch\/wp-content\/uploads\/Dokument1.png","type":"image\/png"}],"twitter_card":"summary_large_image","twitter_misc":{"Gesch\u00e4tzte Lesezeit":"2\u00a0Minuten"},"schema":{"@context":"https:\/\/schema.org","@graph":[{"@type":"WebPage","@id":"https:\/\/opengoal.ch\/project-goal\/further-information\/","url":"https:\/\/opengoal.ch\/project-goal\/further-information\/","name":"Weiterf\u00fchrende Information - GOAL","isPartOf":{"@id":"https:\/\/opengoal.ch\/#website"},"primaryImageOfPage":{"@id":"https:\/\/opengoal.ch\/project-goal\/further-information\/#primaryimage"},"image":{"@id":"https:\/\/opengoal.ch\/project-goal\/further-information\/#primaryimage"},"thumbnailUrl":"https:\/\/opengoal.ch\/wp-content\/uploads\/Dokument1.png","datePublished":"2022-08-11T12:15:33+00:00","dateModified":"2023-02-15T13:07:31+00:00","breadcrumb":{"@id":"https:\/\/opengoal.ch\/project-goal\/further-information\/#breadcrumb"},"inLanguage":"de","potentialAction":[{"@type":"ReadAction","target":["https:\/\/opengoal.ch\/project-goal\/further-information\/"]}]},{"@type":"ImageObject","inLanguage":"de","@id":"https:\/\/opengoal.ch\/project-goal\/further-information\/#primaryimage","url":"https:\/\/opengoal.ch\/wp-content\/uploads\/Dokument1.png","contentUrl":"https:\/\/opengoal.ch\/wp-content\/uploads\/Dokument1.png","width":1341,"height":945},{"@type":"BreadcrumbList","@id":"https:\/\/opengoal.ch\/project-goal\/further-information\/#breadcrumb","itemListElement":[{"@type":"ListItem","position":1,"name":"Home","item":"https:\/\/opengoal.ch\/"},{"@type":"ListItem","position":2,"name":"Project GOAL","item":"https:\/\/opengoal.ch\/project-goal\/"},{"@type":"ListItem","position":3,"name":"Further Information"}]},{"@type":"WebSite","@id":"https:\/\/opengoal.ch\/#website","url":"https:\/\/opengoal.ch\/","name":"GOAL","description":"Unlocking the Green Open Access potentiaL in scholarly and professional journals in Switzerland","potentialAction":[{"@type":"SearchAction","target":{"@type":"EntryPoint","urlTemplate":"https:\/\/opengoal.ch\/?s={search_term_string}"},"query-input":{"@type":"PropertyValueSpecification","valueRequired":true,"valueName":"search_term_string"}}],"inLanguage":"de"}]}},"_links":{"self":[{"href":"https:\/\/opengoal.ch\/de\/wp-json\/wp\/v2\/pages\/30","targetHints":{"allow":["GET"]}}],"collection":[{"href":"https:\/\/opengoal.ch\/de\/wp-json\/wp\/v2\/pages"}],"about":[{"href":"https:\/\/opengoal.ch\/de\/wp-json\/wp\/v2\/types\/page"}],"author":[{"embeddable":true,"href":"https:\/\/opengoal.ch\/de\/wp-json\/wp\/v2\/users\/1"}],"replies":[{"embeddable":true,"href":"https:\/\/opengoal.ch\/de\/wp-json\/wp\/v2\/comments?post=30"}],"version-history":[{"count":31,"href":"https:\/\/opengoal.ch\/de\/wp-json\/wp\/v2\/pages\/30\/revisions"}],"predecessor-version":[{"id":1039,"href":"https:\/\/opengoal.ch\/de\/wp-json\/wp\/v2\/pages\/30\/revisions\/1039"}],"up":[{"embeddable":true,"href":"https:\/\/opengoal.ch\/de\/wp-json\/wp\/v2\/pages\/23"}],"wp:featuredmedia":[{"embeddable":true,"href":"https:\/\/opengoal.ch\/de\/wp-json\/wp\/v2\/media\/350"}],"wp:attachment":[{"href":"https:\/\/opengoal.ch\/de\/wp-json\/wp\/v2\/media?parent=30"}],"curies":[{"name":"wp","href":"https:\/\/api.w.org\/{rel}","templated":true}]}}