{"id":26,"date":"2022-08-11T14:13:29","date_gmt":"2022-08-11T12:13:29","guid":{"rendered":"https:\/\/opengoal.ch\/?page_id=26"},"modified":"2023-02-15T13:35:35","modified_gmt":"2023-02-15T12:35:35","slug":"starting-position-and-objectives","status":"publish","type":"page","link":"https:\/\/opengoal.ch\/de\/project-goal\/starting-position-and-objectives\/","title":{"rendered":"Ausgangslage und Zielsetzung"},"content":{"rendered":"\n<p>Die<a href=\"https:\/\/www.swissuniversities.ch\/fileadmin\/swissuniversities\/Dokumente\/Hochschulpolitik\/Open_Access\/Open_Access_strategy_final_e.pdf\" target=\"_blank\" rel=\"noreferrer noopener\"> nationale Schweizer Open-Access-Strategie<\/a> und der dazugeh\u00f6rige <a href=\"https:\/\/www.swissuniversities.ch\/fileadmin\/swissuniversities\/Dokumente\/Hochschulpolitik\/Open_Science\/PgB_OpenScience_-_Implementation_Phase_A_2021-2024_v6.4.pdf\" target=\"_blank\" rel=\"noreferrer noopener\">Umsetzungsplan<\/a> sollen &#8222;einen Mix von Open-Access-Modellen&#8220; unterst\u00fctzen. Bisherige Initiativen konzentrierten sich jedoch meist auf Gold-OA-Modelle und die Erhebung von Article Processing Charges (APCs). Gleichzeitig stellt der Weg des Green OA eine praktikable und kosteneffiziente L\u00f6sung dar, um die Zug\u00e4nglichkeit von Forschungsergebnissen im Hinblick auf das nationale Ziel von 100 % Open Access zu verbessern. Dies gilt insbesondere f\u00fcr Zeitschriften, die nicht in die laufenden Bem\u00fchungen einbezogen sind, sogenannte transformative Vereinbarungen mit gro\u00dfen Wissenschaftsverlagen zu unterzeichnen. Mit diesem Projekt m\u00f6chten wir diese bisher vernachl\u00e4ssigte M\u00f6glichkeit angehen.<\/p>\n\n\n\n<p>Unser Ziel ist es, systematischere und effizientere Arbeitsabl\u00e4ufe f\u00fcr die Selbstarchivierung von Zeitschriftenartikeln in institutionellen Repositorien zu entwickeln. Genauer gesagt zielt dieses Projekt darauf ab, das ungenutzte Green-OA-Potenzial zu erschlie\u00dfen, indem es die Zusammenarbeit zwischen Fachhochschulen (FHs), P\u00e4dagogischen Hochschulen (PHs) und den Herausgebern wissenschaftlicher und professioneller Zeitschriften erleichtert. Das k\u00fcrzlich abgeschlossene Projekt &#8222;Open Access for Educational and Applied Sciences in Switzerland&#8220; (OA-EASI), das von swissuniversities finanziert wurde, hat gezeigt, dass diese Publikationsorte eine grosse Mehrheit der Publikationen an diesem Hochschultyp in der Schweiz ausmachen. Zu diesem Zweck werden wir uns auf die Ergebnisse des OA-EASI-Projekts st\u00fctzen und dessen Arbeit erweitern, indem wir neuere Daten \u00fcber Publikationseintr\u00e4ge von Partnerinstitutionen einbeziehen.<\/p>\n\n\n\n<p>Aufbauend auf dieser Analyse werden wir eine Reihe von Richtlinien, Verfahren und Arbeitsabl\u00e4ufen f\u00fcr diese Art von Forschungsinstitutionen und die betroffenen Verlage entwickeln, um die Verfahren zur Selbstarchivierung von Green OA zu rationalisieren. Unser Ansatz soll beide Ziele unterst\u00fctzen:<\/p>\n\n\n\n<p>Einf\u00fchrung formaler, standardisierter Green OA-Richtlinien, die f\u00fcr Forscher und Repository-Manager leicht zu interpretieren sind (einschlie\u00dflich der Registrierung dieser neuen Richtlinien in der SHERPA\/RoMEO-Datenbank, wann immer m\u00f6glich)<\/p>\n\n\n\n<p>den Bed\u00fcrfnissen und Gegebenheiten dieser Art von Universit\u00e4ten und praxisorientierten Verlagen gerecht zu werden.<\/p>\n\n\n\n<p>Am Ende des Projekts sollten gute Praktiken f\u00fcr die Umsetzung von Green OA von den betroffenen Institutionen in der Schweiz und dar\u00fcber hinaus weitgehend \u00fcbernommen werden. In diesem Projekt haben sich eine grosse Mehrheit von FHs und PHs sowie eine Kunsthochschule in der Schweiz entweder als Partnerinstitutionen oder als assoziierte Partner zusammengeschlossen. Unser \u00fcbergeordnetes Ziel ist es, die Sichtbarkeit und Zug\u00e4nglichkeit der Publikationen unserer Institutionen zu erh\u00f6hen und diese L\u00fccke in der Open-Access-Landschaft in der Schweiz und dar\u00fcber hinaus zu schlie\u00dfen.<\/p>\n","protected":false},"excerpt":{"rendered":"<p>Die nationale Schweizer Open-Access-Strategie und der dazugeh\u00f6rige Umsetzungsplan sollen &#8222;einen Mix von Open-Access-Modellen&#8220; unterst\u00fctzen. Bisherige Initiativen konzentrierten sich jedoch meist auf Gold-OA-Modelle und die Erhebung von Article Processing Charges (APCs). Gleichzeitig stellt der Weg des Green OA eine praktikable und kosteneffiziente L\u00f6sung dar, um die Zug\u00e4nglichkeit von Forschungsergebnissen im Hinblick auf das nationale Ziel von [&hellip;]<\/p>\n","protected":false},"author":1,"featured_media":126,"parent":23,"menu_order":10,"comment_status":"closed","ping_status":"closed","template":"","meta":{"footnotes":""},"class_list":["post-26","page","type-page","status-publish","has-post-thumbnail","hentry"],"translation":{"provider":"WPGlobus","version":"3.0.2","language":"de","enabled_languages":["gb","de","fr","it"],"languages":{"gb":{"title":true,"content":true,"excerpt":false},"de":{"title":true,"content":true,"excerpt":false},"fr":{"title":true,"content":true,"excerpt":false},"it":{"title":true,"content":true,"excerpt":false}}},"acf":[],"yoast_head":"<!-- This site is optimized with the Yoast SEO plugin v27.5 - https:\/\/yoast.com\/product\/yoast-seo-wordpress\/ -->\n<title>Ausgangslage und Zielsetzung - GOAL<\/title>\n<meta name=\"robots\" content=\"index, follow, max-snippet:-1, max-image-preview:large, max-video-preview:-1\" \/>\n<link rel=\"canonical\" href=\"https:\/\/opengoal.ch\/project-goal\/starting-position-and-objectives\/\" \/>\n<meta property=\"og:locale\" content=\"de_DE\" \/>\n<meta property=\"og:type\" content=\"article\" \/>\n<meta property=\"og:title\" content=\"Ausgangslage und Zielsetzung - GOAL\" \/>\n<meta property=\"og:url\" content=\"https:\/\/opengoal.ch\/project-goal\/starting-position-and-objectives\/\" \/>\n<meta property=\"og:site_name\" content=\"GOAL\" \/>\n<meta property=\"article:modified_time\" content=\"2023-02-15T12:35:35+00:00\" \/>\n<meta property=\"og:image\" content=\"https:\/\/opengoal.ch\/wp-content\/uploads\/magazine-tile-image-scaled.jpg\" \/>\n\t<meta property=\"og:image:width\" content=\"2560\" \/>\n\t<meta property=\"og:image:height\" content=\"1707\" \/>\n\t<meta property=\"og:image:type\" content=\"image\/jpeg\" \/>\n<meta name=\"twitter:card\" content=\"summary_large_image\" \/>\n<meta name=\"twitter:label1\" content=\"Gesch\u00e4tzte Lesezeit\" \/>\n\t<meta name=\"twitter:data1\" content=\"2\u00a0Minuten\" \/>\n<script type=\"application\/ld+json\" class=\"yoast-schema-graph\">{\"@context\":\"https:\\\/\\\/schema.org\",\"@graph\":[{\"@type\":\"WebPage\",\"@id\":\"https:\\\/\\\/opengoal.ch\\\/project-goal\\\/starting-position-and-objectives\\\/\",\"url\":\"https:\\\/\\\/opengoal.ch\\\/project-goal\\\/starting-position-and-objectives\\\/\",\"name\":\"Ausgangslage und Zielsetzung - GOAL\",\"isPartOf\":{\"@id\":\"https:\\\/\\\/opengoal.ch\\\/#website\"},\"primaryImageOfPage\":{\"@id\":\"https:\\\/\\\/opengoal.ch\\\/project-goal\\\/starting-position-and-objectives\\\/#primaryimage\"},\"image\":{\"@id\":\"https:\\\/\\\/opengoal.ch\\\/project-goal\\\/starting-position-and-objectives\\\/#primaryimage\"},\"thumbnailUrl\":\"https:\\\/\\\/opengoal.ch\\\/wp-content\\\/uploads\\\/magazine-tile-image-scaled.jpg\",\"datePublished\":\"2022-08-11T12:13:29+00:00\",\"dateModified\":\"2023-02-15T12:35:35+00:00\",\"breadcrumb\":{\"@id\":\"https:\\\/\\\/opengoal.ch\\\/project-goal\\\/starting-position-and-objectives\\\/#breadcrumb\"},\"inLanguage\":\"de\",\"potentialAction\":[{\"@type\":\"ReadAction\",\"target\":[\"https:\\\/\\\/opengoal.ch\\\/project-goal\\\/starting-position-and-objectives\\\/\"]}]},{\"@type\":\"ImageObject\",\"inLanguage\":\"de\",\"@id\":\"https:\\\/\\\/opengoal.ch\\\/project-goal\\\/starting-position-and-objectives\\\/#primaryimage\",\"url\":\"https:\\\/\\\/opengoal.ch\\\/wp-content\\\/uploads\\\/magazine-tile-image-scaled.jpg\",\"contentUrl\":\"https:\\\/\\\/opengoal.ch\\\/wp-content\\\/uploads\\\/magazine-tile-image-scaled.jpg\",\"width\":2560,\"height\":1707,\"caption\":\"Pile of colorful magazines on a white table\"},{\"@type\":\"BreadcrumbList\",\"@id\":\"https:\\\/\\\/opengoal.ch\\\/project-goal\\\/starting-position-and-objectives\\\/#breadcrumb\",\"itemListElement\":[{\"@type\":\"ListItem\",\"position\":1,\"name\":\"Home\",\"item\":\"https:\\\/\\\/opengoal.ch\\\/\"},{\"@type\":\"ListItem\",\"position\":2,\"name\":\"Project GOAL\",\"item\":\"https:\\\/\\\/opengoal.ch\\\/project-goal\\\/\"},{\"@type\":\"ListItem\",\"position\":3,\"name\":\"Starting Position &#038; Objectives\"}]},{\"@type\":\"WebSite\",\"@id\":\"https:\\\/\\\/opengoal.ch\\\/#website\",\"url\":\"https:\\\/\\\/opengoal.ch\\\/\",\"name\":\"GOAL\",\"description\":\"Unlocking the Green Open Access potentiaL in scholarly and professional journals in Switzerland\",\"potentialAction\":[{\"@type\":\"SearchAction\",\"target\":{\"@type\":\"EntryPoint\",\"urlTemplate\":\"https:\\\/\\\/opengoal.ch\\\/?s={search_term_string}\"},\"query-input\":{\"@type\":\"PropertyValueSpecification\",\"valueRequired\":true,\"valueName\":\"search_term_string\"}}],\"inLanguage\":\"de\"}]}<\/script>\n<!-- \/ Yoast SEO plugin. -->","yoast_head_json":{"title":"Ausgangslage und Zielsetzung - GOAL","robots":{"index":"index","follow":"follow","max-snippet":"max-snippet:-1","max-image-preview":"max-image-preview:large","max-video-preview":"max-video-preview:-1"},"canonical":"https:\/\/opengoal.ch\/project-goal\/starting-position-and-objectives\/","og_locale":"de_DE","og_type":"article","og_title":"Ausgangslage und Zielsetzung - GOAL","og_url":"https:\/\/opengoal.ch\/project-goal\/starting-position-and-objectives\/","og_site_name":"GOAL","article_modified_time":"2023-02-15T12:35:35+00:00","og_image":[{"width":2560,"height":1707,"url":"https:\/\/opengoal.ch\/wp-content\/uploads\/magazine-tile-image-scaled.jpg","type":"image\/jpeg"}],"twitter_card":"summary_large_image","twitter_misc":{"Gesch\u00e4tzte Lesezeit":"2\u00a0Minuten"},"schema":{"@context":"https:\/\/schema.org","@graph":[{"@type":"WebPage","@id":"https:\/\/opengoal.ch\/project-goal\/starting-position-and-objectives\/","url":"https:\/\/opengoal.ch\/project-goal\/starting-position-and-objectives\/","name":"Ausgangslage und Zielsetzung - GOAL","isPartOf":{"@id":"https:\/\/opengoal.ch\/#website"},"primaryImageOfPage":{"@id":"https:\/\/opengoal.ch\/project-goal\/starting-position-and-objectives\/#primaryimage"},"image":{"@id":"https:\/\/opengoal.ch\/project-goal\/starting-position-and-objectives\/#primaryimage"},"thumbnailUrl":"https:\/\/opengoal.ch\/wp-content\/uploads\/magazine-tile-image-scaled.jpg","datePublished":"2022-08-11T12:13:29+00:00","dateModified":"2023-02-15T12:35:35+00:00","breadcrumb":{"@id":"https:\/\/opengoal.ch\/project-goal\/starting-position-and-objectives\/#breadcrumb"},"inLanguage":"de","potentialAction":[{"@type":"ReadAction","target":["https:\/\/opengoal.ch\/project-goal\/starting-position-and-objectives\/"]}]},{"@type":"ImageObject","inLanguage":"de","@id":"https:\/\/opengoal.ch\/project-goal\/starting-position-and-objectives\/#primaryimage","url":"https:\/\/opengoal.ch\/wp-content\/uploads\/magazine-tile-image-scaled.jpg","contentUrl":"https:\/\/opengoal.ch\/wp-content\/uploads\/magazine-tile-image-scaled.jpg","width":2560,"height":1707,"caption":"Pile of colorful magazines on a white table"},{"@type":"BreadcrumbList","@id":"https:\/\/opengoal.ch\/project-goal\/starting-position-and-objectives\/#breadcrumb","itemListElement":[{"@type":"ListItem","position":1,"name":"Home","item":"https:\/\/opengoal.ch\/"},{"@type":"ListItem","position":2,"name":"Project GOAL","item":"https:\/\/opengoal.ch\/project-goal\/"},{"@type":"ListItem","position":3,"name":"Starting Position &#038; Objectives"}]},{"@type":"WebSite","@id":"https:\/\/opengoal.ch\/#website","url":"https:\/\/opengoal.ch\/","name":"GOAL","description":"Unlocking the Green Open Access potentiaL in scholarly and professional journals in Switzerland","potentialAction":[{"@type":"SearchAction","target":{"@type":"EntryPoint","urlTemplate":"https:\/\/opengoal.ch\/?s={search_term_string}"},"query-input":{"@type":"PropertyValueSpecification","valueRequired":true,"valueName":"search_term_string"}}],"inLanguage":"de"}]}},"_links":{"self":[{"href":"https:\/\/opengoal.ch\/de\/wp-json\/wp\/v2\/pages\/26","targetHints":{"allow":["GET"]}}],"collection":[{"href":"https:\/\/opengoal.ch\/de\/wp-json\/wp\/v2\/pages"}],"about":[{"href":"https:\/\/opengoal.ch\/de\/wp-json\/wp\/v2\/types\/page"}],"author":[{"embeddable":true,"href":"https:\/\/opengoal.ch\/de\/wp-json\/wp\/v2\/users\/1"}],"replies":[{"embeddable":true,"href":"https:\/\/opengoal.ch\/de\/wp-json\/wp\/v2\/comments?post=26"}],"version-history":[{"count":15,"href":"https:\/\/opengoal.ch\/de\/wp-json\/wp\/v2\/pages\/26\/revisions"}],"predecessor-version":[{"id":1021,"href":"https:\/\/opengoal.ch\/de\/wp-json\/wp\/v2\/pages\/26\/revisions\/1021"}],"up":[{"embeddable":true,"href":"https:\/\/opengoal.ch\/de\/wp-json\/wp\/v2\/pages\/23"}],"wp:featuredmedia":[{"embeddable":true,"href":"https:\/\/opengoal.ch\/de\/wp-json\/wp\/v2\/media\/126"}],"wp:attachment":[{"href":"https:\/\/opengoal.ch\/de\/wp-json\/wp\/v2\/media?parent=26"}],"curies":[{"name":"wp","href":"https:\/\/api.w.org\/{rel}","templated":true}]}}