{"id":13,"date":"2022-08-11T12:01:08","date_gmt":"2022-08-11T10:01:08","guid":{"rendered":"https:\/\/opengoal.ch\/?page_id=13"},"modified":"2022-12-22T15:56:41","modified_gmt":"2022-12-22T14:56:41","slug":"members","status":"publish","type":"page","link":"https:\/\/opengoal.ch\/de\/team\/members\/","title":{"rendered":"Projektmitglieder"},"content":{"rendered":"\n<p id=\"projektmitglieder\">Die Teammitglieder, welche im GOAL-Projekt zusammenarbeiten, kommen aus verschiedenen Institutionen: ZHAW Z\u00fcrcher Hochschule f\u00fcr Angewandte Wissenschaften, Hochschule Luzern (HSLU), Fachhochschule Nordwestschweiz (FHNW), Z\u00fcrcher Hochschule der K\u00fcnste (ZHdK) und P\u00e4dagogische Hochschule Fribourg (HEP | PH FR).<\/p>\n","protected":false},"excerpt":{"rendered":"<p>Die Teammitglieder, welche im GOAL-Projekt zusammenarbeiten, kommen aus verschiedenen Institutionen: ZHAW Z\u00fcrcher Hochschule f\u00fcr Angewandte Wissenschaften, Hochschule Luzern (HSLU), Fachhochschule Nordwestschweiz (FHNW), Z\u00fcrcher Hochschule der K\u00fcnste (ZHdK) und P\u00e4dagogische Hochschule Fribourg (HEP | PH FR).<\/p>\n","protected":false},"author":1,"featured_media":0,"parent":11,"menu_order":10,"comment_status":"closed","ping_status":"closed","template":"page-templates\/team-member-template.php","meta":{"footnotes":""},"class_list":["post-13","page","type-page","status-publish","hentry"],"translation":{"provider":"WPGlobus","version":"3.0.2","language":"de","enabled_languages":["gb","de","fr","it"],"languages":{"gb":{"title":true,"content":true,"excerpt":false},"de":{"title":true,"content":true,"excerpt":false},"fr":{"title":true,"content":true,"excerpt":false},"it":{"title":true,"content":true,"excerpt":false}}},"acf":[],"yoast_head":"<!-- This site is optimized with the Yoast SEO plugin v27.5 - https:\/\/yoast.com\/product\/yoast-seo-wordpress\/ -->\n<title>Projektmitglieder - GOAL<\/title>\n<meta name=\"robots\" content=\"index, follow, max-snippet:-1, max-image-preview:large, max-video-preview:-1\" \/>\n<link rel=\"canonical\" href=\"https:\/\/opengoal.ch\/team\/members\/\" \/>\n<meta property=\"og:locale\" content=\"de_DE\" \/>\n<meta property=\"og:type\" content=\"article\" \/>\n<meta property=\"og:title\" content=\"Projektmitglieder - GOAL\" \/>\n<meta property=\"og:url\" content=\"https:\/\/opengoal.ch\/team\/members\/\" \/>\n<meta property=\"og:site_name\" content=\"GOAL\" \/>\n<meta property=\"article:modified_time\" content=\"2022-12-22T14:56:41+00:00\" \/>\n<meta name=\"twitter:card\" content=\"summary_large_image\" \/>\n<script type=\"application\/ld+json\" class=\"yoast-schema-graph\">{\"@context\":\"https:\\\/\\\/schema.org\",\"@graph\":[{\"@type\":\"WebPage\",\"@id\":\"https:\\\/\\\/opengoal.ch\\\/team\\\/members\\\/\",\"url\":\"https:\\\/\\\/opengoal.ch\\\/team\\\/members\\\/\",\"name\":\"Projektmitglieder - GOAL\",\"isPartOf\":{\"@id\":\"https:\\\/\\\/opengoal.ch\\\/#website\"},\"datePublished\":\"2022-08-11T10:01:08+00:00\",\"dateModified\":\"2022-12-22T14:56:41+00:00\",\"breadcrumb\":{\"@id\":\"https:\\\/\\\/opengoal.ch\\\/team\\\/members\\\/#breadcrumb\"},\"inLanguage\":\"de\",\"potentialAction\":[{\"@type\":\"ReadAction\",\"target\":[\"https:\\\/\\\/opengoal.ch\\\/team\\\/members\\\/\"]}]},{\"@type\":\"BreadcrumbList\",\"@id\":\"https:\\\/\\\/opengoal.ch\\\/team\\\/members\\\/#breadcrumb\",\"itemListElement\":[{\"@type\":\"ListItem\",\"position\":1,\"name\":\"Home\",\"item\":\"https:\\\/\\\/opengoal.ch\\\/\"},{\"@type\":\"ListItem\",\"position\":2,\"name\":\"Team\",\"item\":\"https:\\\/\\\/opengoal.ch\\\/team\\\/\"},{\"@type\":\"ListItem\",\"position\":3,\"name\":\"Project Members\"}]},{\"@type\":\"WebSite\",\"@id\":\"https:\\\/\\\/opengoal.ch\\\/#website\",\"url\":\"https:\\\/\\\/opengoal.ch\\\/\",\"name\":\"GOAL\",\"description\":\"Unlocking the Green Open Access potentiaL in scholarly and professional journals in Switzerland\",\"potentialAction\":[{\"@type\":\"SearchAction\",\"target\":{\"@type\":\"EntryPoint\",\"urlTemplate\":\"https:\\\/\\\/opengoal.ch\\\/?s={search_term_string}\"},\"query-input\":{\"@type\":\"PropertyValueSpecification\",\"valueRequired\":true,\"valueName\":\"search_term_string\"}}],\"inLanguage\":\"de\"}]}<\/script>\n<!-- \/ Yoast SEO plugin. -->","yoast_head_json":{"title":"Projektmitglieder - GOAL","robots":{"index":"index","follow":"follow","max-snippet":"max-snippet:-1","max-image-preview":"max-image-preview:large","max-video-preview":"max-video-preview:-1"},"canonical":"https:\/\/opengoal.ch\/team\/members\/","og_locale":"de_DE","og_type":"article","og_title":"Projektmitglieder - GOAL","og_url":"https:\/\/opengoal.ch\/team\/members\/","og_site_name":"GOAL","article_modified_time":"2022-12-22T14:56:41+00:00","twitter_card":"summary_large_image","schema":{"@context":"https:\/\/schema.org","@graph":[{"@type":"WebPage","@id":"https:\/\/opengoal.ch\/team\/members\/","url":"https:\/\/opengoal.ch\/team\/members\/","name":"Projektmitglieder - GOAL","isPartOf":{"@id":"https:\/\/opengoal.ch\/#website"},"datePublished":"2022-08-11T10:01:08+00:00","dateModified":"2022-12-22T14:56:41+00:00","breadcrumb":{"@id":"https:\/\/opengoal.ch\/team\/members\/#breadcrumb"},"inLanguage":"de","potentialAction":[{"@type":"ReadAction","target":["https:\/\/opengoal.ch\/team\/members\/"]}]},{"@type":"BreadcrumbList","@id":"https:\/\/opengoal.ch\/team\/members\/#breadcrumb","itemListElement":[{"@type":"ListItem","position":1,"name":"Home","item":"https:\/\/opengoal.ch\/"},{"@type":"ListItem","position":2,"name":"Team","item":"https:\/\/opengoal.ch\/team\/"},{"@type":"ListItem","position":3,"name":"Project Members"}]},{"@type":"WebSite","@id":"https:\/\/opengoal.ch\/#website","url":"https:\/\/opengoal.ch\/","name":"GOAL","description":"Unlocking the Green Open Access potentiaL in scholarly and professional journals in Switzerland","potentialAction":[{"@type":"SearchAction","target":{"@type":"EntryPoint","urlTemplate":"https:\/\/opengoal.ch\/?s={search_term_string}"},"query-input":{"@type":"PropertyValueSpecification","valueRequired":true,"valueName":"search_term_string"}}],"inLanguage":"de"}]}},"_links":{"self":[{"href":"https:\/\/opengoal.ch\/de\/wp-json\/wp\/v2\/pages\/13","targetHints":{"allow":["GET"]}}],"collection":[{"href":"https:\/\/opengoal.ch\/de\/wp-json\/wp\/v2\/pages"}],"about":[{"href":"https:\/\/opengoal.ch\/de\/wp-json\/wp\/v2\/types\/page"}],"author":[{"embeddable":true,"href":"https:\/\/opengoal.ch\/de\/wp-json\/wp\/v2\/users\/1"}],"replies":[{"embeddable":true,"href":"https:\/\/opengoal.ch\/de\/wp-json\/wp\/v2\/comments?post=13"}],"version-history":[{"count":7,"href":"https:\/\/opengoal.ch\/de\/wp-json\/wp\/v2\/pages\/13\/revisions"}],"predecessor-version":[{"id":499,"href":"https:\/\/opengoal.ch\/de\/wp-json\/wp\/v2\/pages\/13\/revisions\/499"}],"up":[{"embeddable":true,"href":"https:\/\/opengoal.ch\/de\/wp-json\/wp\/v2\/pages\/11"}],"wp:attachment":[{"href":"https:\/\/opengoal.ch\/de\/wp-json\/wp\/v2\/media?parent=13"}],"curies":[{"name":"wp","href":"https:\/\/api.w.org\/{rel}","templated":true}]}}